{"id":2761,"date":"2025-05-27T10:37:17","date_gmt":"2025-05-27T10:37:17","guid":{"rendered":"http:\/\/anchorallied.com\/fr\/?post_type=product&#038;p=2761"},"modified":"2026-04-13T05:47:37","modified_gmt":"2026-04-13T05:47:37","slug":"asmaco-pq951k-wood-adhesive","status":"publish","type":"product","link":"https:\/\/anchorallied.com\/fr\/product\/asmaco-pq951k-wood-adhesive\/","title":{"rendered":"ADH\u00c9SIF \u00c0 BOIS ASMACO PQ951K"},"content":{"rendered":"<p>ASMACO PQ951K offre une performance de collage sup\u00e9rieure, ce qui le rend id\u00e9al pour les applications de rev\u00eatement de sol complexes et exigeantes. Sa formulation \u00e0 durcissement par humidit\u00e9 garantit une adh\u00e9rence forte et durable, m\u00eame dans des conditions environnementales variables. Cet adh\u00e9sif polyvalent convient aussi bien aux syst\u00e8mes traditionnels qu\u2019aux planchers chauffants, et adh\u00e8re efficacement \u00e0 de multiples substrats tels que le bois, la c\u00e9ramique et la pierre. Sa forte adh\u00e9rence, sa flexibilit\u00e9 et sa compatibilit\u00e9 avec les surfaces pr\u00e9finies en font une solution professionnelle pour des installations de planchers en bois durables.<\/p>\n","protected":false},"excerpt":{"rendered":"<p>L&#8217;ASMACO PQ951K est une colle polyur\u00e9thane \u00e0 bois haute r\u00e9sistance, durcissant \u00e0 l&#8217;humidit\u00e9, sp\u00e9cialement con\u00e7ue pour le collage solide d&#8217;\u00e9l\u00e9ments en bois pr\u00e9finis tels que les lamparquets, les rouleaux et les planches joint\u00e9es. Elle offre une excellente adh\u00e9rence sur une large gamme de supports, notamment les chapes cimentaires, les chapes anhydrites, les parquets anciens, la c\u00e9ramique et le marbre. Elle est \u00e9galement compatible avec les syst\u00e8mes de chauffage par le sol.<\/p>\n","protected":false},"featured_media":2762,"comment_status":"open","ping_status":"closed","template":"","meta":{"_acf_changed":false},"product_brand":[],"product_cat":[148,165],"product_tag":[],"class_list":{"0":"post-2761","1":"product","2":"type-product","3":"status-publish","4":"has-post-thumbnail","6":"product_cat-adhesifs","7":"product_cat-adhesifs-de-contact","9":"first","10":"instock","11":"shipping-taxable","12":"product-type-simple"},"acf":[],"yoast_head":"<!-- This site is optimized with the Yoast SEO plugin v27.3 - https:\/\/yoast.com\/product\/yoast-seo-wordpress\/ -->\n<title>ADH\u00c9SIF \u00c0 BOIS ASMACO PQ951K - anchoralliedfactory<\/title>\n<meta name=\"robots\" content=\"index, follow, max-snippet:-1, max-image-preview:large, max-video-preview:-1\" \/>\n<link rel=\"canonical\" href=\"https:\/\/anchorallied.com\/fr\/product\/asmaco-pq951k-wood-adhesive\/\" \/>\n<meta property=\"og:locale\" content=\"en_US\" \/>\n<meta property=\"og:type\" content=\"article\" \/>\n<meta property=\"og:title\" content=\"ADH\u00c9SIF \u00c0 BOIS ASMACO PQ951K - anchoralliedfactory\" \/>\n<meta property=\"og:description\" content=\"L&#039;ASMACO PQ951K est une colle polyur\u00e9thane \u00e0 bois haute r\u00e9sistance, durcissant \u00e0 l&#039;humidit\u00e9, sp\u00e9cialement con\u00e7ue pour le collage solide d&#039;\u00e9l\u00e9ments en bois pr\u00e9finis tels que les lamparquets, les rouleaux et les planches joint\u00e9es. Elle offre une excellente adh\u00e9rence sur une large gamme de supports, notamment les chapes cimentaires, les chapes anhydrites, les parquets anciens, la c\u00e9ramique et le marbre. Elle est \u00e9galement compatible avec les syst\u00e8mes de chauffage par le sol.\" \/>\n<meta property=\"og:url\" content=\"https:\/\/anchorallied.com\/fr\/product\/asmaco-pq951k-wood-adhesive\/\" \/>\n<meta property=\"og:site_name\" content=\"anchoralliedfactory\" \/>\n<meta property=\"article:modified_time\" content=\"2026-04-13T05:47:37+00:00\" \/>\n<meta property=\"og:image\" content=\"http:\/\/anchorallied.com\/fr\/wp-content\/uploads\/2025\/05\/Anc__0009_parquet-bucket-15kg.jpg\" \/>\n\t<meta property=\"og:image:width\" content=\"1200\" \/>\n\t<meta property=\"og:image:height\" content=\"1200\" \/>\n\t<meta property=\"og:image:type\" content=\"image\/jpeg\" \/>\n<meta name=\"twitter:card\" content=\"summary_large_image\" \/>\n<meta name=\"twitter:label1\" content=\"Est. reading time\" \/>\n\t<meta name=\"twitter:data1\" content=\"1 minute\" \/>\n<script type=\"application\/ld+json\" class=\"yoast-schema-graph\">{\"@context\":\"https:\\\/\\\/schema.org\",\"@graph\":[{\"@type\":\"WebPage\",\"@id\":\"https:\\\/\\\/anchorallied.com\\\/fr\\\/product\\\/asmaco-pq951k-wood-adhesive\\\/\",\"url\":\"https:\\\/\\\/anchorallied.com\\\/fr\\\/product\\\/asmaco-pq951k-wood-adhesive\\\/\",\"name\":\"ADH\u00c9SIF \u00c0 BOIS ASMACO PQ951K - anchoralliedfactory\",\"isPartOf\":{\"@id\":\"https:\\\/\\\/anchorallied.com\\\/fr\\\/#website\"},\"primaryImageOfPage\":{\"@id\":\"https:\\\/\\\/anchorallied.com\\\/fr\\\/product\\\/asmaco-pq951k-wood-adhesive\\\/#primaryimage\"},\"image\":{\"@id\":\"https:\\\/\\\/anchorallied.com\\\/fr\\\/product\\\/asmaco-pq951k-wood-adhesive\\\/#primaryimage\"},\"thumbnailUrl\":\"https:\\\/\\\/anchorallied.com\\\/fr\\\/wp-content\\\/uploads\\\/2025\\\/05\\\/Anc__0009_parquet-bucket-15kg.jpg\",\"datePublished\":\"2025-05-27T10:37:17+00:00\",\"dateModified\":\"2026-04-13T05:47:37+00:00\",\"breadcrumb\":{\"@id\":\"https:\\\/\\\/anchorallied.com\\\/fr\\\/product\\\/asmaco-pq951k-wood-adhesive\\\/#breadcrumb\"},\"inLanguage\":\"en\",\"potentialAction\":[{\"@type\":\"ReadAction\",\"target\":[\"https:\\\/\\\/anchorallied.com\\\/fr\\\/product\\\/asmaco-pq951k-wood-adhesive\\\/\"]}]},{\"@type\":\"ImageObject\",\"inLanguage\":\"en\",\"@id\":\"https:\\\/\\\/anchorallied.com\\\/fr\\\/product\\\/asmaco-pq951k-wood-adhesive\\\/#primaryimage\",\"url\":\"https:\\\/\\\/anchorallied.com\\\/fr\\\/wp-content\\\/uploads\\\/2025\\\/05\\\/Anc__0009_parquet-bucket-15kg.jpg\",\"contentUrl\":\"https:\\\/\\\/anchorallied.com\\\/fr\\\/wp-content\\\/uploads\\\/2025\\\/05\\\/Anc__0009_parquet-bucket-15kg.jpg\",\"width\":1200,\"height\":1200},{\"@type\":\"BreadcrumbList\",\"@id\":\"https:\\\/\\\/anchorallied.com\\\/fr\\\/product\\\/asmaco-pq951k-wood-adhesive\\\/#breadcrumb\",\"itemListElement\":[{\"@type\":\"ListItem\",\"position\":1,\"name\":\"Home\",\"item\":\"http:\\\/\\\/en.anchorallied.com\\\/fr\\\/\"},{\"@type\":\"ListItem\",\"position\":2,\"name\":\"Shop\",\"item\":\"https:\\\/\\\/en.anchorallied.com\\\/fr\\\/shop\\\/\"},{\"@type\":\"ListItem\",\"position\":3,\"name\":\"ADH\u00c9SIF \u00c0 BOIS ASMACO PQ951K\"}]},{\"@type\":\"WebSite\",\"@id\":\"https:\\\/\\\/anchorallied.com\\\/fr\\\/#website\",\"url\":\"https:\\\/\\\/anchorallied.com\\\/fr\\\/\",\"name\":\"anchoralliedfactory\",\"description\":\"\",\"potentialAction\":[{\"@type\":\"SearchAction\",\"target\":{\"@type\":\"EntryPoint\",\"urlTemplate\":\"https:\\\/\\\/anchorallied.com\\\/fr\\\/?s={search_term_string}\"},\"query-input\":{\"@type\":\"PropertyValueSpecification\",\"valueRequired\":true,\"valueName\":\"search_term_string\"}}],\"inLanguage\":\"en\"}]}<\/script>\n<!-- \/ Yoast SEO plugin. -->","yoast_head_json":{"title":"ADH\u00c9SIF \u00c0 BOIS ASMACO PQ951K - anchoralliedfactory","robots":{"index":"index","follow":"follow","max-snippet":"max-snippet:-1","max-image-preview":"max-image-preview:large","max-video-preview":"max-video-preview:-1"},"canonical":"https:\/\/anchorallied.com\/fr\/product\/asmaco-pq951k-wood-adhesive\/","og_locale":"en_US","og_type":"article","og_title":"ADH\u00c9SIF \u00c0 BOIS ASMACO PQ951K - anchoralliedfactory","og_description":"L'ASMACO PQ951K est une colle polyur\u00e9thane \u00e0 bois haute r\u00e9sistance, durcissant \u00e0 l'humidit\u00e9, sp\u00e9cialement con\u00e7ue pour le collage solide d'\u00e9l\u00e9ments en bois pr\u00e9finis tels que les lamparquets, les rouleaux et les planches joint\u00e9es. Elle offre une excellente adh\u00e9rence sur une large gamme de supports, notamment les chapes cimentaires, les chapes anhydrites, les parquets anciens, la c\u00e9ramique et le marbre. Elle est \u00e9galement compatible avec les syst\u00e8mes de chauffage par le sol.","og_url":"https:\/\/anchorallied.com\/fr\/product\/asmaco-pq951k-wood-adhesive\/","og_site_name":"anchoralliedfactory","article_modified_time":"2026-04-13T05:47:37+00:00","og_image":[{"width":1200,"height":1200,"url":"http:\/\/anchorallied.com\/fr\/wp-content\/uploads\/2025\/05\/Anc__0009_parquet-bucket-15kg.jpg","type":"image\/jpeg"}],"twitter_card":"summary_large_image","twitter_misc":{"Est. reading time":"1 minute"},"schema":{"@context":"https:\/\/schema.org","@graph":[{"@type":"WebPage","@id":"https:\/\/anchorallied.com\/fr\/product\/asmaco-pq951k-wood-adhesive\/","url":"https:\/\/anchorallied.com\/fr\/product\/asmaco-pq951k-wood-adhesive\/","name":"ADH\u00c9SIF \u00c0 BOIS ASMACO PQ951K - anchoralliedfactory","isPartOf":{"@id":"https:\/\/anchorallied.com\/fr\/#website"},"primaryImageOfPage":{"@id":"https:\/\/anchorallied.com\/fr\/product\/asmaco-pq951k-wood-adhesive\/#primaryimage"},"image":{"@id":"https:\/\/anchorallied.com\/fr\/product\/asmaco-pq951k-wood-adhesive\/#primaryimage"},"thumbnailUrl":"https:\/\/anchorallied.com\/fr\/wp-content\/uploads\/2025\/05\/Anc__0009_parquet-bucket-15kg.jpg","datePublished":"2025-05-27T10:37:17+00:00","dateModified":"2026-04-13T05:47:37+00:00","breadcrumb":{"@id":"https:\/\/anchorallied.com\/fr\/product\/asmaco-pq951k-wood-adhesive\/#breadcrumb"},"inLanguage":"en","potentialAction":[{"@type":"ReadAction","target":["https:\/\/anchorallied.com\/fr\/product\/asmaco-pq951k-wood-adhesive\/"]}]},{"@type":"ImageObject","inLanguage":"en","@id":"https:\/\/anchorallied.com\/fr\/product\/asmaco-pq951k-wood-adhesive\/#primaryimage","url":"https:\/\/anchorallied.com\/fr\/wp-content\/uploads\/2025\/05\/Anc__0009_parquet-bucket-15kg.jpg","contentUrl":"https:\/\/anchorallied.com\/fr\/wp-content\/uploads\/2025\/05\/Anc__0009_parquet-bucket-15kg.jpg","width":1200,"height":1200},{"@type":"BreadcrumbList","@id":"https:\/\/anchorallied.com\/fr\/product\/asmaco-pq951k-wood-adhesive\/#breadcrumb","itemListElement":[{"@type":"ListItem","position":1,"name":"Home","item":"http:\/\/en.anchorallied.com\/fr\/"},{"@type":"ListItem","position":2,"name":"Shop","item":"https:\/\/en.anchorallied.com\/fr\/shop\/"},{"@type":"ListItem","position":3,"name":"ADH\u00c9SIF \u00c0 BOIS ASMACO PQ951K"}]},{"@type":"WebSite","@id":"https:\/\/anchorallied.com\/fr\/#website","url":"https:\/\/anchorallied.com\/fr\/","name":"anchoralliedfactory","description":"","potentialAction":[{"@type":"SearchAction","target":{"@type":"EntryPoint","urlTemplate":"https:\/\/anchorallied.com\/fr\/?s={search_term_string}"},"query-input":{"@type":"PropertyValueSpecification","valueRequired":true,"valueName":"search_term_string"}}],"inLanguage":"en"}]}},"_links":{"self":[{"href":"https:\/\/anchorallied.com\/fr\/wp-json\/wp\/v2\/product\/2761","targetHints":{"allow":["GET"]}}],"collection":[{"href":"https:\/\/anchorallied.com\/fr\/wp-json\/wp\/v2\/product"}],"about":[{"href":"https:\/\/anchorallied.com\/fr\/wp-json\/wp\/v2\/types\/product"}],"replies":[{"embeddable":true,"href":"https:\/\/anchorallied.com\/fr\/wp-json\/wp\/v2\/comments?post=2761"}],"wp:featuredmedia":[{"embeddable":true,"href":"https:\/\/anchorallied.com\/fr\/wp-json\/wp\/v2\/media\/2762"}],"wp:attachment":[{"href":"https:\/\/anchorallied.com\/fr\/wp-json\/wp\/v2\/media?parent=2761"}],"wp:term":[{"taxonomy":"product_brand","embeddable":true,"href":"https:\/\/anchorallied.com\/fr\/wp-json\/wp\/v2\/product_brand?post=2761"},{"taxonomy":"product_cat","embeddable":true,"href":"https:\/\/anchorallied.com\/fr\/wp-json\/wp\/v2\/product_cat?post=2761"},{"taxonomy":"product_tag","embeddable":true,"href":"https:\/\/anchorallied.com\/fr\/wp-json\/wp\/v2\/product_tag?post=2761"}],"curies":[{"name":"wp","href":"https:\/\/api.w.org\/{rel}","templated":true}]}}