{"id":2779,"date":"2025-05-27T10:46:25","date_gmt":"2025-05-27T10:46:25","guid":{"rendered":"http:\/\/anchorallied.com\/fr\/?post_type=product&#038;p=2779"},"modified":"2025-07-27T15:43:32","modified_gmt":"2025-07-27T15:43:32","slug":"double-sided-adhesive-tape","status":"publish","type":"product","link":"https:\/\/anchorallied.com\/fr\/product\/double-sided-adhesive-tape\/","title":{"rendered":"RUBAN ADH\u00c9SIF DOUBLE FACE"},"content":{"rendered":"<p>Con\u00e7ues pour une adh\u00e9sion forte et fiable, les rubans adh\u00e9sifs double face ASMACO offrent une excellente tack et une puissance de maintien \u00e9lev\u00e9e sur divers mat\u00e9riaux. L\u2019adh\u00e9sif \u00e0 base de r\u00e9sine caoutchouc garantit des liaisons durables, tandis que le support en tissu facilite la manipulation et le d\u00e9coupage \u00e0 la forme. Ce ruban est adapt\u00e9 \u00e0 des applications telles que le collage g\u00e9n\u00e9ral, le scellement d\u2019enveloppes et de sacs shopping, le montage photo, le raccord papier et film, la fixation de moquettes, le laminage de mousses et tissus, ainsi que le positionnement pr\u00e9cis de tissus en broderie. Le liner en silicone assure une application ais\u00e9e et un retrait propre, faisant de ce produit un choix pratique pour les proc\u00e9d\u00e9s manuels et automatis\u00e9s.<\/p>\n","protected":false},"excerpt":{"rendered":"<p>Les rubans adh\u00e9sifs double face ASMACO sont des solutions de collage polyvalentes, fabriqu\u00e9es \u00e0 partir de supports en non-tiss\u00e9, enduits sur les deux faces d&#8217;un adh\u00e9sif \u00e0 base de r\u00e9sine de caoutchouc haute performance et prot\u00e9g\u00e9s par un film protecteur en silicone double face enduit de PE. Ces rubans sont id\u00e9aux pour un large \u00e9ventail d&#8217;applications industrielles et domestiques.<\/p>\n","protected":false},"featured_media":2780,"comment_status":"open","ping_status":"closed","template":"","meta":{"_acf_changed":false},"product_brand":[],"product_cat":[201,179],"product_tag":[],"class_list":{"0":"post-2779","1":"product","2":"type-product","3":"status-publish","4":"has-post-thumbnail","6":"product_cat-autres-rubans","7":"product_cat-rubans-adhesifs","9":"first","10":"instock","11":"shipping-taxable","12":"product-type-simple"},"acf":[],"yoast_head":"<!-- This site is optimized with the Yoast SEO plugin v27.3 - https:\/\/yoast.com\/product\/yoast-seo-wordpress\/ -->\n<title>RUBAN ADH\u00c9SIF DOUBLE FACE - anchoralliedfactory<\/title>\n<meta name=\"robots\" content=\"index, follow, max-snippet:-1, max-image-preview:large, max-video-preview:-1\" \/>\n<link rel=\"canonical\" href=\"https:\/\/anchorallied.com\/fr\/product\/double-sided-adhesive-tape\/\" \/>\n<meta property=\"og:locale\" content=\"en_US\" \/>\n<meta property=\"og:type\" content=\"article\" \/>\n<meta property=\"og:title\" content=\"RUBAN ADH\u00c9SIF DOUBLE FACE - anchoralliedfactory\" \/>\n<meta property=\"og:description\" content=\"Les rubans adh\u00e9sifs double face ASMACO sont des solutions de collage polyvalentes, fabriqu\u00e9es \u00e0 partir de supports en non-tiss\u00e9, enduits sur les deux faces d&#039;un adh\u00e9sif \u00e0 base de r\u00e9sine de caoutchouc haute performance et prot\u00e9g\u00e9s par un film protecteur en silicone double face enduit de PE. Ces rubans sont id\u00e9aux pour un large \u00e9ventail d&#039;applications industrielles et domestiques.\" \/>\n<meta property=\"og:url\" content=\"https:\/\/anchorallied.com\/fr\/product\/double-sided-adhesive-tape\/\" \/>\n<meta property=\"og:site_name\" content=\"anchoralliedfactory\" \/>\n<meta property=\"article:modified_time\" content=\"2025-07-27T15:43:32+00:00\" \/>\n<meta property=\"og:image\" content=\"https:\/\/anchorallied.com\/fr\/wp-content\/uploads\/2025\/05\/tapes_0006_Double-Side-TAPE.jpg\" \/>\n\t<meta property=\"og:image:width\" content=\"1200\" \/>\n\t<meta property=\"og:image:height\" content=\"1200\" \/>\n\t<meta property=\"og:image:type\" content=\"image\/jpeg\" \/>\n<meta name=\"twitter:card\" content=\"summary_large_image\" \/>\n<meta name=\"twitter:label1\" content=\"Est. reading time\" \/>\n\t<meta name=\"twitter:data1\" content=\"1 minute\" \/>\n<script type=\"application\/ld+json\" class=\"yoast-schema-graph\">{\"@context\":\"https:\\\/\\\/schema.org\",\"@graph\":[{\"@type\":\"WebPage\",\"@id\":\"https:\\\/\\\/anchorallied.com\\\/fr\\\/product\\\/double-sided-adhesive-tape\\\/\",\"url\":\"https:\\\/\\\/anchorallied.com\\\/fr\\\/product\\\/double-sided-adhesive-tape\\\/\",\"name\":\"RUBAN ADH\u00c9SIF DOUBLE FACE - anchoralliedfactory\",\"isPartOf\":{\"@id\":\"https:\\\/\\\/anchorallied.com\\\/fr\\\/#website\"},\"primaryImageOfPage\":{\"@id\":\"https:\\\/\\\/anchorallied.com\\\/fr\\\/product\\\/double-sided-adhesive-tape\\\/#primaryimage\"},\"image\":{\"@id\":\"https:\\\/\\\/anchorallied.com\\\/fr\\\/product\\\/double-sided-adhesive-tape\\\/#primaryimage\"},\"thumbnailUrl\":\"https:\\\/\\\/anchorallied.com\\\/fr\\\/wp-content\\\/uploads\\\/2025\\\/05\\\/tapes_0006_Double-Side-TAPE.jpg\",\"datePublished\":\"2025-05-27T10:46:25+00:00\",\"dateModified\":\"2025-07-27T15:43:32+00:00\",\"breadcrumb\":{\"@id\":\"https:\\\/\\\/anchorallied.com\\\/fr\\\/product\\\/double-sided-adhesive-tape\\\/#breadcrumb\"},\"inLanguage\":\"en\",\"potentialAction\":[{\"@type\":\"ReadAction\",\"target\":[\"https:\\\/\\\/anchorallied.com\\\/fr\\\/product\\\/double-sided-adhesive-tape\\\/\"]}]},{\"@type\":\"ImageObject\",\"inLanguage\":\"en\",\"@id\":\"https:\\\/\\\/anchorallied.com\\\/fr\\\/product\\\/double-sided-adhesive-tape\\\/#primaryimage\",\"url\":\"https:\\\/\\\/anchorallied.com\\\/fr\\\/wp-content\\\/uploads\\\/2025\\\/05\\\/tapes_0006_Double-Side-TAPE.jpg\",\"contentUrl\":\"https:\\\/\\\/anchorallied.com\\\/fr\\\/wp-content\\\/uploads\\\/2025\\\/05\\\/tapes_0006_Double-Side-TAPE.jpg\",\"width\":1200,\"height\":1200},{\"@type\":\"BreadcrumbList\",\"@id\":\"https:\\\/\\\/anchorallied.com\\\/fr\\\/product\\\/double-sided-adhesive-tape\\\/#breadcrumb\",\"itemListElement\":[{\"@type\":\"ListItem\",\"position\":1,\"name\":\"Home\",\"item\":\"http:\\\/\\\/en.anchorallied.com\\\/fr\\\/\"},{\"@type\":\"ListItem\",\"position\":2,\"name\":\"Shop\",\"item\":\"https:\\\/\\\/en.anchorallied.com\\\/fr\\\/shop\\\/\"},{\"@type\":\"ListItem\",\"position\":3,\"name\":\"RUBAN ADH\u00c9SIF DOUBLE FACE\"}]},{\"@type\":\"WebSite\",\"@id\":\"https:\\\/\\\/anchorallied.com\\\/fr\\\/#website\",\"url\":\"https:\\\/\\\/anchorallied.com\\\/fr\\\/\",\"name\":\"anchoralliedfactory\",\"description\":\"\",\"potentialAction\":[{\"@type\":\"SearchAction\",\"target\":{\"@type\":\"EntryPoint\",\"urlTemplate\":\"https:\\\/\\\/anchorallied.com\\\/fr\\\/?s={search_term_string}\"},\"query-input\":{\"@type\":\"PropertyValueSpecification\",\"valueRequired\":true,\"valueName\":\"search_term_string\"}}],\"inLanguage\":\"en\"}]}<\/script>\n<!-- \/ Yoast SEO plugin. -->","yoast_head_json":{"title":"RUBAN ADH\u00c9SIF DOUBLE FACE - anchoralliedfactory","robots":{"index":"index","follow":"follow","max-snippet":"max-snippet:-1","max-image-preview":"max-image-preview:large","max-video-preview":"max-video-preview:-1"},"canonical":"https:\/\/anchorallied.com\/fr\/product\/double-sided-adhesive-tape\/","og_locale":"en_US","og_type":"article","og_title":"RUBAN ADH\u00c9SIF DOUBLE FACE - anchoralliedfactory","og_description":"Les rubans adh\u00e9sifs double face ASMACO sont des solutions de collage polyvalentes, fabriqu\u00e9es \u00e0 partir de supports en non-tiss\u00e9, enduits sur les deux faces d'un adh\u00e9sif \u00e0 base de r\u00e9sine de caoutchouc haute performance et prot\u00e9g\u00e9s par un film protecteur en silicone double face enduit de PE. Ces rubans sont id\u00e9aux pour un large \u00e9ventail d'applications industrielles et domestiques.","og_url":"https:\/\/anchorallied.com\/fr\/product\/double-sided-adhesive-tape\/","og_site_name":"anchoralliedfactory","article_modified_time":"2025-07-27T15:43:32+00:00","og_image":[{"width":1200,"height":1200,"url":"https:\/\/anchorallied.com\/fr\/wp-content\/uploads\/2025\/05\/tapes_0006_Double-Side-TAPE.jpg","type":"image\/jpeg"}],"twitter_card":"summary_large_image","twitter_misc":{"Est. reading time":"1 minute"},"schema":{"@context":"https:\/\/schema.org","@graph":[{"@type":"WebPage","@id":"https:\/\/anchorallied.com\/fr\/product\/double-sided-adhesive-tape\/","url":"https:\/\/anchorallied.com\/fr\/product\/double-sided-adhesive-tape\/","name":"RUBAN ADH\u00c9SIF DOUBLE FACE - anchoralliedfactory","isPartOf":{"@id":"https:\/\/anchorallied.com\/fr\/#website"},"primaryImageOfPage":{"@id":"https:\/\/anchorallied.com\/fr\/product\/double-sided-adhesive-tape\/#primaryimage"},"image":{"@id":"https:\/\/anchorallied.com\/fr\/product\/double-sided-adhesive-tape\/#primaryimage"},"thumbnailUrl":"https:\/\/anchorallied.com\/fr\/wp-content\/uploads\/2025\/05\/tapes_0006_Double-Side-TAPE.jpg","datePublished":"2025-05-27T10:46:25+00:00","dateModified":"2025-07-27T15:43:32+00:00","breadcrumb":{"@id":"https:\/\/anchorallied.com\/fr\/product\/double-sided-adhesive-tape\/#breadcrumb"},"inLanguage":"en","potentialAction":[{"@type":"ReadAction","target":["https:\/\/anchorallied.com\/fr\/product\/double-sided-adhesive-tape\/"]}]},{"@type":"ImageObject","inLanguage":"en","@id":"https:\/\/anchorallied.com\/fr\/product\/double-sided-adhesive-tape\/#primaryimage","url":"https:\/\/anchorallied.com\/fr\/wp-content\/uploads\/2025\/05\/tapes_0006_Double-Side-TAPE.jpg","contentUrl":"https:\/\/anchorallied.com\/fr\/wp-content\/uploads\/2025\/05\/tapes_0006_Double-Side-TAPE.jpg","width":1200,"height":1200},{"@type":"BreadcrumbList","@id":"https:\/\/anchorallied.com\/fr\/product\/double-sided-adhesive-tape\/#breadcrumb","itemListElement":[{"@type":"ListItem","position":1,"name":"Home","item":"http:\/\/en.anchorallied.com\/fr\/"},{"@type":"ListItem","position":2,"name":"Shop","item":"https:\/\/en.anchorallied.com\/fr\/shop\/"},{"@type":"ListItem","position":3,"name":"RUBAN ADH\u00c9SIF DOUBLE FACE"}]},{"@type":"WebSite","@id":"https:\/\/anchorallied.com\/fr\/#website","url":"https:\/\/anchorallied.com\/fr\/","name":"anchoralliedfactory","description":"","potentialAction":[{"@type":"SearchAction","target":{"@type":"EntryPoint","urlTemplate":"https:\/\/anchorallied.com\/fr\/?s={search_term_string}"},"query-input":{"@type":"PropertyValueSpecification","valueRequired":true,"valueName":"search_term_string"}}],"inLanguage":"en"}]}},"_links":{"self":[{"href":"https:\/\/anchorallied.com\/fr\/wp-json\/wp\/v2\/product\/2779","targetHints":{"allow":["GET"]}}],"collection":[{"href":"https:\/\/anchorallied.com\/fr\/wp-json\/wp\/v2\/product"}],"about":[{"href":"https:\/\/anchorallied.com\/fr\/wp-json\/wp\/v2\/types\/product"}],"replies":[{"embeddable":true,"href":"https:\/\/anchorallied.com\/fr\/wp-json\/wp\/v2\/comments?post=2779"}],"wp:featuredmedia":[{"embeddable":true,"href":"https:\/\/anchorallied.com\/fr\/wp-json\/wp\/v2\/media\/2780"}],"wp:attachment":[{"href":"https:\/\/anchorallied.com\/fr\/wp-json\/wp\/v2\/media?parent=2779"}],"wp:term":[{"taxonomy":"product_brand","embeddable":true,"href":"https:\/\/anchorallied.com\/fr\/wp-json\/wp\/v2\/product_brand?post=2779"},{"taxonomy":"product_cat","embeddable":true,"href":"https:\/\/anchorallied.com\/fr\/wp-json\/wp\/v2\/product_cat?post=2779"},{"taxonomy":"product_tag","embeddable":true,"href":"https:\/\/anchorallied.com\/fr\/wp-json\/wp\/v2\/product_tag?post=2779"}],"curies":[{"name":"wp","href":"https:\/\/api.w.org\/{rel}","templated":true}]}}