{"id":2791,"date":"2025-05-27T11:03:29","date_gmt":"2025-05-27T11:03:29","guid":{"rendered":"http:\/\/anchorallied.com\/fr\/?post_type=product&#038;p=2791"},"modified":"2025-07-27T15:43:32","modified_gmt":"2025-07-27T15:43:32","slug":"crepe-paper-masking-tape","status":"publish","type":"product","link":"https:\/\/anchorallied.com\/fr\/product\/crepe-paper-masking-tape\/","title":{"rendered":"RUBAN DE MASQUAGE EN PAPIER CR\u00caPE"},"content":{"rendered":"<p>Ce ruban de masquage offre une excellente conformabilit\u00e9, lui permettant d\u2019adh\u00e9rer parfaitement aux surfaces irr\u00e9guli\u00e8res sans se d\u00e9coller ni se d\u00e9chirer. Son adh\u00e9sif en caoutchouc naturel garantit une forte adh\u00e9rence initiale et une tenue fiable, tout en permettant un retrait propre sans laisser de r\u00e9sidus. R\u00e9sistant aux UV et facile \u00e0 d\u00e9chirer \u00e0 la main, ce ruban convient aussi bien pour un usage int\u00e9rieur qu\u2019ext\u00e9rieur. Id\u00e9al pour le masquage lors de travaux de peinture, l\u2019emballage, le codage couleur, le regroupement, le collage et d\u2019autres t\u00e2ches polyvalentes, il assure pr\u00e9cision et facilit\u00e9 d\u2019utilisation tant pour les professionnels que les bricoleurs.<\/p>\n","protected":false},"excerpt":{"rendered":"<p>Le ruban de masquage en papier cr\u00e9pon ASMACO est un ruban de haute qualit\u00e9 fabriqu\u00e9 en papier cr\u00e9pon r\u00e9sistant aux UV et enduit d&#8217;un adh\u00e9sif en caoutchouc naturel. Con\u00e7u pour un retrait propre et facile, il est id\u00e9al pour de nombreuses applications g\u00e9n\u00e9rales.<\/p>\n","protected":false},"featured_media":2808,"comment_status":"open","ping_status":"closed","template":"","meta":{"_acf_changed":false},"product_brand":[],"product_cat":[179,183],"product_tag":[],"class_list":{"0":"post-2791","1":"product","2":"type-product","3":"status-publish","4":"has-post-thumbnail","6":"product_cat-rubans-adhesifs","7":"product_cat-rubans-de-masquage","9":"first","10":"instock","11":"shipping-taxable","12":"product-type-simple"},"acf":[],"yoast_head":"<!-- This site is optimized with the Yoast SEO plugin v27.3 - https:\/\/yoast.com\/product\/yoast-seo-wordpress\/ -->\n<title>RUBAN DE MASQUAGE EN PAPIER CR\u00caPE - anchoralliedfactory<\/title>\n<meta name=\"robots\" content=\"index, follow, max-snippet:-1, max-image-preview:large, max-video-preview:-1\" \/>\n<link rel=\"canonical\" href=\"https:\/\/anchorallied.com\/fr\/product\/crepe-paper-masking-tape\/\" \/>\n<meta property=\"og:locale\" content=\"en_US\" \/>\n<meta property=\"og:type\" content=\"article\" \/>\n<meta property=\"og:title\" content=\"RUBAN DE MASQUAGE EN PAPIER CR\u00caPE - anchoralliedfactory\" \/>\n<meta property=\"og:description\" content=\"Le ruban de masquage en papier cr\u00e9pon ASMACO est un ruban de haute qualit\u00e9 fabriqu\u00e9 en papier cr\u00e9pon r\u00e9sistant aux UV et enduit d&#039;un adh\u00e9sif en caoutchouc naturel. Con\u00e7u pour un retrait propre et facile, il est id\u00e9al pour de nombreuses applications g\u00e9n\u00e9rales.\" \/>\n<meta property=\"og:url\" content=\"https:\/\/anchorallied.com\/fr\/product\/crepe-paper-masking-tape\/\" \/>\n<meta property=\"og:site_name\" content=\"anchoralliedfactory\" \/>\n<meta property=\"article:modified_time\" content=\"2025-07-27T15:43:32+00:00\" \/>\n<meta property=\"og:image\" content=\"https:\/\/anchorallied.com\/fr\/wp-content\/uploads\/2025\/05\/tapes_0007_CREPE-PAPER-MASKING-TAPE.jpg\" \/>\n\t<meta property=\"og:image:width\" content=\"1200\" \/>\n\t<meta property=\"og:image:height\" content=\"1200\" \/>\n\t<meta property=\"og:image:type\" content=\"image\/jpeg\" \/>\n<meta name=\"twitter:card\" content=\"summary_large_image\" \/>\n<meta name=\"twitter:label1\" content=\"Est. reading time\" \/>\n\t<meta name=\"twitter:data1\" content=\"1 minute\" \/>\n<script type=\"application\/ld+json\" class=\"yoast-schema-graph\">{\"@context\":\"https:\\\/\\\/schema.org\",\"@graph\":[{\"@type\":\"WebPage\",\"@id\":\"https:\\\/\\\/anchorallied.com\\\/fr\\\/product\\\/crepe-paper-masking-tape\\\/\",\"url\":\"https:\\\/\\\/anchorallied.com\\\/fr\\\/product\\\/crepe-paper-masking-tape\\\/\",\"name\":\"RUBAN DE MASQUAGE EN PAPIER CR\u00caPE - anchoralliedfactory\",\"isPartOf\":{\"@id\":\"https:\\\/\\\/anchorallied.com\\\/fr\\\/#website\"},\"primaryImageOfPage\":{\"@id\":\"https:\\\/\\\/anchorallied.com\\\/fr\\\/product\\\/crepe-paper-masking-tape\\\/#primaryimage\"},\"image\":{\"@id\":\"https:\\\/\\\/anchorallied.com\\\/fr\\\/product\\\/crepe-paper-masking-tape\\\/#primaryimage\"},\"thumbnailUrl\":\"https:\\\/\\\/anchorallied.com\\\/fr\\\/wp-content\\\/uploads\\\/2025\\\/05\\\/tapes_0007_CREPE-PAPER-MASKING-TAPE.jpg\",\"datePublished\":\"2025-05-27T11:03:29+00:00\",\"dateModified\":\"2025-07-27T15:43:32+00:00\",\"breadcrumb\":{\"@id\":\"https:\\\/\\\/anchorallied.com\\\/fr\\\/product\\\/crepe-paper-masking-tape\\\/#breadcrumb\"},\"inLanguage\":\"en\",\"potentialAction\":[{\"@type\":\"ReadAction\",\"target\":[\"https:\\\/\\\/anchorallied.com\\\/fr\\\/product\\\/crepe-paper-masking-tape\\\/\"]}]},{\"@type\":\"ImageObject\",\"inLanguage\":\"en\",\"@id\":\"https:\\\/\\\/anchorallied.com\\\/fr\\\/product\\\/crepe-paper-masking-tape\\\/#primaryimage\",\"url\":\"https:\\\/\\\/anchorallied.com\\\/fr\\\/wp-content\\\/uploads\\\/2025\\\/05\\\/tapes_0007_CREPE-PAPER-MASKING-TAPE.jpg\",\"contentUrl\":\"https:\\\/\\\/anchorallied.com\\\/fr\\\/wp-content\\\/uploads\\\/2025\\\/05\\\/tapes_0007_CREPE-PAPER-MASKING-TAPE.jpg\",\"width\":1200,\"height\":1200},{\"@type\":\"BreadcrumbList\",\"@id\":\"https:\\\/\\\/anchorallied.com\\\/fr\\\/product\\\/crepe-paper-masking-tape\\\/#breadcrumb\",\"itemListElement\":[{\"@type\":\"ListItem\",\"position\":1,\"name\":\"Home\",\"item\":\"http:\\\/\\\/en.anchorallied.com\\\/fr\\\/\"},{\"@type\":\"ListItem\",\"position\":2,\"name\":\"Shop\",\"item\":\"https:\\\/\\\/en.anchorallied.com\\\/fr\\\/shop\\\/\"},{\"@type\":\"ListItem\",\"position\":3,\"name\":\"RUBAN DE MASQUAGE EN PAPIER CR\u00caPE\"}]},{\"@type\":\"WebSite\",\"@id\":\"https:\\\/\\\/anchorallied.com\\\/fr\\\/#website\",\"url\":\"https:\\\/\\\/anchorallied.com\\\/fr\\\/\",\"name\":\"anchoralliedfactory\",\"description\":\"\",\"potentialAction\":[{\"@type\":\"SearchAction\",\"target\":{\"@type\":\"EntryPoint\",\"urlTemplate\":\"https:\\\/\\\/anchorallied.com\\\/fr\\\/?s={search_term_string}\"},\"query-input\":{\"@type\":\"PropertyValueSpecification\",\"valueRequired\":true,\"valueName\":\"search_term_string\"}}],\"inLanguage\":\"en\"}]}<\/script>\n<!-- \/ Yoast SEO plugin. -->","yoast_head_json":{"title":"RUBAN DE MASQUAGE EN PAPIER CR\u00caPE - anchoralliedfactory","robots":{"index":"index","follow":"follow","max-snippet":"max-snippet:-1","max-image-preview":"max-image-preview:large","max-video-preview":"max-video-preview:-1"},"canonical":"https:\/\/anchorallied.com\/fr\/product\/crepe-paper-masking-tape\/","og_locale":"en_US","og_type":"article","og_title":"RUBAN DE MASQUAGE EN PAPIER CR\u00caPE - anchoralliedfactory","og_description":"Le ruban de masquage en papier cr\u00e9pon ASMACO est un ruban de haute qualit\u00e9 fabriqu\u00e9 en papier cr\u00e9pon r\u00e9sistant aux UV et enduit d'un adh\u00e9sif en caoutchouc naturel. Con\u00e7u pour un retrait propre et facile, il est id\u00e9al pour de nombreuses applications g\u00e9n\u00e9rales.","og_url":"https:\/\/anchorallied.com\/fr\/product\/crepe-paper-masking-tape\/","og_site_name":"anchoralliedfactory","article_modified_time":"2025-07-27T15:43:32+00:00","og_image":[{"width":1200,"height":1200,"url":"https:\/\/anchorallied.com\/fr\/wp-content\/uploads\/2025\/05\/tapes_0007_CREPE-PAPER-MASKING-TAPE.jpg","type":"image\/jpeg"}],"twitter_card":"summary_large_image","twitter_misc":{"Est. reading time":"1 minute"},"schema":{"@context":"https:\/\/schema.org","@graph":[{"@type":"WebPage","@id":"https:\/\/anchorallied.com\/fr\/product\/crepe-paper-masking-tape\/","url":"https:\/\/anchorallied.com\/fr\/product\/crepe-paper-masking-tape\/","name":"RUBAN DE MASQUAGE EN PAPIER CR\u00caPE - anchoralliedfactory","isPartOf":{"@id":"https:\/\/anchorallied.com\/fr\/#website"},"primaryImageOfPage":{"@id":"https:\/\/anchorallied.com\/fr\/product\/crepe-paper-masking-tape\/#primaryimage"},"image":{"@id":"https:\/\/anchorallied.com\/fr\/product\/crepe-paper-masking-tape\/#primaryimage"},"thumbnailUrl":"https:\/\/anchorallied.com\/fr\/wp-content\/uploads\/2025\/05\/tapes_0007_CREPE-PAPER-MASKING-TAPE.jpg","datePublished":"2025-05-27T11:03:29+00:00","dateModified":"2025-07-27T15:43:32+00:00","breadcrumb":{"@id":"https:\/\/anchorallied.com\/fr\/product\/crepe-paper-masking-tape\/#breadcrumb"},"inLanguage":"en","potentialAction":[{"@type":"ReadAction","target":["https:\/\/anchorallied.com\/fr\/product\/crepe-paper-masking-tape\/"]}]},{"@type":"ImageObject","inLanguage":"en","@id":"https:\/\/anchorallied.com\/fr\/product\/crepe-paper-masking-tape\/#primaryimage","url":"https:\/\/anchorallied.com\/fr\/wp-content\/uploads\/2025\/05\/tapes_0007_CREPE-PAPER-MASKING-TAPE.jpg","contentUrl":"https:\/\/anchorallied.com\/fr\/wp-content\/uploads\/2025\/05\/tapes_0007_CREPE-PAPER-MASKING-TAPE.jpg","width":1200,"height":1200},{"@type":"BreadcrumbList","@id":"https:\/\/anchorallied.com\/fr\/product\/crepe-paper-masking-tape\/#breadcrumb","itemListElement":[{"@type":"ListItem","position":1,"name":"Home","item":"http:\/\/en.anchorallied.com\/fr\/"},{"@type":"ListItem","position":2,"name":"Shop","item":"https:\/\/en.anchorallied.com\/fr\/shop\/"},{"@type":"ListItem","position":3,"name":"RUBAN DE MASQUAGE EN PAPIER CR\u00caPE"}]},{"@type":"WebSite","@id":"https:\/\/anchorallied.com\/fr\/#website","url":"https:\/\/anchorallied.com\/fr\/","name":"anchoralliedfactory","description":"","potentialAction":[{"@type":"SearchAction","target":{"@type":"EntryPoint","urlTemplate":"https:\/\/anchorallied.com\/fr\/?s={search_term_string}"},"query-input":{"@type":"PropertyValueSpecification","valueRequired":true,"valueName":"search_term_string"}}],"inLanguage":"en"}]}},"_links":{"self":[{"href":"https:\/\/anchorallied.com\/fr\/wp-json\/wp\/v2\/product\/2791","targetHints":{"allow":["GET"]}}],"collection":[{"href":"https:\/\/anchorallied.com\/fr\/wp-json\/wp\/v2\/product"}],"about":[{"href":"https:\/\/anchorallied.com\/fr\/wp-json\/wp\/v2\/types\/product"}],"replies":[{"embeddable":true,"href":"https:\/\/anchorallied.com\/fr\/wp-json\/wp\/v2\/comments?post=2791"}],"wp:featuredmedia":[{"embeddable":true,"href":"https:\/\/anchorallied.com\/fr\/wp-json\/wp\/v2\/media\/2808"}],"wp:attachment":[{"href":"https:\/\/anchorallied.com\/fr\/wp-json\/wp\/v2\/media?parent=2791"}],"wp:term":[{"taxonomy":"product_brand","embeddable":true,"href":"https:\/\/anchorallied.com\/fr\/wp-json\/wp\/v2\/product_brand?post=2791"},{"taxonomy":"product_cat","embeddable":true,"href":"https:\/\/anchorallied.com\/fr\/wp-json\/wp\/v2\/product_cat?post=2791"},{"taxonomy":"product_tag","embeddable":true,"href":"https:\/\/anchorallied.com\/fr\/wp-json\/wp\/v2\/product_tag?post=2791"}],"curies":[{"name":"wp","href":"https:\/\/api.w.org\/{rel}","templated":true}]}}