{"id":2860,"date":"2025-05-27T12:47:01","date_gmt":"2025-05-27T12:47:01","guid":{"rendered":"http:\/\/anchorallied.com\/fr\/?post_type=product&#038;p=2860"},"modified":"2025-07-27T15:43:32","modified_gmt":"2025-07-27T15:43:32","slug":"color-masking-tape","status":"publish","type":"product","link":"https:\/\/anchorallied.com\/fr\/product\/color-masking-tape\/","title":{"rendered":"RUBAN DE MASQUAGE COULEUR"},"content":{"rendered":"<p>Papier cr\u00eap\u00e9 enduit d\u2019une adh\u00e9sif en caoutchouc naturel. Ruban r\u00e9sistant aux UV et \u00e0 haute temp\u00e9rature sur de longues dur\u00e9es, sp\u00e9cialement con\u00e7u pour les applications de masquage critiques. Le papier cr\u00eap\u00e9 hautement conformable assure un d\u00e9collement propre apr\u00e8s application. Id\u00e9al pour le masquage lors de cuissons ou autour de plaques de cuisson, ainsi que pour la peinture automobile, la peinture en ext\u00e9rieur, le masquage g\u00e9n\u00e9ral, l\u2019emballage, le marquage, le regroupement, le collage et autres applications polyvalentes.<\/p>\n","protected":false},"excerpt":{"rendered":"<p>Le ruban de masquage en papier cr\u00eap\u00e9 haute temp\u00e9rature ASMACO est une solution adh\u00e9sive durable con\u00e7ue pour les applications de masquage critiques. Enduit d&#8217;un adh\u00e9sif en caoutchouc naturel, il offre une excellente r\u00e9sistance aux UV et aux hautes temp\u00e9ratures, garantissant des performances fiables dans les environnements exigeants.<\/p>\n","protected":false},"featured_media":2862,"comment_status":"open","ping_status":"closed","template":"","meta":{"_acf_changed":false},"product_brand":[],"product_cat":[179,183],"product_tag":[],"class_list":{"0":"post-2860","1":"product","2":"type-product","3":"status-publish","4":"has-post-thumbnail","6":"product_cat-rubans-adhesifs","7":"product_cat-rubans-de-masquage","9":"first","10":"instock","11":"shipping-taxable","12":"product-type-simple"},"acf":[],"yoast_head":"<!-- This site is optimized with the Yoast SEO plugin v27.3 - https:\/\/yoast.com\/product\/yoast-seo-wordpress\/ -->\n<title>RUBAN DE MASQUAGE COULEUR - anchoralliedfactory<\/title>\n<meta name=\"robots\" content=\"index, follow, max-snippet:-1, max-image-preview:large, max-video-preview:-1\" \/>\n<link rel=\"canonical\" href=\"https:\/\/anchorallied.com\/fr\/product\/color-masking-tape\/\" \/>\n<meta property=\"og:locale\" content=\"en_US\" \/>\n<meta property=\"og:type\" content=\"article\" \/>\n<meta property=\"og:title\" content=\"RUBAN DE MASQUAGE COULEUR - anchoralliedfactory\" \/>\n<meta property=\"og:description\" content=\"Le ruban de masquage en papier cr\u00eap\u00e9 haute temp\u00e9rature ASMACO est une solution adh\u00e9sive durable con\u00e7ue pour les applications de masquage critiques. Enduit d&#039;un adh\u00e9sif en caoutchouc naturel, il offre une excellente r\u00e9sistance aux UV et aux hautes temp\u00e9ratures, garantissant des performances fiables dans les environnements exigeants.\" \/>\n<meta property=\"og:url\" content=\"https:\/\/anchorallied.com\/fr\/product\/color-masking-tape\/\" \/>\n<meta property=\"og:site_name\" content=\"anchoralliedfactory\" \/>\n<meta property=\"article:modified_time\" content=\"2025-07-27T15:43:32+00:00\" \/>\n<meta property=\"og:image\" content=\"https:\/\/anchorallied.com\/fr\/wp-content\/uploads\/2025\/05\/tapes_0014_Asmaco-MT-Small-Core-new.jpg\" \/>\n\t<meta property=\"og:image:width\" content=\"1200\" \/>\n\t<meta property=\"og:image:height\" content=\"1200\" \/>\n\t<meta property=\"og:image:type\" content=\"image\/jpeg\" \/>\n<meta name=\"twitter:card\" content=\"summary_large_image\" \/>\n<script type=\"application\/ld+json\" class=\"yoast-schema-graph\">{\"@context\":\"https:\\\/\\\/schema.org\",\"@graph\":[{\"@type\":\"WebPage\",\"@id\":\"https:\\\/\\\/anchorallied.com\\\/fr\\\/product\\\/color-masking-tape\\\/\",\"url\":\"https:\\\/\\\/anchorallied.com\\\/fr\\\/product\\\/color-masking-tape\\\/\",\"name\":\"RUBAN DE MASQUAGE COULEUR - anchoralliedfactory\",\"isPartOf\":{\"@id\":\"https:\\\/\\\/anchorallied.com\\\/fr\\\/#website\"},\"primaryImageOfPage\":{\"@id\":\"https:\\\/\\\/anchorallied.com\\\/fr\\\/product\\\/color-masking-tape\\\/#primaryimage\"},\"image\":{\"@id\":\"https:\\\/\\\/anchorallied.com\\\/fr\\\/product\\\/color-masking-tape\\\/#primaryimage\"},\"thumbnailUrl\":\"https:\\\/\\\/anchorallied.com\\\/fr\\\/wp-content\\\/uploads\\\/2025\\\/05\\\/tapes_0014_Asmaco-MT-Small-Core-new.jpg\",\"datePublished\":\"2025-05-27T12:47:01+00:00\",\"dateModified\":\"2025-07-27T15:43:32+00:00\",\"breadcrumb\":{\"@id\":\"https:\\\/\\\/anchorallied.com\\\/fr\\\/product\\\/color-masking-tape\\\/#breadcrumb\"},\"inLanguage\":\"en\",\"potentialAction\":[{\"@type\":\"ReadAction\",\"target\":[\"https:\\\/\\\/anchorallied.com\\\/fr\\\/product\\\/color-masking-tape\\\/\"]}]},{\"@type\":\"ImageObject\",\"inLanguage\":\"en\",\"@id\":\"https:\\\/\\\/anchorallied.com\\\/fr\\\/product\\\/color-masking-tape\\\/#primaryimage\",\"url\":\"https:\\\/\\\/anchorallied.com\\\/fr\\\/wp-content\\\/uploads\\\/2025\\\/05\\\/tapes_0014_Asmaco-MT-Small-Core-new.jpg\",\"contentUrl\":\"https:\\\/\\\/anchorallied.com\\\/fr\\\/wp-content\\\/uploads\\\/2025\\\/05\\\/tapes_0014_Asmaco-MT-Small-Core-new.jpg\",\"width\":1200,\"height\":1200},{\"@type\":\"BreadcrumbList\",\"@id\":\"https:\\\/\\\/anchorallied.com\\\/fr\\\/product\\\/color-masking-tape\\\/#breadcrumb\",\"itemListElement\":[{\"@type\":\"ListItem\",\"position\":1,\"name\":\"Home\",\"item\":\"http:\\\/\\\/en.anchorallied.com\\\/fr\\\/\"},{\"@type\":\"ListItem\",\"position\":2,\"name\":\"Shop\",\"item\":\"https:\\\/\\\/en.anchorallied.com\\\/fr\\\/shop\\\/\"},{\"@type\":\"ListItem\",\"position\":3,\"name\":\"RUBAN DE MASQUAGE COULEUR\"}]},{\"@type\":\"WebSite\",\"@id\":\"https:\\\/\\\/anchorallied.com\\\/fr\\\/#website\",\"url\":\"https:\\\/\\\/anchorallied.com\\\/fr\\\/\",\"name\":\"anchoralliedfactory\",\"description\":\"\",\"potentialAction\":[{\"@type\":\"SearchAction\",\"target\":{\"@type\":\"EntryPoint\",\"urlTemplate\":\"https:\\\/\\\/anchorallied.com\\\/fr\\\/?s={search_term_string}\"},\"query-input\":{\"@type\":\"PropertyValueSpecification\",\"valueRequired\":true,\"valueName\":\"search_term_string\"}}],\"inLanguage\":\"en\"}]}<\/script>\n<!-- \/ Yoast SEO plugin. -->","yoast_head_json":{"title":"RUBAN DE MASQUAGE COULEUR - anchoralliedfactory","robots":{"index":"index","follow":"follow","max-snippet":"max-snippet:-1","max-image-preview":"max-image-preview:large","max-video-preview":"max-video-preview:-1"},"canonical":"https:\/\/anchorallied.com\/fr\/product\/color-masking-tape\/","og_locale":"en_US","og_type":"article","og_title":"RUBAN DE MASQUAGE COULEUR - anchoralliedfactory","og_description":"Le ruban de masquage en papier cr\u00eap\u00e9 haute temp\u00e9rature ASMACO est une solution adh\u00e9sive durable con\u00e7ue pour les applications de masquage critiques. Enduit d'un adh\u00e9sif en caoutchouc naturel, il offre une excellente r\u00e9sistance aux UV et aux hautes temp\u00e9ratures, garantissant des performances fiables dans les environnements exigeants.","og_url":"https:\/\/anchorallied.com\/fr\/product\/color-masking-tape\/","og_site_name":"anchoralliedfactory","article_modified_time":"2025-07-27T15:43:32+00:00","og_image":[{"width":1200,"height":1200,"url":"https:\/\/anchorallied.com\/fr\/wp-content\/uploads\/2025\/05\/tapes_0014_Asmaco-MT-Small-Core-new.jpg","type":"image\/jpeg"}],"twitter_card":"summary_large_image","schema":{"@context":"https:\/\/schema.org","@graph":[{"@type":"WebPage","@id":"https:\/\/anchorallied.com\/fr\/product\/color-masking-tape\/","url":"https:\/\/anchorallied.com\/fr\/product\/color-masking-tape\/","name":"RUBAN DE MASQUAGE COULEUR - anchoralliedfactory","isPartOf":{"@id":"https:\/\/anchorallied.com\/fr\/#website"},"primaryImageOfPage":{"@id":"https:\/\/anchorallied.com\/fr\/product\/color-masking-tape\/#primaryimage"},"image":{"@id":"https:\/\/anchorallied.com\/fr\/product\/color-masking-tape\/#primaryimage"},"thumbnailUrl":"https:\/\/anchorallied.com\/fr\/wp-content\/uploads\/2025\/05\/tapes_0014_Asmaco-MT-Small-Core-new.jpg","datePublished":"2025-05-27T12:47:01+00:00","dateModified":"2025-07-27T15:43:32+00:00","breadcrumb":{"@id":"https:\/\/anchorallied.com\/fr\/product\/color-masking-tape\/#breadcrumb"},"inLanguage":"en","potentialAction":[{"@type":"ReadAction","target":["https:\/\/anchorallied.com\/fr\/product\/color-masking-tape\/"]}]},{"@type":"ImageObject","inLanguage":"en","@id":"https:\/\/anchorallied.com\/fr\/product\/color-masking-tape\/#primaryimage","url":"https:\/\/anchorallied.com\/fr\/wp-content\/uploads\/2025\/05\/tapes_0014_Asmaco-MT-Small-Core-new.jpg","contentUrl":"https:\/\/anchorallied.com\/fr\/wp-content\/uploads\/2025\/05\/tapes_0014_Asmaco-MT-Small-Core-new.jpg","width":1200,"height":1200},{"@type":"BreadcrumbList","@id":"https:\/\/anchorallied.com\/fr\/product\/color-masking-tape\/#breadcrumb","itemListElement":[{"@type":"ListItem","position":1,"name":"Home","item":"http:\/\/en.anchorallied.com\/fr\/"},{"@type":"ListItem","position":2,"name":"Shop","item":"https:\/\/en.anchorallied.com\/fr\/shop\/"},{"@type":"ListItem","position":3,"name":"RUBAN DE MASQUAGE COULEUR"}]},{"@type":"WebSite","@id":"https:\/\/anchorallied.com\/fr\/#website","url":"https:\/\/anchorallied.com\/fr\/","name":"anchoralliedfactory","description":"","potentialAction":[{"@type":"SearchAction","target":{"@type":"EntryPoint","urlTemplate":"https:\/\/anchorallied.com\/fr\/?s={search_term_string}"},"query-input":{"@type":"PropertyValueSpecification","valueRequired":true,"valueName":"search_term_string"}}],"inLanguage":"en"}]}},"_links":{"self":[{"href":"https:\/\/anchorallied.com\/fr\/wp-json\/wp\/v2\/product\/2860","targetHints":{"allow":["GET"]}}],"collection":[{"href":"https:\/\/anchorallied.com\/fr\/wp-json\/wp\/v2\/product"}],"about":[{"href":"https:\/\/anchorallied.com\/fr\/wp-json\/wp\/v2\/types\/product"}],"replies":[{"embeddable":true,"href":"https:\/\/anchorallied.com\/fr\/wp-json\/wp\/v2\/comments?post=2860"}],"wp:featuredmedia":[{"embeddable":true,"href":"https:\/\/anchorallied.com\/fr\/wp-json\/wp\/v2\/media\/2862"}],"wp:attachment":[{"href":"https:\/\/anchorallied.com\/fr\/wp-json\/wp\/v2\/media?parent=2860"}],"wp:term":[{"taxonomy":"product_brand","embeddable":true,"href":"https:\/\/anchorallied.com\/fr\/wp-json\/wp\/v2\/product_brand?post=2860"},{"taxonomy":"product_cat","embeddable":true,"href":"https:\/\/anchorallied.com\/fr\/wp-json\/wp\/v2\/product_cat?post=2860"},{"taxonomy":"product_tag","embeddable":true,"href":"https:\/\/anchorallied.com\/fr\/wp-json\/wp\/v2\/product_tag?post=2860"}],"curies":[{"name":"wp","href":"https:\/\/api.w.org\/{rel}","templated":true}]}}