{"id":2869,"date":"2025-05-27T13:13:28","date_gmt":"2025-05-27T13:13:28","guid":{"rendered":"http:\/\/anchorallied.com\/fr\/?post_type=product&#038;p=2869"},"modified":"2025-07-27T15:43:32","modified_gmt":"2025-07-27T15:43:32","slug":"fsk-aluminium-tape","status":"publish","type":"product","link":"https:\/\/anchorallied.com\/fr\/product\/fsk-aluminium-tape\/","title":{"rendered":"RUBAN ALUMINIUM FSK"},"content":{"rendered":"<p>Ce ruban FSK est renforc\u00e9 de fibres pour une r\u00e9sistance accrue \u00e0 la d\u00e9chirure et une solidit\u00e9 optimale, garantissant une performance durable dans les applications CVC et d\u2019isolation. Son adh\u00e9sif agressif \u00e0 base de caoutchouc assure un scellement fiable m\u00eame dans des conditions difficiles, et il est intercal\u00e9 avec une doublure protectrice facilitant l\u2019application. Il conserve une excellente adh\u00e9rence sur une large plage de temp\u00e9ratures, de -30 \u00b0C \u00e0 121 \u00b0C, ce qui le rend adapt\u00e9 aux environnements froids comme chauds. Id\u00e9al pour les op\u00e9rations industrielles d\u2019\u00e9tanch\u00e9it\u00e9, de r\u00e9paration et de rebouchage n\u00e9cessitant durabilit\u00e9 et r\u00e9sistance \u00e0 la chaleur.<\/p>\n","protected":false},"excerpt":{"rendered":"<p>Le ruban d&#8217;aluminium renforc\u00e9 de fibres ASMACO est un ruban d&#8217;\u00e9tanch\u00e9it\u00e9 haute r\u00e9sistance con\u00e7u pour les applications exigeantes. Renforc\u00e9 de fibre de verre et enduit d&#8217;un adh\u00e9sif \u00e0 base de caoutchouc sp\u00e9cialement formul\u00e9, ce ruban offre une adh\u00e9rence et une durabilit\u00e9 sup\u00e9rieures, ce qui le rend id\u00e9al pour l&#8217;\u00e9tanch\u00e9it\u00e9 et le rapi\u00e9\u00e7age des panneaux de conduits FSK et des matelas isolants.<\/p>\n","protected":false},"featured_media":3261,"comment_status":"open","ping_status":"closed","template":"","meta":{"_acf_changed":false},"product_brand":[],"product_cat":[179,180],"product_tag":[],"class_list":{"0":"post-2869","1":"product","2":"type-product","3":"status-publish","4":"has-post-thumbnail","6":"product_cat-rubans-adhesifs","7":"product_cat-rubans-en-aluminium","9":"first","10":"instock","11":"shipping-taxable","12":"product-type-simple"},"acf":[],"yoast_head":"<!-- This site is optimized with the Yoast SEO plugin v27.3 - https:\/\/yoast.com\/product\/yoast-seo-wordpress\/ -->\n<title>RUBAN ALUMINIUM FSK - anchoralliedfactory<\/title>\n<meta name=\"robots\" content=\"index, follow, max-snippet:-1, max-image-preview:large, max-video-preview:-1\" \/>\n<link rel=\"canonical\" href=\"https:\/\/anchorallied.com\/fr\/product\/fsk-aluminium-tape\/\" \/>\n<meta property=\"og:locale\" content=\"en_US\" \/>\n<meta property=\"og:type\" content=\"article\" \/>\n<meta property=\"og:title\" content=\"RUBAN ALUMINIUM FSK - anchoralliedfactory\" \/>\n<meta property=\"og:description\" content=\"Le ruban d&#039;aluminium renforc\u00e9 de fibres ASMACO est un ruban d&#039;\u00e9tanch\u00e9it\u00e9 haute r\u00e9sistance con\u00e7u pour les applications exigeantes. Renforc\u00e9 de fibre de verre et enduit d&#039;un adh\u00e9sif \u00e0 base de caoutchouc sp\u00e9cialement formul\u00e9, ce ruban offre une adh\u00e9rence et une durabilit\u00e9 sup\u00e9rieures, ce qui le rend id\u00e9al pour l&#039;\u00e9tanch\u00e9it\u00e9 et le rapi\u00e9\u00e7age des panneaux de conduits FSK et des matelas isolants.\" \/>\n<meta property=\"og:url\" content=\"https:\/\/anchorallied.com\/fr\/product\/fsk-aluminium-tape\/\" \/>\n<meta property=\"og:site_name\" content=\"anchoralliedfactory\" \/>\n<meta property=\"article:modified_time\" content=\"2025-07-27T15:43:32+00:00\" \/>\n<meta property=\"og:image\" content=\"http:\/\/anchorallied.com\/fr\/wp-content\/uploads\/2025\/05\/Anc_0003_Alu_foil-Tape-1.jpg\" \/>\n\t<meta property=\"og:image:width\" content=\"1200\" \/>\n\t<meta property=\"og:image:height\" content=\"1200\" \/>\n\t<meta property=\"og:image:type\" content=\"image\/jpeg\" \/>\n<meta name=\"twitter:card\" content=\"summary_large_image\" \/>\n<meta name=\"twitter:label1\" content=\"Est. reading time\" \/>\n\t<meta name=\"twitter:data1\" content=\"1 minute\" \/>\n<script type=\"application\/ld+json\" class=\"yoast-schema-graph\">{\"@context\":\"https:\\\/\\\/schema.org\",\"@graph\":[{\"@type\":\"WebPage\",\"@id\":\"https:\\\/\\\/anchorallied.com\\\/fr\\\/product\\\/fsk-aluminium-tape\\\/\",\"url\":\"https:\\\/\\\/anchorallied.com\\\/fr\\\/product\\\/fsk-aluminium-tape\\\/\",\"name\":\"RUBAN ALUMINIUM FSK - anchoralliedfactory\",\"isPartOf\":{\"@id\":\"https:\\\/\\\/anchorallied.com\\\/fr\\\/#website\"},\"primaryImageOfPage\":{\"@id\":\"https:\\\/\\\/anchorallied.com\\\/fr\\\/product\\\/fsk-aluminium-tape\\\/#primaryimage\"},\"image\":{\"@id\":\"https:\\\/\\\/anchorallied.com\\\/fr\\\/product\\\/fsk-aluminium-tape\\\/#primaryimage\"},\"thumbnailUrl\":\"https:\\\/\\\/anchorallied.com\\\/fr\\\/wp-content\\\/uploads\\\/2025\\\/05\\\/Anc_0003_Alu_foil-Tape-1.jpg\",\"datePublished\":\"2025-05-27T13:13:28+00:00\",\"dateModified\":\"2025-07-27T15:43:32+00:00\",\"breadcrumb\":{\"@id\":\"https:\\\/\\\/anchorallied.com\\\/fr\\\/product\\\/fsk-aluminium-tape\\\/#breadcrumb\"},\"inLanguage\":\"en\",\"potentialAction\":[{\"@type\":\"ReadAction\",\"target\":[\"https:\\\/\\\/anchorallied.com\\\/fr\\\/product\\\/fsk-aluminium-tape\\\/\"]}]},{\"@type\":\"ImageObject\",\"inLanguage\":\"en\",\"@id\":\"https:\\\/\\\/anchorallied.com\\\/fr\\\/product\\\/fsk-aluminium-tape\\\/#primaryimage\",\"url\":\"https:\\\/\\\/anchorallied.com\\\/fr\\\/wp-content\\\/uploads\\\/2025\\\/05\\\/Anc_0003_Alu_foil-Tape-1.jpg\",\"contentUrl\":\"https:\\\/\\\/anchorallied.com\\\/fr\\\/wp-content\\\/uploads\\\/2025\\\/05\\\/Anc_0003_Alu_foil-Tape-1.jpg\",\"width\":1200,\"height\":1200},{\"@type\":\"BreadcrumbList\",\"@id\":\"https:\\\/\\\/anchorallied.com\\\/fr\\\/product\\\/fsk-aluminium-tape\\\/#breadcrumb\",\"itemListElement\":[{\"@type\":\"ListItem\",\"position\":1,\"name\":\"Home\",\"item\":\"http:\\\/\\\/en.anchorallied.com\\\/fr\\\/\"},{\"@type\":\"ListItem\",\"position\":2,\"name\":\"Shop\",\"item\":\"https:\\\/\\\/en.anchorallied.com\\\/fr\\\/shop\\\/\"},{\"@type\":\"ListItem\",\"position\":3,\"name\":\"RUBAN ALUMINIUM FSK\"}]},{\"@type\":\"WebSite\",\"@id\":\"https:\\\/\\\/anchorallied.com\\\/fr\\\/#website\",\"url\":\"https:\\\/\\\/anchorallied.com\\\/fr\\\/\",\"name\":\"anchoralliedfactory\",\"description\":\"\",\"potentialAction\":[{\"@type\":\"SearchAction\",\"target\":{\"@type\":\"EntryPoint\",\"urlTemplate\":\"https:\\\/\\\/anchorallied.com\\\/fr\\\/?s={search_term_string}\"},\"query-input\":{\"@type\":\"PropertyValueSpecification\",\"valueRequired\":true,\"valueName\":\"search_term_string\"}}],\"inLanguage\":\"en\"}]}<\/script>\n<!-- \/ Yoast SEO plugin. -->","yoast_head_json":{"title":"RUBAN ALUMINIUM FSK - anchoralliedfactory","robots":{"index":"index","follow":"follow","max-snippet":"max-snippet:-1","max-image-preview":"max-image-preview:large","max-video-preview":"max-video-preview:-1"},"canonical":"https:\/\/anchorallied.com\/fr\/product\/fsk-aluminium-tape\/","og_locale":"en_US","og_type":"article","og_title":"RUBAN ALUMINIUM FSK - anchoralliedfactory","og_description":"Le ruban d'aluminium renforc\u00e9 de fibres ASMACO est un ruban d'\u00e9tanch\u00e9it\u00e9 haute r\u00e9sistance con\u00e7u pour les applications exigeantes. Renforc\u00e9 de fibre de verre et enduit d'un adh\u00e9sif \u00e0 base de caoutchouc sp\u00e9cialement formul\u00e9, ce ruban offre une adh\u00e9rence et une durabilit\u00e9 sup\u00e9rieures, ce qui le rend id\u00e9al pour l'\u00e9tanch\u00e9it\u00e9 et le rapi\u00e9\u00e7age des panneaux de conduits FSK et des matelas isolants.","og_url":"https:\/\/anchorallied.com\/fr\/product\/fsk-aluminium-tape\/","og_site_name":"anchoralliedfactory","article_modified_time":"2025-07-27T15:43:32+00:00","og_image":[{"width":1200,"height":1200,"url":"http:\/\/anchorallied.com\/fr\/wp-content\/uploads\/2025\/05\/Anc_0003_Alu_foil-Tape-1.jpg","type":"image\/jpeg"}],"twitter_card":"summary_large_image","twitter_misc":{"Est. reading time":"1 minute"},"schema":{"@context":"https:\/\/schema.org","@graph":[{"@type":"WebPage","@id":"https:\/\/anchorallied.com\/fr\/product\/fsk-aluminium-tape\/","url":"https:\/\/anchorallied.com\/fr\/product\/fsk-aluminium-tape\/","name":"RUBAN ALUMINIUM FSK - anchoralliedfactory","isPartOf":{"@id":"https:\/\/anchorallied.com\/fr\/#website"},"primaryImageOfPage":{"@id":"https:\/\/anchorallied.com\/fr\/product\/fsk-aluminium-tape\/#primaryimage"},"image":{"@id":"https:\/\/anchorallied.com\/fr\/product\/fsk-aluminium-tape\/#primaryimage"},"thumbnailUrl":"https:\/\/anchorallied.com\/fr\/wp-content\/uploads\/2025\/05\/Anc_0003_Alu_foil-Tape-1.jpg","datePublished":"2025-05-27T13:13:28+00:00","dateModified":"2025-07-27T15:43:32+00:00","breadcrumb":{"@id":"https:\/\/anchorallied.com\/fr\/product\/fsk-aluminium-tape\/#breadcrumb"},"inLanguage":"en","potentialAction":[{"@type":"ReadAction","target":["https:\/\/anchorallied.com\/fr\/product\/fsk-aluminium-tape\/"]}]},{"@type":"ImageObject","inLanguage":"en","@id":"https:\/\/anchorallied.com\/fr\/product\/fsk-aluminium-tape\/#primaryimage","url":"https:\/\/anchorallied.com\/fr\/wp-content\/uploads\/2025\/05\/Anc_0003_Alu_foil-Tape-1.jpg","contentUrl":"https:\/\/anchorallied.com\/fr\/wp-content\/uploads\/2025\/05\/Anc_0003_Alu_foil-Tape-1.jpg","width":1200,"height":1200},{"@type":"BreadcrumbList","@id":"https:\/\/anchorallied.com\/fr\/product\/fsk-aluminium-tape\/#breadcrumb","itemListElement":[{"@type":"ListItem","position":1,"name":"Home","item":"http:\/\/en.anchorallied.com\/fr\/"},{"@type":"ListItem","position":2,"name":"Shop","item":"https:\/\/en.anchorallied.com\/fr\/shop\/"},{"@type":"ListItem","position":3,"name":"RUBAN ALUMINIUM FSK"}]},{"@type":"WebSite","@id":"https:\/\/anchorallied.com\/fr\/#website","url":"https:\/\/anchorallied.com\/fr\/","name":"anchoralliedfactory","description":"","potentialAction":[{"@type":"SearchAction","target":{"@type":"EntryPoint","urlTemplate":"https:\/\/anchorallied.com\/fr\/?s={search_term_string}"},"query-input":{"@type":"PropertyValueSpecification","valueRequired":true,"valueName":"search_term_string"}}],"inLanguage":"en"}]}},"_links":{"self":[{"href":"https:\/\/anchorallied.com\/fr\/wp-json\/wp\/v2\/product\/2869","targetHints":{"allow":["GET"]}}],"collection":[{"href":"https:\/\/anchorallied.com\/fr\/wp-json\/wp\/v2\/product"}],"about":[{"href":"https:\/\/anchorallied.com\/fr\/wp-json\/wp\/v2\/types\/product"}],"replies":[{"embeddable":true,"href":"https:\/\/anchorallied.com\/fr\/wp-json\/wp\/v2\/comments?post=2869"}],"wp:featuredmedia":[{"embeddable":true,"href":"https:\/\/anchorallied.com\/fr\/wp-json\/wp\/v2\/media\/3261"}],"wp:attachment":[{"href":"https:\/\/anchorallied.com\/fr\/wp-json\/wp\/v2\/media?parent=2869"}],"wp:term":[{"taxonomy":"product_brand","embeddable":true,"href":"https:\/\/anchorallied.com\/fr\/wp-json\/wp\/v2\/product_brand?post=2869"},{"taxonomy":"product_cat","embeddable":true,"href":"https:\/\/anchorallied.com\/fr\/wp-json\/wp\/v2\/product_cat?post=2869"},{"taxonomy":"product_tag","embeddable":true,"href":"https:\/\/anchorallied.com\/fr\/wp-json\/wp\/v2\/product_tag?post=2869"}],"curies":[{"name":"wp","href":"https:\/\/api.w.org\/{rel}","templated":true}]}}