{"id":2980,"date":"2025-05-28T05:05:39","date_gmt":"2025-05-28T05:05:39","guid":{"rendered":"http:\/\/anchorallied.com\/fr\/?post_type=product&#038;p=2980"},"modified":"2025-07-27T15:43:32","modified_gmt":"2025-07-27T15:43:32","slug":"alu-glass-tape","status":"publish","type":"product","link":"https:\/\/anchorallied.com\/fr\/product\/alu-glass-tape\/","title":{"rendered":"RUBAN ALUMINIUM ET VERRE"},"content":{"rendered":"<p>Ce ruban offre une stabilit\u00e9 thermique exceptionnelle, une r\u00e9sistance au feu et une durabilit\u00e9 m\u00eame sous des temp\u00e9ratures extr\u00eames. Sa surface r\u00e9fl\u00e9chissante assure une excellente d\u00e9viation de la chaleur et de la lumi\u00e8re, am\u00e9liorant ainsi l\u2019efficacit\u00e9 \u00e9nerg\u00e9tique et la s\u00e9curit\u00e9. Gr\u00e2ce \u00e0 son faible taux de transmission de vapeur d\u2019eau, il constitue une barri\u00e8re vapeur efficace, garantissant une performance d\u2019\u00e9tanch\u00e9it\u00e9 durable dans les syst\u00e8mes CVC et l\u2019isolation industrielle. Le support en toile de verre renforc\u00e9e apporte solidit\u00e9 et flexibilit\u00e9, le rendant id\u00e9al pour les applications de jonction et d\u2019\u00e9tanch\u00e9it\u00e9 n\u00e9cessitant \u00e0 la fois r\u00e9sistance et souplesse. Facile \u00e0 appliquer et fiable en conditions difficiles, c\u2019est la solution privil\u00e9gi\u00e9e des professionnels de l\u2019isolation.<\/p>\n","protected":false},"excerpt":{"rendered":"<p>Le ruban d&#8217;\u00e9tanch\u00e9it\u00e9 ASMACO Alu Glass Tape est un ruban d&#8217;\u00e9tanch\u00e9it\u00e9 haut de gamme dot\u00e9 d&#8217;un support en tissu de verre de 10 x 10 mesh et d&#8217;un adh\u00e9sif acrylique haute performance, ignifuge et sans solvant. Prot\u00e9g\u00e9 par un film protecteur en silicone, il est con\u00e7u pour les applications d&#8217;isolation exigeantes, notamment l&#8217;\u00e9tanch\u00e9it\u00e9 des matelas en fibre de verre lamin\u00e9s \u00e0 l&#8217;aluminium et \u00e0 la fibre de verre, les joints de panneaux de conduits et les joints d&#8217;isolation de tuyaux industriels.<\/p>\n","protected":false},"featured_media":3082,"comment_status":"open","ping_status":"closed","template":"","meta":{"_acf_changed":false},"product_brand":[],"product_cat":[179,180],"product_tag":[],"class_list":{"0":"post-2980","1":"product","2":"type-product","3":"status-publish","4":"has-post-thumbnail","6":"product_cat-rubans-adhesifs","7":"product_cat-rubans-en-aluminium","9":"first","10":"instock","11":"shipping-taxable","12":"product-type-simple"},"acf":[],"yoast_head":"<!-- This site is optimized with the Yoast SEO plugin v27.3 - https:\/\/yoast.com\/product\/yoast-seo-wordpress\/ -->\n<title>RUBAN ALUMINIUM ET VERRE - anchoralliedfactory<\/title>\n<meta name=\"robots\" content=\"index, follow, max-snippet:-1, max-image-preview:large, max-video-preview:-1\" \/>\n<link rel=\"canonical\" href=\"https:\/\/anchorallied.com\/fr\/product\/alu-glass-tape\/\" \/>\n<meta property=\"og:locale\" content=\"en_US\" \/>\n<meta property=\"og:type\" content=\"article\" \/>\n<meta property=\"og:title\" content=\"RUBAN ALUMINIUM ET VERRE - anchoralliedfactory\" \/>\n<meta property=\"og:description\" content=\"Le ruban d&#039;\u00e9tanch\u00e9it\u00e9 ASMACO Alu Glass Tape est un ruban d&#039;\u00e9tanch\u00e9it\u00e9 haut de gamme dot\u00e9 d&#039;un support en tissu de verre de 10 x 10 mesh et d&#039;un adh\u00e9sif acrylique haute performance, ignifuge et sans solvant. Prot\u00e9g\u00e9 par un film protecteur en silicone, il est con\u00e7u pour les applications d&#039;isolation exigeantes, notamment l&#039;\u00e9tanch\u00e9it\u00e9 des matelas en fibre de verre lamin\u00e9s \u00e0 l&#039;aluminium et \u00e0 la fibre de verre, les joints de panneaux de conduits et les joints d&#039;isolation de tuyaux industriels.\" \/>\n<meta property=\"og:url\" content=\"https:\/\/anchorallied.com\/fr\/product\/alu-glass-tape\/\" \/>\n<meta property=\"og:site_name\" content=\"anchoralliedfactory\" \/>\n<meta property=\"article:modified_time\" content=\"2025-07-27T15:43:32+00:00\" \/>\n<meta property=\"og:image\" content=\"https:\/\/anchorallied.com\/fr\/wp-content\/uploads\/2025\/05\/Anc_0002_Alu-Glass_tape.jpg\" \/>\n\t<meta property=\"og:image:width\" content=\"1200\" \/>\n\t<meta property=\"og:image:height\" content=\"1200\" \/>\n\t<meta property=\"og:image:type\" content=\"image\/jpeg\" \/>\n<meta name=\"twitter:card\" content=\"summary_large_image\" \/>\n<meta name=\"twitter:label1\" content=\"Est. reading time\" \/>\n\t<meta name=\"twitter:data1\" content=\"1 minute\" \/>\n<script type=\"application\/ld+json\" class=\"yoast-schema-graph\">{\"@context\":\"https:\\\/\\\/schema.org\",\"@graph\":[{\"@type\":\"WebPage\",\"@id\":\"https:\\\/\\\/anchorallied.com\\\/fr\\\/product\\\/alu-glass-tape\\\/\",\"url\":\"https:\\\/\\\/anchorallied.com\\\/fr\\\/product\\\/alu-glass-tape\\\/\",\"name\":\"RUBAN ALUMINIUM ET VERRE - anchoralliedfactory\",\"isPartOf\":{\"@id\":\"https:\\\/\\\/anchorallied.com\\\/fr\\\/#website\"},\"primaryImageOfPage\":{\"@id\":\"https:\\\/\\\/anchorallied.com\\\/fr\\\/product\\\/alu-glass-tape\\\/#primaryimage\"},\"image\":{\"@id\":\"https:\\\/\\\/anchorallied.com\\\/fr\\\/product\\\/alu-glass-tape\\\/#primaryimage\"},\"thumbnailUrl\":\"https:\\\/\\\/anchorallied.com\\\/fr\\\/wp-content\\\/uploads\\\/2025\\\/05\\\/Anc_0002_Alu-Glass_tape.jpg\",\"datePublished\":\"2025-05-28T05:05:39+00:00\",\"dateModified\":\"2025-07-27T15:43:32+00:00\",\"breadcrumb\":{\"@id\":\"https:\\\/\\\/anchorallied.com\\\/fr\\\/product\\\/alu-glass-tape\\\/#breadcrumb\"},\"inLanguage\":\"en\",\"potentialAction\":[{\"@type\":\"ReadAction\",\"target\":[\"https:\\\/\\\/anchorallied.com\\\/fr\\\/product\\\/alu-glass-tape\\\/\"]}]},{\"@type\":\"ImageObject\",\"inLanguage\":\"en\",\"@id\":\"https:\\\/\\\/anchorallied.com\\\/fr\\\/product\\\/alu-glass-tape\\\/#primaryimage\",\"url\":\"https:\\\/\\\/anchorallied.com\\\/fr\\\/wp-content\\\/uploads\\\/2025\\\/05\\\/Anc_0002_Alu-Glass_tape.jpg\",\"contentUrl\":\"https:\\\/\\\/anchorallied.com\\\/fr\\\/wp-content\\\/uploads\\\/2025\\\/05\\\/Anc_0002_Alu-Glass_tape.jpg\",\"width\":1200,\"height\":1200},{\"@type\":\"BreadcrumbList\",\"@id\":\"https:\\\/\\\/anchorallied.com\\\/fr\\\/product\\\/alu-glass-tape\\\/#breadcrumb\",\"itemListElement\":[{\"@type\":\"ListItem\",\"position\":1,\"name\":\"Home\",\"item\":\"http:\\\/\\\/en.anchorallied.com\\\/fr\\\/\"},{\"@type\":\"ListItem\",\"position\":2,\"name\":\"Shop\",\"item\":\"https:\\\/\\\/en.anchorallied.com\\\/fr\\\/shop\\\/\"},{\"@type\":\"ListItem\",\"position\":3,\"name\":\"RUBAN ALUMINIUM ET VERRE\"}]},{\"@type\":\"WebSite\",\"@id\":\"https:\\\/\\\/anchorallied.com\\\/fr\\\/#website\",\"url\":\"https:\\\/\\\/anchorallied.com\\\/fr\\\/\",\"name\":\"anchoralliedfactory\",\"description\":\"\",\"potentialAction\":[{\"@type\":\"SearchAction\",\"target\":{\"@type\":\"EntryPoint\",\"urlTemplate\":\"https:\\\/\\\/anchorallied.com\\\/fr\\\/?s={search_term_string}\"},\"query-input\":{\"@type\":\"PropertyValueSpecification\",\"valueRequired\":true,\"valueName\":\"search_term_string\"}}],\"inLanguage\":\"en\"}]}<\/script>\n<!-- \/ Yoast SEO plugin. -->","yoast_head_json":{"title":"RUBAN ALUMINIUM ET VERRE - anchoralliedfactory","robots":{"index":"index","follow":"follow","max-snippet":"max-snippet:-1","max-image-preview":"max-image-preview:large","max-video-preview":"max-video-preview:-1"},"canonical":"https:\/\/anchorallied.com\/fr\/product\/alu-glass-tape\/","og_locale":"en_US","og_type":"article","og_title":"RUBAN ALUMINIUM ET VERRE - anchoralliedfactory","og_description":"Le ruban d'\u00e9tanch\u00e9it\u00e9 ASMACO Alu Glass Tape est un ruban d'\u00e9tanch\u00e9it\u00e9 haut de gamme dot\u00e9 d'un support en tissu de verre de 10 x 10 mesh et d'un adh\u00e9sif acrylique haute performance, ignifuge et sans solvant. Prot\u00e9g\u00e9 par un film protecteur en silicone, il est con\u00e7u pour les applications d'isolation exigeantes, notamment l'\u00e9tanch\u00e9it\u00e9 des matelas en fibre de verre lamin\u00e9s \u00e0 l'aluminium et \u00e0 la fibre de verre, les joints de panneaux de conduits et les joints d'isolation de tuyaux industriels.","og_url":"https:\/\/anchorallied.com\/fr\/product\/alu-glass-tape\/","og_site_name":"anchoralliedfactory","article_modified_time":"2025-07-27T15:43:32+00:00","og_image":[{"width":1200,"height":1200,"url":"https:\/\/anchorallied.com\/fr\/wp-content\/uploads\/2025\/05\/Anc_0002_Alu-Glass_tape.jpg","type":"image\/jpeg"}],"twitter_card":"summary_large_image","twitter_misc":{"Est. reading time":"1 minute"},"schema":{"@context":"https:\/\/schema.org","@graph":[{"@type":"WebPage","@id":"https:\/\/anchorallied.com\/fr\/product\/alu-glass-tape\/","url":"https:\/\/anchorallied.com\/fr\/product\/alu-glass-tape\/","name":"RUBAN ALUMINIUM ET VERRE - anchoralliedfactory","isPartOf":{"@id":"https:\/\/anchorallied.com\/fr\/#website"},"primaryImageOfPage":{"@id":"https:\/\/anchorallied.com\/fr\/product\/alu-glass-tape\/#primaryimage"},"image":{"@id":"https:\/\/anchorallied.com\/fr\/product\/alu-glass-tape\/#primaryimage"},"thumbnailUrl":"https:\/\/anchorallied.com\/fr\/wp-content\/uploads\/2025\/05\/Anc_0002_Alu-Glass_tape.jpg","datePublished":"2025-05-28T05:05:39+00:00","dateModified":"2025-07-27T15:43:32+00:00","breadcrumb":{"@id":"https:\/\/anchorallied.com\/fr\/product\/alu-glass-tape\/#breadcrumb"},"inLanguage":"en","potentialAction":[{"@type":"ReadAction","target":["https:\/\/anchorallied.com\/fr\/product\/alu-glass-tape\/"]}]},{"@type":"ImageObject","inLanguage":"en","@id":"https:\/\/anchorallied.com\/fr\/product\/alu-glass-tape\/#primaryimage","url":"https:\/\/anchorallied.com\/fr\/wp-content\/uploads\/2025\/05\/Anc_0002_Alu-Glass_tape.jpg","contentUrl":"https:\/\/anchorallied.com\/fr\/wp-content\/uploads\/2025\/05\/Anc_0002_Alu-Glass_tape.jpg","width":1200,"height":1200},{"@type":"BreadcrumbList","@id":"https:\/\/anchorallied.com\/fr\/product\/alu-glass-tape\/#breadcrumb","itemListElement":[{"@type":"ListItem","position":1,"name":"Home","item":"http:\/\/en.anchorallied.com\/fr\/"},{"@type":"ListItem","position":2,"name":"Shop","item":"https:\/\/en.anchorallied.com\/fr\/shop\/"},{"@type":"ListItem","position":3,"name":"RUBAN ALUMINIUM ET VERRE"}]},{"@type":"WebSite","@id":"https:\/\/anchorallied.com\/fr\/#website","url":"https:\/\/anchorallied.com\/fr\/","name":"anchoralliedfactory","description":"","potentialAction":[{"@type":"SearchAction","target":{"@type":"EntryPoint","urlTemplate":"https:\/\/anchorallied.com\/fr\/?s={search_term_string}"},"query-input":{"@type":"PropertyValueSpecification","valueRequired":true,"valueName":"search_term_string"}}],"inLanguage":"en"}]}},"_links":{"self":[{"href":"https:\/\/anchorallied.com\/fr\/wp-json\/wp\/v2\/product\/2980","targetHints":{"allow":["GET"]}}],"collection":[{"href":"https:\/\/anchorallied.com\/fr\/wp-json\/wp\/v2\/product"}],"about":[{"href":"https:\/\/anchorallied.com\/fr\/wp-json\/wp\/v2\/types\/product"}],"replies":[{"embeddable":true,"href":"https:\/\/anchorallied.com\/fr\/wp-json\/wp\/v2\/comments?post=2980"}],"wp:featuredmedia":[{"embeddable":true,"href":"https:\/\/anchorallied.com\/fr\/wp-json\/wp\/v2\/media\/3082"}],"wp:attachment":[{"href":"https:\/\/anchorallied.com\/fr\/wp-json\/wp\/v2\/media?parent=2980"}],"wp:term":[{"taxonomy":"product_brand","embeddable":true,"href":"https:\/\/anchorallied.com\/fr\/wp-json\/wp\/v2\/product_brand?post=2980"},{"taxonomy":"product_cat","embeddable":true,"href":"https:\/\/anchorallied.com\/fr\/wp-json\/wp\/v2\/product_cat?post=2980"},{"taxonomy":"product_tag","embeddable":true,"href":"https:\/\/anchorallied.com\/fr\/wp-json\/wp\/v2\/product_tag?post=2980"}],"curies":[{"name":"wp","href":"https:\/\/api.w.org\/{rel}","templated":true}]}}