{"id":2986,"date":"2025-05-28T05:17:04","date_gmt":"2025-05-28T05:17:04","guid":{"rendered":"http:\/\/anchorallied.com\/fr\/?post_type=product&#038;p=2986"},"modified":"2025-07-27T15:43:32","modified_gmt":"2025-07-27T15:43:32","slug":"pvc-pipe-wrapping-tape","status":"publish","type":"product","link":"https:\/\/anchorallied.com\/fr\/product\/pvc-pipe-wrapping-tape\/","title":{"rendered":"RUBAN D&#8217;ENVELOPPE DE TUYAU EN PVC"},"content":{"rendered":"<p>Ce ruban offre une excellente r\u00e9sistance \u00e0 l\u2019humidit\u00e9, des propri\u00e9t\u00e9s anticorrosion et une grande conformabilit\u00e9, ce qui le rend id\u00e9al pour la construction souterraine et la protection des tuyaux. Il adh\u00e8re solidement aux surfaces m\u00e9talliques et plastiques, formant un joint durable qui prot\u00e8ge contre la corrosion et les agressions environnementales. Sa structure flexible permet un enroulement \u00e9troit autour des formes et surfaces irr\u00e9guli\u00e8res, assurant une couverture compl\u00e8te et une fiabilit\u00e9 durable.<\/p>\n","protected":false},"excerpt":{"rendered":"<p>Le ruban d&#8217;emballage pour tuyaux en PVC ASMACO est un ruban de protection haute performance compos\u00e9 d&#8217;un film PVC plastifi\u00e9 stabilis\u00e9, enduit d&#8217;un adh\u00e9sif non corrosif et sensible \u00e0 la pression. Con\u00e7u pour les environnements exigeants, il assure un emballage s\u00fbr et durable des tuyaux.<\/p>\n","protected":false},"featured_media":3084,"comment_status":"open","ping_status":"closed","template":"","meta":{"_acf_changed":false},"product_brand":[],"product_cat":[179,186],"product_tag":[],"class_list":{"0":"post-2986","1":"product","2":"type-product","3":"status-publish","4":"has-post-thumbnail","6":"product_cat-rubans-adhesifs","7":"product_cat-rubans-isolants","9":"first","10":"instock","11":"shipping-taxable","12":"product-type-simple"},"acf":[],"yoast_head":"<!-- This site is optimized with the Yoast SEO plugin v27.3 - https:\/\/yoast.com\/product\/yoast-seo-wordpress\/ -->\n<title>RUBAN D&#039;ENVELOPPE DE TUYAU EN PVC - anchoralliedfactory<\/title>\n<meta name=\"robots\" content=\"index, follow, max-snippet:-1, max-image-preview:large, max-video-preview:-1\" \/>\n<link rel=\"canonical\" href=\"https:\/\/anchorallied.com\/fr\/product\/pvc-pipe-wrapping-tape\/\" \/>\n<meta property=\"og:locale\" content=\"en_US\" \/>\n<meta property=\"og:type\" content=\"article\" \/>\n<meta property=\"og:title\" content=\"RUBAN D&#039;ENVELOPPE DE TUYAU EN PVC - anchoralliedfactory\" \/>\n<meta property=\"og:description\" content=\"Le ruban d&#039;emballage pour tuyaux en PVC ASMACO est un ruban de protection haute performance compos\u00e9 d&#039;un film PVC plastifi\u00e9 stabilis\u00e9, enduit d&#039;un adh\u00e9sif non corrosif et sensible \u00e0 la pression. Con\u00e7u pour les environnements exigeants, il assure un emballage s\u00fbr et durable des tuyaux.\" \/>\n<meta property=\"og:url\" content=\"https:\/\/anchorallied.com\/fr\/product\/pvc-pipe-wrapping-tape\/\" \/>\n<meta property=\"og:site_name\" content=\"anchoralliedfactory\" \/>\n<meta property=\"article:modified_time\" content=\"2025-07-27T15:43:32+00:00\" \/>\n<meta property=\"og:image\" content=\"http:\/\/anchorallied.com\/fr\/wp-content\/uploads\/2025\/05\/Anc_0004_PVC_Wrap_Tape.jpg\" \/>\n\t<meta property=\"og:image:width\" content=\"1200\" \/>\n\t<meta property=\"og:image:height\" content=\"1200\" \/>\n\t<meta property=\"og:image:type\" content=\"image\/jpeg\" \/>\n<meta name=\"twitter:card\" content=\"summary_large_image\" \/>\n<script type=\"application\/ld+json\" class=\"yoast-schema-graph\">{\"@context\":\"https:\\\/\\\/schema.org\",\"@graph\":[{\"@type\":\"WebPage\",\"@id\":\"https:\\\/\\\/anchorallied.com\\\/fr\\\/product\\\/pvc-pipe-wrapping-tape\\\/\",\"url\":\"https:\\\/\\\/anchorallied.com\\\/fr\\\/product\\\/pvc-pipe-wrapping-tape\\\/\",\"name\":\"RUBAN D'ENVELOPPE DE TUYAU EN PVC - anchoralliedfactory\",\"isPartOf\":{\"@id\":\"https:\\\/\\\/anchorallied.com\\\/fr\\\/#website\"},\"primaryImageOfPage\":{\"@id\":\"https:\\\/\\\/anchorallied.com\\\/fr\\\/product\\\/pvc-pipe-wrapping-tape\\\/#primaryimage\"},\"image\":{\"@id\":\"https:\\\/\\\/anchorallied.com\\\/fr\\\/product\\\/pvc-pipe-wrapping-tape\\\/#primaryimage\"},\"thumbnailUrl\":\"https:\\\/\\\/anchorallied.com\\\/fr\\\/wp-content\\\/uploads\\\/2025\\\/05\\\/Anc_0004_PVC_Wrap_Tape.jpg\",\"datePublished\":\"2025-05-28T05:17:04+00:00\",\"dateModified\":\"2025-07-27T15:43:32+00:00\",\"breadcrumb\":{\"@id\":\"https:\\\/\\\/anchorallied.com\\\/fr\\\/product\\\/pvc-pipe-wrapping-tape\\\/#breadcrumb\"},\"inLanguage\":\"en\",\"potentialAction\":[{\"@type\":\"ReadAction\",\"target\":[\"https:\\\/\\\/anchorallied.com\\\/fr\\\/product\\\/pvc-pipe-wrapping-tape\\\/\"]}]},{\"@type\":\"ImageObject\",\"inLanguage\":\"en\",\"@id\":\"https:\\\/\\\/anchorallied.com\\\/fr\\\/product\\\/pvc-pipe-wrapping-tape\\\/#primaryimage\",\"url\":\"https:\\\/\\\/anchorallied.com\\\/fr\\\/wp-content\\\/uploads\\\/2025\\\/05\\\/Anc_0004_PVC_Wrap_Tape.jpg\",\"contentUrl\":\"https:\\\/\\\/anchorallied.com\\\/fr\\\/wp-content\\\/uploads\\\/2025\\\/05\\\/Anc_0004_PVC_Wrap_Tape.jpg\",\"width\":1200,\"height\":1200},{\"@type\":\"BreadcrumbList\",\"@id\":\"https:\\\/\\\/anchorallied.com\\\/fr\\\/product\\\/pvc-pipe-wrapping-tape\\\/#breadcrumb\",\"itemListElement\":[{\"@type\":\"ListItem\",\"position\":1,\"name\":\"Home\",\"item\":\"http:\\\/\\\/en.anchorallied.com\\\/fr\\\/\"},{\"@type\":\"ListItem\",\"position\":2,\"name\":\"Shop\",\"item\":\"https:\\\/\\\/en.anchorallied.com\\\/fr\\\/shop\\\/\"},{\"@type\":\"ListItem\",\"position\":3,\"name\":\"RUBAN D&#8217;ENVELOPPE DE TUYAU EN PVC\"}]},{\"@type\":\"WebSite\",\"@id\":\"https:\\\/\\\/anchorallied.com\\\/fr\\\/#website\",\"url\":\"https:\\\/\\\/anchorallied.com\\\/fr\\\/\",\"name\":\"anchoralliedfactory\",\"description\":\"\",\"potentialAction\":[{\"@type\":\"SearchAction\",\"target\":{\"@type\":\"EntryPoint\",\"urlTemplate\":\"https:\\\/\\\/anchorallied.com\\\/fr\\\/?s={search_term_string}\"},\"query-input\":{\"@type\":\"PropertyValueSpecification\",\"valueRequired\":true,\"valueName\":\"search_term_string\"}}],\"inLanguage\":\"en\"}]}<\/script>\n<!-- \/ Yoast SEO plugin. -->","yoast_head_json":{"title":"RUBAN D'ENVELOPPE DE TUYAU EN PVC - anchoralliedfactory","robots":{"index":"index","follow":"follow","max-snippet":"max-snippet:-1","max-image-preview":"max-image-preview:large","max-video-preview":"max-video-preview:-1"},"canonical":"https:\/\/anchorallied.com\/fr\/product\/pvc-pipe-wrapping-tape\/","og_locale":"en_US","og_type":"article","og_title":"RUBAN D'ENVELOPPE DE TUYAU EN PVC - anchoralliedfactory","og_description":"Le ruban d'emballage pour tuyaux en PVC ASMACO est un ruban de protection haute performance compos\u00e9 d'un film PVC plastifi\u00e9 stabilis\u00e9, enduit d'un adh\u00e9sif non corrosif et sensible \u00e0 la pression. Con\u00e7u pour les environnements exigeants, il assure un emballage s\u00fbr et durable des tuyaux.","og_url":"https:\/\/anchorallied.com\/fr\/product\/pvc-pipe-wrapping-tape\/","og_site_name":"anchoralliedfactory","article_modified_time":"2025-07-27T15:43:32+00:00","og_image":[{"width":1200,"height":1200,"url":"http:\/\/anchorallied.com\/fr\/wp-content\/uploads\/2025\/05\/Anc_0004_PVC_Wrap_Tape.jpg","type":"image\/jpeg"}],"twitter_card":"summary_large_image","schema":{"@context":"https:\/\/schema.org","@graph":[{"@type":"WebPage","@id":"https:\/\/anchorallied.com\/fr\/product\/pvc-pipe-wrapping-tape\/","url":"https:\/\/anchorallied.com\/fr\/product\/pvc-pipe-wrapping-tape\/","name":"RUBAN D'ENVELOPPE DE TUYAU EN PVC - anchoralliedfactory","isPartOf":{"@id":"https:\/\/anchorallied.com\/fr\/#website"},"primaryImageOfPage":{"@id":"https:\/\/anchorallied.com\/fr\/product\/pvc-pipe-wrapping-tape\/#primaryimage"},"image":{"@id":"https:\/\/anchorallied.com\/fr\/product\/pvc-pipe-wrapping-tape\/#primaryimage"},"thumbnailUrl":"https:\/\/anchorallied.com\/fr\/wp-content\/uploads\/2025\/05\/Anc_0004_PVC_Wrap_Tape.jpg","datePublished":"2025-05-28T05:17:04+00:00","dateModified":"2025-07-27T15:43:32+00:00","breadcrumb":{"@id":"https:\/\/anchorallied.com\/fr\/product\/pvc-pipe-wrapping-tape\/#breadcrumb"},"inLanguage":"en","potentialAction":[{"@type":"ReadAction","target":["https:\/\/anchorallied.com\/fr\/product\/pvc-pipe-wrapping-tape\/"]}]},{"@type":"ImageObject","inLanguage":"en","@id":"https:\/\/anchorallied.com\/fr\/product\/pvc-pipe-wrapping-tape\/#primaryimage","url":"https:\/\/anchorallied.com\/fr\/wp-content\/uploads\/2025\/05\/Anc_0004_PVC_Wrap_Tape.jpg","contentUrl":"https:\/\/anchorallied.com\/fr\/wp-content\/uploads\/2025\/05\/Anc_0004_PVC_Wrap_Tape.jpg","width":1200,"height":1200},{"@type":"BreadcrumbList","@id":"https:\/\/anchorallied.com\/fr\/product\/pvc-pipe-wrapping-tape\/#breadcrumb","itemListElement":[{"@type":"ListItem","position":1,"name":"Home","item":"http:\/\/en.anchorallied.com\/fr\/"},{"@type":"ListItem","position":2,"name":"Shop","item":"https:\/\/en.anchorallied.com\/fr\/shop\/"},{"@type":"ListItem","position":3,"name":"RUBAN D&#8217;ENVELOPPE DE TUYAU EN PVC"}]},{"@type":"WebSite","@id":"https:\/\/anchorallied.com\/fr\/#website","url":"https:\/\/anchorallied.com\/fr\/","name":"anchoralliedfactory","description":"","potentialAction":[{"@type":"SearchAction","target":{"@type":"EntryPoint","urlTemplate":"https:\/\/anchorallied.com\/fr\/?s={search_term_string}"},"query-input":{"@type":"PropertyValueSpecification","valueRequired":true,"valueName":"search_term_string"}}],"inLanguage":"en"}]}},"_links":{"self":[{"href":"https:\/\/anchorallied.com\/fr\/wp-json\/wp\/v2\/product\/2986","targetHints":{"allow":["GET"]}}],"collection":[{"href":"https:\/\/anchorallied.com\/fr\/wp-json\/wp\/v2\/product"}],"about":[{"href":"https:\/\/anchorallied.com\/fr\/wp-json\/wp\/v2\/types\/product"}],"replies":[{"embeddable":true,"href":"https:\/\/anchorallied.com\/fr\/wp-json\/wp\/v2\/comments?post=2986"}],"wp:featuredmedia":[{"embeddable":true,"href":"https:\/\/anchorallied.com\/fr\/wp-json\/wp\/v2\/media\/3084"}],"wp:attachment":[{"href":"https:\/\/anchorallied.com\/fr\/wp-json\/wp\/v2\/media?parent=2986"}],"wp:term":[{"taxonomy":"product_brand","embeddable":true,"href":"https:\/\/anchorallied.com\/fr\/wp-json\/wp\/v2\/product_brand?post=2986"},{"taxonomy":"product_cat","embeddable":true,"href":"https:\/\/anchorallied.com\/fr\/wp-json\/wp\/v2\/product_cat?post=2986"},{"taxonomy":"product_tag","embeddable":true,"href":"https:\/\/anchorallied.com\/fr\/wp-json\/wp\/v2\/product_tag?post=2986"}],"curies":[{"name":"wp","href":"https:\/\/api.w.org\/{rel}","templated":true}]}}