{"id":2998,"date":"2025-05-28T05:30:51","date_gmt":"2025-05-28T05:30:51","guid":{"rendered":"http:\/\/anchorallied.com\/fr\/?post_type=product&#038;p=2998"},"modified":"2025-07-27T15:43:33","modified_gmt":"2025-07-27T15:43:33","slug":"carpet-tape","status":"publish","type":"product","link":"https:\/\/anchorallied.com\/fr\/product\/carpet-tape\/","title":{"rendered":"RUBAN ADH\u00c9SIF POUR TAPIS"},"content":{"rendered":"<p>Ce ruban offre une excellente adh\u00e9rence et flexibilit\u00e9, garantissant une fixation stable sur diverses surfaces. Sa conception \u00e0 double adh\u00e9sif assure une prise fiable, tandis que son support en tissu apporte durabilit\u00e9 et r\u00e9sistance \u00e0 la d\u00e9chirure. Facile \u00e0 appliquer et \u00e0 retirer, il convient parfaitement aux installations de broderie, \u00e0 la pose de moquettes, ainsi qu\u2019\u00e0 d\u2019autres t\u00e2ches de montage g\u00e9n\u00e9ral.<\/p>\n","protected":false},"excerpt":{"rendered":"<p>Le ruban adh\u00e9sif double face pour moquette ASMACO est un ruban adh\u00e9sif haute performance compos\u00e9 d&#8217;un support en coton r\u00e9sistant, enduit d&#8217;un adh\u00e9sif puissant \u00e0 base de r\u00e9sine de caoutchouc sur les deux faces et prot\u00e9g\u00e9 par un papier cristal silicon\u00e9 marron. Il est id\u00e9al pour fixer solidement les moquettes et positionner le tissu lors de la broderie assist\u00e9e par ordinateur.<\/p>\n","protected":false},"featured_media":3086,"comment_status":"open","ping_status":"closed","template":"","meta":{"_acf_changed":false},"product_brand":[],"product_cat":[201,179],"product_tag":[],"class_list":{"0":"post-2998","1":"product","2":"type-product","3":"status-publish","4":"has-post-thumbnail","6":"product_cat-autres-rubans","7":"product_cat-rubans-adhesifs","9":"first","10":"instock","11":"shipping-taxable","12":"product-type-simple"},"acf":[],"yoast_head":"<!-- This site is optimized with the Yoast SEO plugin v27.3 - https:\/\/yoast.com\/product\/yoast-seo-wordpress\/ -->\n<title>RUBAN ADH\u00c9SIF POUR TAPIS - anchoralliedfactory<\/title>\n<meta name=\"robots\" content=\"index, follow, max-snippet:-1, max-image-preview:large, max-video-preview:-1\" \/>\n<link rel=\"canonical\" href=\"https:\/\/anchorallied.com\/fr\/product\/carpet-tape\/\" \/>\n<meta property=\"og:locale\" content=\"en_US\" \/>\n<meta property=\"og:type\" content=\"article\" \/>\n<meta property=\"og:title\" content=\"RUBAN ADH\u00c9SIF POUR TAPIS - anchoralliedfactory\" \/>\n<meta property=\"og:description\" content=\"Le ruban adh\u00e9sif double face pour moquette ASMACO est un ruban adh\u00e9sif haute performance compos\u00e9 d&#039;un support en coton r\u00e9sistant, enduit d&#039;un adh\u00e9sif puissant \u00e0 base de r\u00e9sine de caoutchouc sur les deux faces et prot\u00e9g\u00e9 par un papier cristal silicon\u00e9 marron. Il est id\u00e9al pour fixer solidement les moquettes et positionner le tissu lors de la broderie assist\u00e9e par ordinateur.\" \/>\n<meta property=\"og:url\" content=\"https:\/\/anchorallied.com\/fr\/product\/carpet-tape\/\" \/>\n<meta property=\"og:site_name\" content=\"anchoralliedfactory\" \/>\n<meta property=\"article:modified_time\" content=\"2025-07-27T15:43:33+00:00\" \/>\n<meta property=\"og:image\" content=\"https:\/\/anchorallied.com\/fr\/wp-content\/uploads\/2025\/05\/Anc_0009_Carpet-Tape.jpg\" \/>\n\t<meta property=\"og:image:width\" content=\"1200\" \/>\n\t<meta property=\"og:image:height\" content=\"1200\" \/>\n\t<meta property=\"og:image:type\" content=\"image\/jpeg\" \/>\n<meta name=\"twitter:card\" content=\"summary_large_image\" \/>\n<script type=\"application\/ld+json\" class=\"yoast-schema-graph\">{\"@context\":\"https:\\\/\\\/schema.org\",\"@graph\":[{\"@type\":\"WebPage\",\"@id\":\"https:\\\/\\\/anchorallied.com\\\/fr\\\/product\\\/carpet-tape\\\/\",\"url\":\"https:\\\/\\\/anchorallied.com\\\/fr\\\/product\\\/carpet-tape\\\/\",\"name\":\"RUBAN ADH\u00c9SIF POUR TAPIS - anchoralliedfactory\",\"isPartOf\":{\"@id\":\"https:\\\/\\\/anchorallied.com\\\/fr\\\/#website\"},\"primaryImageOfPage\":{\"@id\":\"https:\\\/\\\/anchorallied.com\\\/fr\\\/product\\\/carpet-tape\\\/#primaryimage\"},\"image\":{\"@id\":\"https:\\\/\\\/anchorallied.com\\\/fr\\\/product\\\/carpet-tape\\\/#primaryimage\"},\"thumbnailUrl\":\"https:\\\/\\\/anchorallied.com\\\/fr\\\/wp-content\\\/uploads\\\/2025\\\/05\\\/Anc_0009_Carpet-Tape.jpg\",\"datePublished\":\"2025-05-28T05:30:51+00:00\",\"dateModified\":\"2025-07-27T15:43:33+00:00\",\"breadcrumb\":{\"@id\":\"https:\\\/\\\/anchorallied.com\\\/fr\\\/product\\\/carpet-tape\\\/#breadcrumb\"},\"inLanguage\":\"en\",\"potentialAction\":[{\"@type\":\"ReadAction\",\"target\":[\"https:\\\/\\\/anchorallied.com\\\/fr\\\/product\\\/carpet-tape\\\/\"]}]},{\"@type\":\"ImageObject\",\"inLanguage\":\"en\",\"@id\":\"https:\\\/\\\/anchorallied.com\\\/fr\\\/product\\\/carpet-tape\\\/#primaryimage\",\"url\":\"https:\\\/\\\/anchorallied.com\\\/fr\\\/wp-content\\\/uploads\\\/2025\\\/05\\\/Anc_0009_Carpet-Tape.jpg\",\"contentUrl\":\"https:\\\/\\\/anchorallied.com\\\/fr\\\/wp-content\\\/uploads\\\/2025\\\/05\\\/Anc_0009_Carpet-Tape.jpg\",\"width\":1200,\"height\":1200},{\"@type\":\"BreadcrumbList\",\"@id\":\"https:\\\/\\\/anchorallied.com\\\/fr\\\/product\\\/carpet-tape\\\/#breadcrumb\",\"itemListElement\":[{\"@type\":\"ListItem\",\"position\":1,\"name\":\"Home\",\"item\":\"http:\\\/\\\/en.anchorallied.com\\\/fr\\\/\"},{\"@type\":\"ListItem\",\"position\":2,\"name\":\"Shop\",\"item\":\"https:\\\/\\\/en.anchorallied.com\\\/fr\\\/shop\\\/\"},{\"@type\":\"ListItem\",\"position\":3,\"name\":\"RUBAN ADH\u00c9SIF POUR TAPIS\"}]},{\"@type\":\"WebSite\",\"@id\":\"https:\\\/\\\/anchorallied.com\\\/fr\\\/#website\",\"url\":\"https:\\\/\\\/anchorallied.com\\\/fr\\\/\",\"name\":\"anchoralliedfactory\",\"description\":\"\",\"potentialAction\":[{\"@type\":\"SearchAction\",\"target\":{\"@type\":\"EntryPoint\",\"urlTemplate\":\"https:\\\/\\\/anchorallied.com\\\/fr\\\/?s={search_term_string}\"},\"query-input\":{\"@type\":\"PropertyValueSpecification\",\"valueRequired\":true,\"valueName\":\"search_term_string\"}}],\"inLanguage\":\"en\"}]}<\/script>\n<!-- \/ Yoast SEO plugin. -->","yoast_head_json":{"title":"RUBAN ADH\u00c9SIF POUR TAPIS - anchoralliedfactory","robots":{"index":"index","follow":"follow","max-snippet":"max-snippet:-1","max-image-preview":"max-image-preview:large","max-video-preview":"max-video-preview:-1"},"canonical":"https:\/\/anchorallied.com\/fr\/product\/carpet-tape\/","og_locale":"en_US","og_type":"article","og_title":"RUBAN ADH\u00c9SIF POUR TAPIS - anchoralliedfactory","og_description":"Le ruban adh\u00e9sif double face pour moquette ASMACO est un ruban adh\u00e9sif haute performance compos\u00e9 d'un support en coton r\u00e9sistant, enduit d'un adh\u00e9sif puissant \u00e0 base de r\u00e9sine de caoutchouc sur les deux faces et prot\u00e9g\u00e9 par un papier cristal silicon\u00e9 marron. Il est id\u00e9al pour fixer solidement les moquettes et positionner le tissu lors de la broderie assist\u00e9e par ordinateur.","og_url":"https:\/\/anchorallied.com\/fr\/product\/carpet-tape\/","og_site_name":"anchoralliedfactory","article_modified_time":"2025-07-27T15:43:33+00:00","og_image":[{"width":1200,"height":1200,"url":"https:\/\/anchorallied.com\/fr\/wp-content\/uploads\/2025\/05\/Anc_0009_Carpet-Tape.jpg","type":"image\/jpeg"}],"twitter_card":"summary_large_image","schema":{"@context":"https:\/\/schema.org","@graph":[{"@type":"WebPage","@id":"https:\/\/anchorallied.com\/fr\/product\/carpet-tape\/","url":"https:\/\/anchorallied.com\/fr\/product\/carpet-tape\/","name":"RUBAN ADH\u00c9SIF POUR TAPIS - anchoralliedfactory","isPartOf":{"@id":"https:\/\/anchorallied.com\/fr\/#website"},"primaryImageOfPage":{"@id":"https:\/\/anchorallied.com\/fr\/product\/carpet-tape\/#primaryimage"},"image":{"@id":"https:\/\/anchorallied.com\/fr\/product\/carpet-tape\/#primaryimage"},"thumbnailUrl":"https:\/\/anchorallied.com\/fr\/wp-content\/uploads\/2025\/05\/Anc_0009_Carpet-Tape.jpg","datePublished":"2025-05-28T05:30:51+00:00","dateModified":"2025-07-27T15:43:33+00:00","breadcrumb":{"@id":"https:\/\/anchorallied.com\/fr\/product\/carpet-tape\/#breadcrumb"},"inLanguage":"en","potentialAction":[{"@type":"ReadAction","target":["https:\/\/anchorallied.com\/fr\/product\/carpet-tape\/"]}]},{"@type":"ImageObject","inLanguage":"en","@id":"https:\/\/anchorallied.com\/fr\/product\/carpet-tape\/#primaryimage","url":"https:\/\/anchorallied.com\/fr\/wp-content\/uploads\/2025\/05\/Anc_0009_Carpet-Tape.jpg","contentUrl":"https:\/\/anchorallied.com\/fr\/wp-content\/uploads\/2025\/05\/Anc_0009_Carpet-Tape.jpg","width":1200,"height":1200},{"@type":"BreadcrumbList","@id":"https:\/\/anchorallied.com\/fr\/product\/carpet-tape\/#breadcrumb","itemListElement":[{"@type":"ListItem","position":1,"name":"Home","item":"http:\/\/en.anchorallied.com\/fr\/"},{"@type":"ListItem","position":2,"name":"Shop","item":"https:\/\/en.anchorallied.com\/fr\/shop\/"},{"@type":"ListItem","position":3,"name":"RUBAN ADH\u00c9SIF POUR TAPIS"}]},{"@type":"WebSite","@id":"https:\/\/anchorallied.com\/fr\/#website","url":"https:\/\/anchorallied.com\/fr\/","name":"anchoralliedfactory","description":"","potentialAction":[{"@type":"SearchAction","target":{"@type":"EntryPoint","urlTemplate":"https:\/\/anchorallied.com\/fr\/?s={search_term_string}"},"query-input":{"@type":"PropertyValueSpecification","valueRequired":true,"valueName":"search_term_string"}}],"inLanguage":"en"}]}},"_links":{"self":[{"href":"https:\/\/anchorallied.com\/fr\/wp-json\/wp\/v2\/product\/2998","targetHints":{"allow":["GET"]}}],"collection":[{"href":"https:\/\/anchorallied.com\/fr\/wp-json\/wp\/v2\/product"}],"about":[{"href":"https:\/\/anchorallied.com\/fr\/wp-json\/wp\/v2\/types\/product"}],"replies":[{"embeddable":true,"href":"https:\/\/anchorallied.com\/fr\/wp-json\/wp\/v2\/comments?post=2998"}],"wp:featuredmedia":[{"embeddable":true,"href":"https:\/\/anchorallied.com\/fr\/wp-json\/wp\/v2\/media\/3086"}],"wp:attachment":[{"href":"https:\/\/anchorallied.com\/fr\/wp-json\/wp\/v2\/media?parent=2998"}],"wp:term":[{"taxonomy":"product_brand","embeddable":true,"href":"https:\/\/anchorallied.com\/fr\/wp-json\/wp\/v2\/product_brand?post=2998"},{"taxonomy":"product_cat","embeddable":true,"href":"https:\/\/anchorallied.com\/fr\/wp-json\/wp\/v2\/product_cat?post=2998"},{"taxonomy":"product_tag","embeddable":true,"href":"https:\/\/anchorallied.com\/fr\/wp-json\/wp\/v2\/product_tag?post=2998"}],"curies":[{"name":"wp","href":"https:\/\/api.w.org\/{rel}","templated":true}]}}