{"id":3018,"date":"2025-05-28T05:50:07","date_gmt":"2025-05-28T05:50:07","guid":{"rendered":"http:\/\/anchorallied.com\/fr\/?post_type=product&#038;p=3018"},"modified":"2026-04-13T05:36:07","modified_gmt":"2026-04-13T05:36:07","slug":"epoxy-steel","status":"publish","type":"product","link":"https:\/\/anchorallied.com\/fr\/product\/epoxy-steel\/","title":{"rendered":"ACIER \u00c9POXY"},"content":{"rendered":"<p>Avec une dur\u00e9e de vie en pot de seulement 4 minutes, ASMACO Epoxy Steel polym\u00e9rise rapidement, atteignant 70 % de sa r\u00e9sistance adh\u00e9sive en une heure. Une fois compl\u00e8tement durci, il peut \u00eatre usin\u00e9 avec des outils standards, permettant des ajustements apr\u00e8s application. Cet adh\u00e9sif offre une excellente r\u00e9sistance \u00e0 l\u2019essence, \u00e0 l\u2019antigel et \u00e0 la plupart des solvants, garantissant des liaisons durables et chimiquement stables dans des environnements exigeants.<\/p>\n","protected":false},"excerpt":{"rendered":"<p>L&#8217;ASMACO Epoxy Steel est un adh\u00e9sif \u00e9poxy bicomposant \u00e0 durcissement rapide, sp\u00e9cialement formul\u00e9 pour le collage et la r\u00e9paration de composants m\u00e9talliques. Con\u00e7u comme une alternative fiable au soudage, il est id\u00e9al pour un large \u00e9ventail d&#8217;applications g\u00e9n\u00e9rales et de r\u00e9parations m\u00e9talliques.<\/p>\n","protected":false},"featured_media":3020,"comment_status":"open","ping_status":"closed","template":"","meta":{"_acf_changed":false},"product_brand":[],"product_cat":[142,200],"product_tag":[],"class_list":{"0":"post-3018","1":"product","2":"type-product","3":"status-publish","4":"has-post-thumbnail","6":"product_cat-mastics","7":"product_cat-mastics-joints-epoxy","9":"first","10":"instock","11":"shipping-taxable","12":"product-type-simple"},"acf":[],"yoast_head":"<!-- This site is optimized with the Yoast SEO plugin v27.3 - https:\/\/yoast.com\/product\/yoast-seo-wordpress\/ -->\n<title>ACIER \u00c9POXY - anchoralliedfactory<\/title>\n<meta name=\"robots\" content=\"index, follow, max-snippet:-1, max-image-preview:large, max-video-preview:-1\" \/>\n<link rel=\"canonical\" href=\"https:\/\/anchorallied.com\/fr\/product\/epoxy-steel\/\" \/>\n<meta property=\"og:locale\" content=\"en_US\" \/>\n<meta property=\"og:type\" content=\"article\" \/>\n<meta property=\"og:title\" content=\"ACIER \u00c9POXY - anchoralliedfactory\" \/>\n<meta property=\"og:description\" content=\"L&#039;ASMACO Epoxy Steel est un adh\u00e9sif \u00e9poxy bicomposant \u00e0 durcissement rapide, sp\u00e9cialement formul\u00e9 pour le collage et la r\u00e9paration de composants m\u00e9talliques. Con\u00e7u comme une alternative fiable au soudage, il est id\u00e9al pour un large \u00e9ventail d&#039;applications g\u00e9n\u00e9rales et de r\u00e9parations m\u00e9talliques.\" \/>\n<meta property=\"og:url\" content=\"https:\/\/anchorallied.com\/fr\/product\/epoxy-steel\/\" \/>\n<meta property=\"og:site_name\" content=\"anchoralliedfactory\" \/>\n<meta property=\"article:modified_time\" content=\"2026-04-13T05:36:07+00:00\" \/>\n<meta property=\"og:image\" content=\"http:\/\/anchorallied.com\/fr\/wp-content\/uploads\/2025\/05\/Anc__0016_Epoxy_Steel_New.jpg\" \/>\n\t<meta property=\"og:image:width\" content=\"1200\" \/>\n\t<meta property=\"og:image:height\" content=\"1200\" \/>\n\t<meta property=\"og:image:type\" content=\"image\/jpeg\" \/>\n<meta name=\"twitter:card\" content=\"summary_large_image\" \/>\n<meta name=\"twitter:label1\" content=\"Est. reading time\" \/>\n\t<meta name=\"twitter:data1\" content=\"4 minutes\" \/>\n<script type=\"application\/ld+json\" class=\"yoast-schema-graph\">{\"@context\":\"https:\\\/\\\/schema.org\",\"@graph\":[{\"@type\":\"WebPage\",\"@id\":\"https:\\\/\\\/anchorallied.com\\\/fr\\\/product\\\/epoxy-steel\\\/\",\"url\":\"https:\\\/\\\/anchorallied.com\\\/fr\\\/product\\\/epoxy-steel\\\/\",\"name\":\"ACIER \u00c9POXY - anchoralliedfactory\",\"isPartOf\":{\"@id\":\"https:\\\/\\\/anchorallied.com\\\/fr\\\/#website\"},\"primaryImageOfPage\":{\"@id\":\"https:\\\/\\\/anchorallied.com\\\/fr\\\/product\\\/epoxy-steel\\\/#primaryimage\"},\"image\":{\"@id\":\"https:\\\/\\\/anchorallied.com\\\/fr\\\/product\\\/epoxy-steel\\\/#primaryimage\"},\"thumbnailUrl\":\"https:\\\/\\\/anchorallied.com\\\/fr\\\/wp-content\\\/uploads\\\/2025\\\/05\\\/Anc__0016_Epoxy_Steel_New.jpg\",\"datePublished\":\"2025-05-28T05:50:07+00:00\",\"dateModified\":\"2026-04-13T05:36:07+00:00\",\"breadcrumb\":{\"@id\":\"https:\\\/\\\/anchorallied.com\\\/fr\\\/product\\\/epoxy-steel\\\/#breadcrumb\"},\"inLanguage\":\"en\",\"potentialAction\":[{\"@type\":\"ReadAction\",\"target\":[\"https:\\\/\\\/anchorallied.com\\\/fr\\\/product\\\/epoxy-steel\\\/\"]}]},{\"@type\":\"ImageObject\",\"inLanguage\":\"en\",\"@id\":\"https:\\\/\\\/anchorallied.com\\\/fr\\\/product\\\/epoxy-steel\\\/#primaryimage\",\"url\":\"https:\\\/\\\/anchorallied.com\\\/fr\\\/wp-content\\\/uploads\\\/2025\\\/05\\\/Anc__0016_Epoxy_Steel_New.jpg\",\"contentUrl\":\"https:\\\/\\\/anchorallied.com\\\/fr\\\/wp-content\\\/uploads\\\/2025\\\/05\\\/Anc__0016_Epoxy_Steel_New.jpg\",\"width\":1200,\"height\":1200},{\"@type\":\"BreadcrumbList\",\"@id\":\"https:\\\/\\\/anchorallied.com\\\/fr\\\/product\\\/epoxy-steel\\\/#breadcrumb\",\"itemListElement\":[{\"@type\":\"ListItem\",\"position\":1,\"name\":\"Home\",\"item\":\"http:\\\/\\\/en.anchorallied.com\\\/fr\\\/\"},{\"@type\":\"ListItem\",\"position\":2,\"name\":\"Shop\",\"item\":\"https:\\\/\\\/en.anchorallied.com\\\/fr\\\/shop\\\/\"},{\"@type\":\"ListItem\",\"position\":3,\"name\":\"ACIER \u00c9POXY\"}]},{\"@type\":\"WebSite\",\"@id\":\"https:\\\/\\\/anchorallied.com\\\/fr\\\/#website\",\"url\":\"https:\\\/\\\/anchorallied.com\\\/fr\\\/\",\"name\":\"anchoralliedfactory\",\"description\":\"\",\"potentialAction\":[{\"@type\":\"SearchAction\",\"target\":{\"@type\":\"EntryPoint\",\"urlTemplate\":\"https:\\\/\\\/anchorallied.com\\\/fr\\\/?s={search_term_string}\"},\"query-input\":{\"@type\":\"PropertyValueSpecification\",\"valueRequired\":true,\"valueName\":\"search_term_string\"}}],\"inLanguage\":\"en\"}]}<\/script>\n<!-- \/ Yoast SEO plugin. -->","yoast_head_json":{"title":"ACIER \u00c9POXY - anchoralliedfactory","robots":{"index":"index","follow":"follow","max-snippet":"max-snippet:-1","max-image-preview":"max-image-preview:large","max-video-preview":"max-video-preview:-1"},"canonical":"https:\/\/anchorallied.com\/fr\/product\/epoxy-steel\/","og_locale":"en_US","og_type":"article","og_title":"ACIER \u00c9POXY - anchoralliedfactory","og_description":"L'ASMACO Epoxy Steel est un adh\u00e9sif \u00e9poxy bicomposant \u00e0 durcissement rapide, sp\u00e9cialement formul\u00e9 pour le collage et la r\u00e9paration de composants m\u00e9talliques. Con\u00e7u comme une alternative fiable au soudage, il est id\u00e9al pour un large \u00e9ventail d'applications g\u00e9n\u00e9rales et de r\u00e9parations m\u00e9talliques.","og_url":"https:\/\/anchorallied.com\/fr\/product\/epoxy-steel\/","og_site_name":"anchoralliedfactory","article_modified_time":"2026-04-13T05:36:07+00:00","og_image":[{"width":1200,"height":1200,"url":"http:\/\/anchorallied.com\/fr\/wp-content\/uploads\/2025\/05\/Anc__0016_Epoxy_Steel_New.jpg","type":"image\/jpeg"}],"twitter_card":"summary_large_image","twitter_misc":{"Est. reading time":"4 minutes"},"schema":{"@context":"https:\/\/schema.org","@graph":[{"@type":"WebPage","@id":"https:\/\/anchorallied.com\/fr\/product\/epoxy-steel\/","url":"https:\/\/anchorallied.com\/fr\/product\/epoxy-steel\/","name":"ACIER \u00c9POXY - anchoralliedfactory","isPartOf":{"@id":"https:\/\/anchorallied.com\/fr\/#website"},"primaryImageOfPage":{"@id":"https:\/\/anchorallied.com\/fr\/product\/epoxy-steel\/#primaryimage"},"image":{"@id":"https:\/\/anchorallied.com\/fr\/product\/epoxy-steel\/#primaryimage"},"thumbnailUrl":"https:\/\/anchorallied.com\/fr\/wp-content\/uploads\/2025\/05\/Anc__0016_Epoxy_Steel_New.jpg","datePublished":"2025-05-28T05:50:07+00:00","dateModified":"2026-04-13T05:36:07+00:00","breadcrumb":{"@id":"https:\/\/anchorallied.com\/fr\/product\/epoxy-steel\/#breadcrumb"},"inLanguage":"en","potentialAction":[{"@type":"ReadAction","target":["https:\/\/anchorallied.com\/fr\/product\/epoxy-steel\/"]}]},{"@type":"ImageObject","inLanguage":"en","@id":"https:\/\/anchorallied.com\/fr\/product\/epoxy-steel\/#primaryimage","url":"https:\/\/anchorallied.com\/fr\/wp-content\/uploads\/2025\/05\/Anc__0016_Epoxy_Steel_New.jpg","contentUrl":"https:\/\/anchorallied.com\/fr\/wp-content\/uploads\/2025\/05\/Anc__0016_Epoxy_Steel_New.jpg","width":1200,"height":1200},{"@type":"BreadcrumbList","@id":"https:\/\/anchorallied.com\/fr\/product\/epoxy-steel\/#breadcrumb","itemListElement":[{"@type":"ListItem","position":1,"name":"Home","item":"http:\/\/en.anchorallied.com\/fr\/"},{"@type":"ListItem","position":2,"name":"Shop","item":"https:\/\/en.anchorallied.com\/fr\/shop\/"},{"@type":"ListItem","position":3,"name":"ACIER \u00c9POXY"}]},{"@type":"WebSite","@id":"https:\/\/anchorallied.com\/fr\/#website","url":"https:\/\/anchorallied.com\/fr\/","name":"anchoralliedfactory","description":"","potentialAction":[{"@type":"SearchAction","target":{"@type":"EntryPoint","urlTemplate":"https:\/\/anchorallied.com\/fr\/?s={search_term_string}"},"query-input":{"@type":"PropertyValueSpecification","valueRequired":true,"valueName":"search_term_string"}}],"inLanguage":"en"}]}},"_links":{"self":[{"href":"https:\/\/anchorallied.com\/fr\/wp-json\/wp\/v2\/product\/3018","targetHints":{"allow":["GET"]}}],"collection":[{"href":"https:\/\/anchorallied.com\/fr\/wp-json\/wp\/v2\/product"}],"about":[{"href":"https:\/\/anchorallied.com\/fr\/wp-json\/wp\/v2\/types\/product"}],"replies":[{"embeddable":true,"href":"https:\/\/anchorallied.com\/fr\/wp-json\/wp\/v2\/comments?post=3018"}],"wp:featuredmedia":[{"embeddable":true,"href":"https:\/\/anchorallied.com\/fr\/wp-json\/wp\/v2\/media\/3020"}],"wp:attachment":[{"href":"https:\/\/anchorallied.com\/fr\/wp-json\/wp\/v2\/media?parent=3018"}],"wp:term":[{"taxonomy":"product_brand","embeddable":true,"href":"https:\/\/anchorallied.com\/fr\/wp-json\/wp\/v2\/product_brand?post=3018"},{"taxonomy":"product_cat","embeddable":true,"href":"https:\/\/anchorallied.com\/fr\/wp-json\/wp\/v2\/product_cat?post=3018"},{"taxonomy":"product_tag","embeddable":true,"href":"https:\/\/anchorallied.com\/fr\/wp-json\/wp\/v2\/product_tag?post=3018"}],"curies":[{"name":"wp","href":"https:\/\/api.w.org\/{rel}","templated":true}]}}