{"id":3022,"date":"2025-05-28T05:53:49","date_gmt":"2025-05-28T05:53:49","guid":{"rendered":"http:\/\/anchorallied.com\/fr\/?post_type=product&#038;p=3022"},"modified":"2026-04-13T05:17:46","modified_gmt":"2026-04-13T05:17:46","slug":"rtv-gasket-maker","status":"publish","type":"product","link":"https:\/\/anchorallied.com\/fr\/product\/rtv-gasket-maker\/","title":{"rendered":"FABRICANT DE JOINTS RTV"},"content":{"rendered":"<p>Produit d\u2019\u00e9tanch\u00e9it\u00e9 RTV silicone ASMACO formul\u00e9 pour g\u00e9n\u00e9rer un joint \u00e9lastom\u00e8re haute performance, pr\u00e9sentant une r\u00e9sistance optimale au vieillissement climatique, aux rayonnements ultraviolets, ainsi qu\u2019aux amplitudes thermiques extr\u00eames, de \u201350 \u00b0C \u00e0 +300 \u00b0C. Sa formulation garantit une adh\u00e9sion sup\u00e9rieure sur une large vari\u00e9t\u00e9 de substrats, incluant les composants m\u00e9caniques critiques tels que les bo\u00eetes de vitesses, brides moteur, pompes \u00e0 eau et huile, radiateurs, diff\u00e9rentiels, ainsi que sur mat\u00e9riaux divers comme chaudi\u00e8res, chauffe-eau, bois, c\u00e9ramique et verre. Apr\u00e8s polym\u00e9risation, le joint conserve une \u00e9lasticit\u00e9 et une r\u00e9sistance m\u00e9canique \u00e9lev\u00e9es, assurant une \u00e9tanch\u00e9it\u00e9 durable et une isolation fiable dans des<\/p>\n","protected":false},"excerpt":{"rendered":"<p>ASMACO Silicone Gasket Maker est un mastic monocomposant pr\u00eat \u00e0 l&#8217;emploi, con\u00e7u pour la cr\u00e9ation de joints durables et moulables en place dans des environnements \u00e0 haute temp\u00e9rature. Il durcit en un caoutchouc de silicone r\u00e9sistant offrant d&#8217;excellentes performances d&#8217;\u00e9tanch\u00e9it\u00e9 pour diverses applications industrielles et automobiles.<\/p>\n","protected":false},"featured_media":3023,"comment_status":"open","ping_status":"closed","template":"","meta":{"_acf_changed":false},"product_brand":[],"product_cat":[142,200],"product_tag":[],"class_list":{"0":"post-3022","1":"product","2":"type-product","3":"status-publish","4":"has-post-thumbnail","6":"product_cat-mastics","7":"product_cat-mastics-joints-epoxy","9":"first","10":"instock","11":"shipping-taxable","12":"product-type-simple"},"acf":[],"yoast_head":"<!-- This site is optimized with the Yoast SEO plugin v27.3 - https:\/\/yoast.com\/product\/yoast-seo-wordpress\/ -->\n<title>FABRICANT DE JOINTS RTV - anchoralliedfactory<\/title>\n<meta name=\"robots\" content=\"index, follow, max-snippet:-1, max-image-preview:large, max-video-preview:-1\" \/>\n<link rel=\"canonical\" href=\"https:\/\/anchorallied.com\/fr\/product\/rtv-gasket-maker\/\" \/>\n<meta property=\"og:locale\" content=\"en_US\" \/>\n<meta property=\"og:type\" content=\"article\" \/>\n<meta property=\"og:title\" content=\"FABRICANT DE JOINTS RTV - anchoralliedfactory\" \/>\n<meta property=\"og:description\" content=\"ASMACO Silicone Gasket Maker est un mastic monocomposant pr\u00eat \u00e0 l&#039;emploi, con\u00e7u pour la cr\u00e9ation de joints durables et moulables en place dans des environnements \u00e0 haute temp\u00e9rature. Il durcit en un caoutchouc de silicone r\u00e9sistant offrant d&#039;excellentes performances d&#039;\u00e9tanch\u00e9it\u00e9 pour diverses applications industrielles et automobiles.\" \/>\n<meta property=\"og:url\" content=\"https:\/\/anchorallied.com\/fr\/product\/rtv-gasket-maker\/\" \/>\n<meta property=\"og:site_name\" content=\"anchoralliedfactory\" \/>\n<meta property=\"article:modified_time\" content=\"2026-04-13T05:17:46+00:00\" \/>\n<meta property=\"og:image\" content=\"http:\/\/anchorallied.com\/fr\/wp-content\/uploads\/2025\/05\/Anc__0010_NEW_gasket.jpg\" \/>\n\t<meta property=\"og:image:width\" content=\"1200\" \/>\n\t<meta property=\"og:image:height\" content=\"1200\" \/>\n\t<meta property=\"og:image:type\" content=\"image\/jpeg\" \/>\n<meta name=\"twitter:card\" content=\"summary_large_image\" \/>\n<meta name=\"twitter:label1\" content=\"Est. reading time\" \/>\n\t<meta name=\"twitter:data1\" content=\"1 minute\" \/>\n<script type=\"application\/ld+json\" class=\"yoast-schema-graph\">{\"@context\":\"https:\\\/\\\/schema.org\",\"@graph\":[{\"@type\":\"WebPage\",\"@id\":\"https:\\\/\\\/anchorallied.com\\\/fr\\\/product\\\/rtv-gasket-maker\\\/\",\"url\":\"https:\\\/\\\/anchorallied.com\\\/fr\\\/product\\\/rtv-gasket-maker\\\/\",\"name\":\"FABRICANT DE JOINTS RTV - anchoralliedfactory\",\"isPartOf\":{\"@id\":\"https:\\\/\\\/anchorallied.com\\\/fr\\\/#website\"},\"primaryImageOfPage\":{\"@id\":\"https:\\\/\\\/anchorallied.com\\\/fr\\\/product\\\/rtv-gasket-maker\\\/#primaryimage\"},\"image\":{\"@id\":\"https:\\\/\\\/anchorallied.com\\\/fr\\\/product\\\/rtv-gasket-maker\\\/#primaryimage\"},\"thumbnailUrl\":\"https:\\\/\\\/anchorallied.com\\\/fr\\\/wp-content\\\/uploads\\\/2025\\\/05\\\/Anc__0010_NEW_gasket.jpg\",\"datePublished\":\"2025-05-28T05:53:49+00:00\",\"dateModified\":\"2026-04-13T05:17:46+00:00\",\"breadcrumb\":{\"@id\":\"https:\\\/\\\/anchorallied.com\\\/fr\\\/product\\\/rtv-gasket-maker\\\/#breadcrumb\"},\"inLanguage\":\"en\",\"potentialAction\":[{\"@type\":\"ReadAction\",\"target\":[\"https:\\\/\\\/anchorallied.com\\\/fr\\\/product\\\/rtv-gasket-maker\\\/\"]}]},{\"@type\":\"ImageObject\",\"inLanguage\":\"en\",\"@id\":\"https:\\\/\\\/anchorallied.com\\\/fr\\\/product\\\/rtv-gasket-maker\\\/#primaryimage\",\"url\":\"https:\\\/\\\/anchorallied.com\\\/fr\\\/wp-content\\\/uploads\\\/2025\\\/05\\\/Anc__0010_NEW_gasket.jpg\",\"contentUrl\":\"https:\\\/\\\/anchorallied.com\\\/fr\\\/wp-content\\\/uploads\\\/2025\\\/05\\\/Anc__0010_NEW_gasket.jpg\",\"width\":1200,\"height\":1200},{\"@type\":\"BreadcrumbList\",\"@id\":\"https:\\\/\\\/anchorallied.com\\\/fr\\\/product\\\/rtv-gasket-maker\\\/#breadcrumb\",\"itemListElement\":[{\"@type\":\"ListItem\",\"position\":1,\"name\":\"Home\",\"item\":\"http:\\\/\\\/en.anchorallied.com\\\/fr\\\/\"},{\"@type\":\"ListItem\",\"position\":2,\"name\":\"Shop\",\"item\":\"https:\\\/\\\/en.anchorallied.com\\\/fr\\\/shop\\\/\"},{\"@type\":\"ListItem\",\"position\":3,\"name\":\"FABRICANT DE JOINTS RTV\"}]},{\"@type\":\"WebSite\",\"@id\":\"https:\\\/\\\/anchorallied.com\\\/fr\\\/#website\",\"url\":\"https:\\\/\\\/anchorallied.com\\\/fr\\\/\",\"name\":\"anchoralliedfactory\",\"description\":\"\",\"potentialAction\":[{\"@type\":\"SearchAction\",\"target\":{\"@type\":\"EntryPoint\",\"urlTemplate\":\"https:\\\/\\\/anchorallied.com\\\/fr\\\/?s={search_term_string}\"},\"query-input\":{\"@type\":\"PropertyValueSpecification\",\"valueRequired\":true,\"valueName\":\"search_term_string\"}}],\"inLanguage\":\"en\"}]}<\/script>\n<!-- \/ Yoast SEO plugin. -->","yoast_head_json":{"title":"FABRICANT DE JOINTS RTV - anchoralliedfactory","robots":{"index":"index","follow":"follow","max-snippet":"max-snippet:-1","max-image-preview":"max-image-preview:large","max-video-preview":"max-video-preview:-1"},"canonical":"https:\/\/anchorallied.com\/fr\/product\/rtv-gasket-maker\/","og_locale":"en_US","og_type":"article","og_title":"FABRICANT DE JOINTS RTV - anchoralliedfactory","og_description":"ASMACO Silicone Gasket Maker est un mastic monocomposant pr\u00eat \u00e0 l'emploi, con\u00e7u pour la cr\u00e9ation de joints durables et moulables en place dans des environnements \u00e0 haute temp\u00e9rature. Il durcit en un caoutchouc de silicone r\u00e9sistant offrant d'excellentes performances d'\u00e9tanch\u00e9it\u00e9 pour diverses applications industrielles et automobiles.","og_url":"https:\/\/anchorallied.com\/fr\/product\/rtv-gasket-maker\/","og_site_name":"anchoralliedfactory","article_modified_time":"2026-04-13T05:17:46+00:00","og_image":[{"width":1200,"height":1200,"url":"http:\/\/anchorallied.com\/fr\/wp-content\/uploads\/2025\/05\/Anc__0010_NEW_gasket.jpg","type":"image\/jpeg"}],"twitter_card":"summary_large_image","twitter_misc":{"Est. reading time":"1 minute"},"schema":{"@context":"https:\/\/schema.org","@graph":[{"@type":"WebPage","@id":"https:\/\/anchorallied.com\/fr\/product\/rtv-gasket-maker\/","url":"https:\/\/anchorallied.com\/fr\/product\/rtv-gasket-maker\/","name":"FABRICANT DE JOINTS RTV - anchoralliedfactory","isPartOf":{"@id":"https:\/\/anchorallied.com\/fr\/#website"},"primaryImageOfPage":{"@id":"https:\/\/anchorallied.com\/fr\/product\/rtv-gasket-maker\/#primaryimage"},"image":{"@id":"https:\/\/anchorallied.com\/fr\/product\/rtv-gasket-maker\/#primaryimage"},"thumbnailUrl":"https:\/\/anchorallied.com\/fr\/wp-content\/uploads\/2025\/05\/Anc__0010_NEW_gasket.jpg","datePublished":"2025-05-28T05:53:49+00:00","dateModified":"2026-04-13T05:17:46+00:00","breadcrumb":{"@id":"https:\/\/anchorallied.com\/fr\/product\/rtv-gasket-maker\/#breadcrumb"},"inLanguage":"en","potentialAction":[{"@type":"ReadAction","target":["https:\/\/anchorallied.com\/fr\/product\/rtv-gasket-maker\/"]}]},{"@type":"ImageObject","inLanguage":"en","@id":"https:\/\/anchorallied.com\/fr\/product\/rtv-gasket-maker\/#primaryimage","url":"https:\/\/anchorallied.com\/fr\/wp-content\/uploads\/2025\/05\/Anc__0010_NEW_gasket.jpg","contentUrl":"https:\/\/anchorallied.com\/fr\/wp-content\/uploads\/2025\/05\/Anc__0010_NEW_gasket.jpg","width":1200,"height":1200},{"@type":"BreadcrumbList","@id":"https:\/\/anchorallied.com\/fr\/product\/rtv-gasket-maker\/#breadcrumb","itemListElement":[{"@type":"ListItem","position":1,"name":"Home","item":"http:\/\/en.anchorallied.com\/fr\/"},{"@type":"ListItem","position":2,"name":"Shop","item":"https:\/\/en.anchorallied.com\/fr\/shop\/"},{"@type":"ListItem","position":3,"name":"FABRICANT DE JOINTS RTV"}]},{"@type":"WebSite","@id":"https:\/\/anchorallied.com\/fr\/#website","url":"https:\/\/anchorallied.com\/fr\/","name":"anchoralliedfactory","description":"","potentialAction":[{"@type":"SearchAction","target":{"@type":"EntryPoint","urlTemplate":"https:\/\/anchorallied.com\/fr\/?s={search_term_string}"},"query-input":{"@type":"PropertyValueSpecification","valueRequired":true,"valueName":"search_term_string"}}],"inLanguage":"en"}]}},"_links":{"self":[{"href":"https:\/\/anchorallied.com\/fr\/wp-json\/wp\/v2\/product\/3022","targetHints":{"allow":["GET"]}}],"collection":[{"href":"https:\/\/anchorallied.com\/fr\/wp-json\/wp\/v2\/product"}],"about":[{"href":"https:\/\/anchorallied.com\/fr\/wp-json\/wp\/v2\/types\/product"}],"replies":[{"embeddable":true,"href":"https:\/\/anchorallied.com\/fr\/wp-json\/wp\/v2\/comments?post=3022"}],"wp:featuredmedia":[{"embeddable":true,"href":"https:\/\/anchorallied.com\/fr\/wp-json\/wp\/v2\/media\/3023"}],"wp:attachment":[{"href":"https:\/\/anchorallied.com\/fr\/wp-json\/wp\/v2\/media?parent=3022"}],"wp:term":[{"taxonomy":"product_brand","embeddable":true,"href":"https:\/\/anchorallied.com\/fr\/wp-json\/wp\/v2\/product_brand?post=3022"},{"taxonomy":"product_cat","embeddable":true,"href":"https:\/\/anchorallied.com\/fr\/wp-json\/wp\/v2\/product_cat?post=3022"},{"taxonomy":"product_tag","embeddable":true,"href":"https:\/\/anchorallied.com\/fr\/wp-json\/wp\/v2\/product_tag?post=3022"}],"curies":[{"name":"wp","href":"https:\/\/api.w.org\/{rel}","templated":true}]}}