{"id":3196,"date":"2025-06-04T13:58:51","date_gmt":"2025-06-04T13:58:51","guid":{"rendered":"http:\/\/anchorallied.com\/fr\/?post_type=product&#038;p=3196"},"modified":"2026-04-13T05:53:57","modified_gmt":"2026-04-13T05:53:57","slug":"super-glue-single-pack-3g-tube","status":"publish","type":"product","link":"https:\/\/anchorallied.com\/fr\/product\/super-glue-single-pack-3g-tube\/","title":{"rendered":"SUPER GLUE PACK UNIQUE TUBE 3g"},"content":{"rendered":"<p>Cet adh\u00e9sif haute performance assure une prise plus rapide et une adh\u00e9rence sup\u00e9rieure par rapport aux colles instantan\u00e9es classiques. Sa formulation liquide agit efficacement sur surfaces poreuses et non poreuses, le rendant id\u00e9al pour des r\u00e9parations pr\u00e9cises et ajust\u00e9es. ASMACO Super Glue s\u00e8che en transparence, ne n\u00e9cessite pas de serrage et offre une excellente r\u00e9sistance \u00e0 l\u2019humidit\u00e9, \u00e0 la plupart des produits chimiques ainsi qu\u2019aux temp\u00e9ratures de gel. Solution efficace et sans bavure, elle garantit un collage durable de qualit\u00e9 professionnelle<\/p>\n","protected":false},"excerpt":{"rendered":"<p>La Super Glue ASMACO est une colle cyanoacrylate monocomposant con\u00e7ue pour un collage rapide et fiable dans une large gamme d&#8217;applications g\u00e9n\u00e9rales. Id\u00e9ale pour les r\u00e9parations rapides, notamment sur les pi\u00e8ces m\u00e9talliques, elle offre une r\u00e9sistance rapide en seulement 5 \u00e0 30 secondes.<\/p>\n","protected":false},"featured_media":3198,"comment_status":"open","ping_status":"closed","template":"","meta":{"_acf_changed":false},"product_brand":[],"product_cat":[148,189],"product_tag":[],"class_list":{"0":"post-3196","1":"product","2":"type-product","3":"status-publish","4":"has-post-thumbnail","6":"product_cat-adhesifs","7":"product_cat-super-glue","9":"first","10":"instock","11":"shipping-taxable","12":"product-type-simple"},"acf":[],"yoast_head":"<!-- This site is optimized with the Yoast SEO plugin v27.3 - https:\/\/yoast.com\/product\/yoast-seo-wordpress\/ -->\n<title>SUPER GLUE PACK UNIQUE TUBE 3g - anchoralliedfactory<\/title>\n<meta name=\"robots\" content=\"index, follow, max-snippet:-1, max-image-preview:large, max-video-preview:-1\" \/>\n<link rel=\"canonical\" href=\"https:\/\/anchorallied.com\/fr\/product\/super-glue-single-pack-3g-tube\/\" \/>\n<meta property=\"og:locale\" content=\"en_US\" \/>\n<meta property=\"og:type\" content=\"article\" \/>\n<meta property=\"og:title\" content=\"SUPER GLUE PACK UNIQUE TUBE 3g - anchoralliedfactory\" \/>\n<meta property=\"og:description\" content=\"La Super Glue ASMACO est une colle cyanoacrylate monocomposant con\u00e7ue pour un collage rapide et fiable dans une large gamme d&#039;applications g\u00e9n\u00e9rales. Id\u00e9ale pour les r\u00e9parations rapides, notamment sur les pi\u00e8ces m\u00e9talliques, elle offre une r\u00e9sistance rapide en seulement 5 \u00e0 30 secondes.\" \/>\n<meta property=\"og:url\" content=\"https:\/\/anchorallied.com\/fr\/product\/super-glue-single-pack-3g-tube\/\" \/>\n<meta property=\"og:site_name\" content=\"anchoralliedfactory\" \/>\n<meta property=\"article:modified_time\" content=\"2026-04-13T05:53:57+00:00\" \/>\n<meta property=\"og:image\" content=\"http:\/\/anchorallied.com\/fr\/wp-content\/uploads\/2025\/06\/Anc__0002_SUPER-GLUE-NEW.jpg\" \/>\n\t<meta property=\"og:image:width\" content=\"1200\" \/>\n\t<meta property=\"og:image:height\" content=\"1200\" \/>\n\t<meta property=\"og:image:type\" content=\"image\/jpeg\" \/>\n<meta name=\"twitter:card\" content=\"summary_large_image\" \/>\n<meta name=\"twitter:label1\" content=\"Est. reading time\" \/>\n\t<meta name=\"twitter:data1\" content=\"1 minute\" \/>\n<script type=\"application\/ld+json\" class=\"yoast-schema-graph\">{\"@context\":\"https:\\\/\\\/schema.org\",\"@graph\":[{\"@type\":\"WebPage\",\"@id\":\"https:\\\/\\\/anchorallied.com\\\/fr\\\/product\\\/super-glue-single-pack-3g-tube\\\/\",\"url\":\"https:\\\/\\\/anchorallied.com\\\/fr\\\/product\\\/super-glue-single-pack-3g-tube\\\/\",\"name\":\"SUPER GLUE PACK UNIQUE TUBE 3g - anchoralliedfactory\",\"isPartOf\":{\"@id\":\"https:\\\/\\\/anchorallied.com\\\/fr\\\/#website\"},\"primaryImageOfPage\":{\"@id\":\"https:\\\/\\\/anchorallied.com\\\/fr\\\/product\\\/super-glue-single-pack-3g-tube\\\/#primaryimage\"},\"image\":{\"@id\":\"https:\\\/\\\/anchorallied.com\\\/fr\\\/product\\\/super-glue-single-pack-3g-tube\\\/#primaryimage\"},\"thumbnailUrl\":\"https:\\\/\\\/anchorallied.com\\\/fr\\\/wp-content\\\/uploads\\\/2025\\\/06\\\/Anc__0002_SUPER-GLUE-NEW.jpg\",\"datePublished\":\"2025-06-04T13:58:51+00:00\",\"dateModified\":\"2026-04-13T05:53:57+00:00\",\"breadcrumb\":{\"@id\":\"https:\\\/\\\/anchorallied.com\\\/fr\\\/product\\\/super-glue-single-pack-3g-tube\\\/#breadcrumb\"},\"inLanguage\":\"en\",\"potentialAction\":[{\"@type\":\"ReadAction\",\"target\":[\"https:\\\/\\\/anchorallied.com\\\/fr\\\/product\\\/super-glue-single-pack-3g-tube\\\/\"]}]},{\"@type\":\"ImageObject\",\"inLanguage\":\"en\",\"@id\":\"https:\\\/\\\/anchorallied.com\\\/fr\\\/product\\\/super-glue-single-pack-3g-tube\\\/#primaryimage\",\"url\":\"https:\\\/\\\/anchorallied.com\\\/fr\\\/wp-content\\\/uploads\\\/2025\\\/06\\\/Anc__0002_SUPER-GLUE-NEW.jpg\",\"contentUrl\":\"https:\\\/\\\/anchorallied.com\\\/fr\\\/wp-content\\\/uploads\\\/2025\\\/06\\\/Anc__0002_SUPER-GLUE-NEW.jpg\",\"width\":1200,\"height\":1200},{\"@type\":\"BreadcrumbList\",\"@id\":\"https:\\\/\\\/anchorallied.com\\\/fr\\\/product\\\/super-glue-single-pack-3g-tube\\\/#breadcrumb\",\"itemListElement\":[{\"@type\":\"ListItem\",\"position\":1,\"name\":\"Home\",\"item\":\"http:\\\/\\\/en.anchorallied.com\\\/fr\\\/\"},{\"@type\":\"ListItem\",\"position\":2,\"name\":\"Shop\",\"item\":\"https:\\\/\\\/en.anchorallied.com\\\/fr\\\/shop\\\/\"},{\"@type\":\"ListItem\",\"position\":3,\"name\":\"SUPER GLUE PACK UNIQUE TUBE 3g\"}]},{\"@type\":\"WebSite\",\"@id\":\"https:\\\/\\\/anchorallied.com\\\/fr\\\/#website\",\"url\":\"https:\\\/\\\/anchorallied.com\\\/fr\\\/\",\"name\":\"anchoralliedfactory\",\"description\":\"\",\"potentialAction\":[{\"@type\":\"SearchAction\",\"target\":{\"@type\":\"EntryPoint\",\"urlTemplate\":\"https:\\\/\\\/anchorallied.com\\\/fr\\\/?s={search_term_string}\"},\"query-input\":{\"@type\":\"PropertyValueSpecification\",\"valueRequired\":true,\"valueName\":\"search_term_string\"}}],\"inLanguage\":\"en\"}]}<\/script>\n<!-- \/ Yoast SEO plugin. -->","yoast_head_json":{"title":"SUPER GLUE PACK UNIQUE TUBE 3g - anchoralliedfactory","robots":{"index":"index","follow":"follow","max-snippet":"max-snippet:-1","max-image-preview":"max-image-preview:large","max-video-preview":"max-video-preview:-1"},"canonical":"https:\/\/anchorallied.com\/fr\/product\/super-glue-single-pack-3g-tube\/","og_locale":"en_US","og_type":"article","og_title":"SUPER GLUE PACK UNIQUE TUBE 3g - anchoralliedfactory","og_description":"La Super Glue ASMACO est une colle cyanoacrylate monocomposant con\u00e7ue pour un collage rapide et fiable dans une large gamme d'applications g\u00e9n\u00e9rales. Id\u00e9ale pour les r\u00e9parations rapides, notamment sur les pi\u00e8ces m\u00e9talliques, elle offre une r\u00e9sistance rapide en seulement 5 \u00e0 30 secondes.","og_url":"https:\/\/anchorallied.com\/fr\/product\/super-glue-single-pack-3g-tube\/","og_site_name":"anchoralliedfactory","article_modified_time":"2026-04-13T05:53:57+00:00","og_image":[{"width":1200,"height":1200,"url":"http:\/\/anchorallied.com\/fr\/wp-content\/uploads\/2025\/06\/Anc__0002_SUPER-GLUE-NEW.jpg","type":"image\/jpeg"}],"twitter_card":"summary_large_image","twitter_misc":{"Est. reading time":"1 minute"},"schema":{"@context":"https:\/\/schema.org","@graph":[{"@type":"WebPage","@id":"https:\/\/anchorallied.com\/fr\/product\/super-glue-single-pack-3g-tube\/","url":"https:\/\/anchorallied.com\/fr\/product\/super-glue-single-pack-3g-tube\/","name":"SUPER GLUE PACK UNIQUE TUBE 3g - anchoralliedfactory","isPartOf":{"@id":"https:\/\/anchorallied.com\/fr\/#website"},"primaryImageOfPage":{"@id":"https:\/\/anchorallied.com\/fr\/product\/super-glue-single-pack-3g-tube\/#primaryimage"},"image":{"@id":"https:\/\/anchorallied.com\/fr\/product\/super-glue-single-pack-3g-tube\/#primaryimage"},"thumbnailUrl":"https:\/\/anchorallied.com\/fr\/wp-content\/uploads\/2025\/06\/Anc__0002_SUPER-GLUE-NEW.jpg","datePublished":"2025-06-04T13:58:51+00:00","dateModified":"2026-04-13T05:53:57+00:00","breadcrumb":{"@id":"https:\/\/anchorallied.com\/fr\/product\/super-glue-single-pack-3g-tube\/#breadcrumb"},"inLanguage":"en","potentialAction":[{"@type":"ReadAction","target":["https:\/\/anchorallied.com\/fr\/product\/super-glue-single-pack-3g-tube\/"]}]},{"@type":"ImageObject","inLanguage":"en","@id":"https:\/\/anchorallied.com\/fr\/product\/super-glue-single-pack-3g-tube\/#primaryimage","url":"https:\/\/anchorallied.com\/fr\/wp-content\/uploads\/2025\/06\/Anc__0002_SUPER-GLUE-NEW.jpg","contentUrl":"https:\/\/anchorallied.com\/fr\/wp-content\/uploads\/2025\/06\/Anc__0002_SUPER-GLUE-NEW.jpg","width":1200,"height":1200},{"@type":"BreadcrumbList","@id":"https:\/\/anchorallied.com\/fr\/product\/super-glue-single-pack-3g-tube\/#breadcrumb","itemListElement":[{"@type":"ListItem","position":1,"name":"Home","item":"http:\/\/en.anchorallied.com\/fr\/"},{"@type":"ListItem","position":2,"name":"Shop","item":"https:\/\/en.anchorallied.com\/fr\/shop\/"},{"@type":"ListItem","position":3,"name":"SUPER GLUE PACK UNIQUE TUBE 3g"}]},{"@type":"WebSite","@id":"https:\/\/anchorallied.com\/fr\/#website","url":"https:\/\/anchorallied.com\/fr\/","name":"anchoralliedfactory","description":"","potentialAction":[{"@type":"SearchAction","target":{"@type":"EntryPoint","urlTemplate":"https:\/\/anchorallied.com\/fr\/?s={search_term_string}"},"query-input":{"@type":"PropertyValueSpecification","valueRequired":true,"valueName":"search_term_string"}}],"inLanguage":"en"}]}},"_links":{"self":[{"href":"https:\/\/anchorallied.com\/fr\/wp-json\/wp\/v2\/product\/3196","targetHints":{"allow":["GET"]}}],"collection":[{"href":"https:\/\/anchorallied.com\/fr\/wp-json\/wp\/v2\/product"}],"about":[{"href":"https:\/\/anchorallied.com\/fr\/wp-json\/wp\/v2\/types\/product"}],"replies":[{"embeddable":true,"href":"https:\/\/anchorallied.com\/fr\/wp-json\/wp\/v2\/comments?post=3196"}],"wp:featuredmedia":[{"embeddable":true,"href":"https:\/\/anchorallied.com\/fr\/wp-json\/wp\/v2\/media\/3198"}],"wp:attachment":[{"href":"https:\/\/anchorallied.com\/fr\/wp-json\/wp\/v2\/media?parent=3196"}],"wp:term":[{"taxonomy":"product_brand","embeddable":true,"href":"https:\/\/anchorallied.com\/fr\/wp-json\/wp\/v2\/product_brand?post=3196"},{"taxonomy":"product_cat","embeddable":true,"href":"https:\/\/anchorallied.com\/fr\/wp-json\/wp\/v2\/product_cat?post=3196"},{"taxonomy":"product_tag","embeddable":true,"href":"https:\/\/anchorallied.com\/fr\/wp-json\/wp\/v2\/product_tag?post=3196"}],"curies":[{"name":"wp","href":"https:\/\/api.w.org\/{rel}","templated":true}]}}