{"id":3205,"date":"2025-06-04T14:14:59","date_gmt":"2025-06-04T14:14:59","guid":{"rendered":"http:\/\/anchorallied.com\/fr\/?post_type=product&#038;p=3205"},"modified":"2025-07-27T15:43:33","modified_gmt":"2025-07-27T15:43:33","slug":"asmaco-spray-paints","status":"publish","type":"product","link":"https:\/\/anchorallied.com\/fr\/product\/asmaco-spray-paints\/","title":{"rendered":"PEINTURES EN A\u00c9ROSOL ASMACO"},"content":{"rendered":"<p>Formul\u00e9es pour garantir une excellente adh\u00e9rence et une finition impeccable, les peintures en spray ASMACO offrent une couverture sup\u00e9rieure, un pouvoir couvrant optimal et une r\u00e9sistance accrue \u00e0 la corrosion. Id\u00e9ales pour les surfaces automobiles, les bicyclettes, les m\u00e9taux, les plastiques, le mobilier en bois, les stores et mat\u00e9riaux similaires, elles assurent un rendu durable et professionnel. Leur s\u00e9chage rapide les rend particuli\u00e8rement adapt\u00e9es tant aux retouches rapides qu\u2019aux travaux de peinture de plus grande envergure.<\/p>\n","protected":false},"excerpt":{"rendered":"<p>Les peintures en a\u00e9rosol ASMACO sont des peintures acryliques \u00e0 s\u00e9chage rapide, con\u00e7ues pour offrir un fini brillant et lisse sur une grande vari\u00e9t\u00e9 de surfaces. Adapt\u00e9es \u00e0 un usage int\u00e9rieur comme ext\u00e9rieur, ces peintures polyvalentes sont disponibles dans une large gamme de couleurs pour r\u00e9pondre \u00e0 divers besoins d\u00e9coratifs et fonctionnels.<\/p>\n","protected":false},"featured_media":3207,"comment_status":"open","ping_status":"closed","template":"","meta":{"_acf_changed":false},"product_brand":[],"product_cat":[15,161],"product_tag":[],"class_list":{"0":"post-3205","1":"product","2":"type-product","3":"status-publish","4":"has-post-thumbnail","6":"product_cat-aerosols","7":"product_cat-peintures-en-spray","9":"first","10":"instock","11":"shipping-taxable","12":"product-type-simple"},"acf":[],"yoast_head":"<!-- This site is optimized with the Yoast SEO plugin v27.3 - https:\/\/yoast.com\/product\/yoast-seo-wordpress\/ -->\n<title>PEINTURES EN A\u00c9ROSOL ASMACO - anchoralliedfactory<\/title>\n<meta name=\"robots\" content=\"index, follow, max-snippet:-1, max-image-preview:large, max-video-preview:-1\" \/>\n<link rel=\"canonical\" href=\"https:\/\/anchorallied.com\/fr\/product\/asmaco-spray-paints\/\" \/>\n<meta property=\"og:locale\" content=\"en_US\" \/>\n<meta property=\"og:type\" content=\"article\" \/>\n<meta property=\"og:title\" content=\"PEINTURES EN A\u00c9ROSOL ASMACO - anchoralliedfactory\" \/>\n<meta property=\"og:description\" content=\"Les peintures en a\u00e9rosol ASMACO sont des peintures acryliques \u00e0 s\u00e9chage rapide, con\u00e7ues pour offrir un fini brillant et lisse sur une grande vari\u00e9t\u00e9 de surfaces. Adapt\u00e9es \u00e0 un usage int\u00e9rieur comme ext\u00e9rieur, ces peintures polyvalentes sont disponibles dans une large gamme de couleurs pour r\u00e9pondre \u00e0 divers besoins d\u00e9coratifs et fonctionnels.\" \/>\n<meta property=\"og:url\" content=\"https:\/\/anchorallied.com\/fr\/product\/asmaco-spray-paints\/\" \/>\n<meta property=\"og:site_name\" content=\"anchoralliedfactory\" \/>\n<meta property=\"article:modified_time\" content=\"2025-07-27T15:43:33+00:00\" \/>\n<meta property=\"og:image\" content=\"https:\/\/anchorallied.com\/fr\/wp-content\/uploads\/2025\/06\/spray_0001_Spray_paint_new_mockup_NEW.jpg\" \/>\n\t<meta property=\"og:image:width\" content=\"1200\" \/>\n\t<meta property=\"og:image:height\" content=\"1200\" \/>\n\t<meta property=\"og:image:type\" content=\"image\/jpeg\" \/>\n<meta name=\"twitter:card\" content=\"summary_large_image\" \/>\n<script type=\"application\/ld+json\" class=\"yoast-schema-graph\">{\"@context\":\"https:\\\/\\\/schema.org\",\"@graph\":[{\"@type\":\"WebPage\",\"@id\":\"https:\\\/\\\/anchorallied.com\\\/fr\\\/product\\\/asmaco-spray-paints\\\/\",\"url\":\"https:\\\/\\\/anchorallied.com\\\/fr\\\/product\\\/asmaco-spray-paints\\\/\",\"name\":\"PEINTURES EN A\u00c9ROSOL ASMACO - anchoralliedfactory\",\"isPartOf\":{\"@id\":\"https:\\\/\\\/anchorallied.com\\\/fr\\\/#website\"},\"primaryImageOfPage\":{\"@id\":\"https:\\\/\\\/anchorallied.com\\\/fr\\\/product\\\/asmaco-spray-paints\\\/#primaryimage\"},\"image\":{\"@id\":\"https:\\\/\\\/anchorallied.com\\\/fr\\\/product\\\/asmaco-spray-paints\\\/#primaryimage\"},\"thumbnailUrl\":\"https:\\\/\\\/anchorallied.com\\\/fr\\\/wp-content\\\/uploads\\\/2025\\\/06\\\/spray_0001_Spray_paint_new_mockup_NEW.jpg\",\"datePublished\":\"2025-06-04T14:14:59+00:00\",\"dateModified\":\"2025-07-27T15:43:33+00:00\",\"breadcrumb\":{\"@id\":\"https:\\\/\\\/anchorallied.com\\\/fr\\\/product\\\/asmaco-spray-paints\\\/#breadcrumb\"},\"inLanguage\":\"en\",\"potentialAction\":[{\"@type\":\"ReadAction\",\"target\":[\"https:\\\/\\\/anchorallied.com\\\/fr\\\/product\\\/asmaco-spray-paints\\\/\"]}]},{\"@type\":\"ImageObject\",\"inLanguage\":\"en\",\"@id\":\"https:\\\/\\\/anchorallied.com\\\/fr\\\/product\\\/asmaco-spray-paints\\\/#primaryimage\",\"url\":\"https:\\\/\\\/anchorallied.com\\\/fr\\\/wp-content\\\/uploads\\\/2025\\\/06\\\/spray_0001_Spray_paint_new_mockup_NEW.jpg\",\"contentUrl\":\"https:\\\/\\\/anchorallied.com\\\/fr\\\/wp-content\\\/uploads\\\/2025\\\/06\\\/spray_0001_Spray_paint_new_mockup_NEW.jpg\",\"width\":1200,\"height\":1200},{\"@type\":\"BreadcrumbList\",\"@id\":\"https:\\\/\\\/anchorallied.com\\\/fr\\\/product\\\/asmaco-spray-paints\\\/#breadcrumb\",\"itemListElement\":[{\"@type\":\"ListItem\",\"position\":1,\"name\":\"Home\",\"item\":\"http:\\\/\\\/en.anchorallied.com\\\/fr\\\/\"},{\"@type\":\"ListItem\",\"position\":2,\"name\":\"Shop\",\"item\":\"https:\\\/\\\/en.anchorallied.com\\\/fr\\\/shop\\\/\"},{\"@type\":\"ListItem\",\"position\":3,\"name\":\"PEINTURES EN A\u00c9ROSOL ASMACO\"}]},{\"@type\":\"WebSite\",\"@id\":\"https:\\\/\\\/anchorallied.com\\\/fr\\\/#website\",\"url\":\"https:\\\/\\\/anchorallied.com\\\/fr\\\/\",\"name\":\"anchoralliedfactory\",\"description\":\"\",\"potentialAction\":[{\"@type\":\"SearchAction\",\"target\":{\"@type\":\"EntryPoint\",\"urlTemplate\":\"https:\\\/\\\/anchorallied.com\\\/fr\\\/?s={search_term_string}\"},\"query-input\":{\"@type\":\"PropertyValueSpecification\",\"valueRequired\":true,\"valueName\":\"search_term_string\"}}],\"inLanguage\":\"en\"}]}<\/script>\n<!-- \/ Yoast SEO plugin. -->","yoast_head_json":{"title":"PEINTURES EN A\u00c9ROSOL ASMACO - anchoralliedfactory","robots":{"index":"index","follow":"follow","max-snippet":"max-snippet:-1","max-image-preview":"max-image-preview:large","max-video-preview":"max-video-preview:-1"},"canonical":"https:\/\/anchorallied.com\/fr\/product\/asmaco-spray-paints\/","og_locale":"en_US","og_type":"article","og_title":"PEINTURES EN A\u00c9ROSOL ASMACO - anchoralliedfactory","og_description":"Les peintures en a\u00e9rosol ASMACO sont des peintures acryliques \u00e0 s\u00e9chage rapide, con\u00e7ues pour offrir un fini brillant et lisse sur une grande vari\u00e9t\u00e9 de surfaces. Adapt\u00e9es \u00e0 un usage int\u00e9rieur comme ext\u00e9rieur, ces peintures polyvalentes sont disponibles dans une large gamme de couleurs pour r\u00e9pondre \u00e0 divers besoins d\u00e9coratifs et fonctionnels.","og_url":"https:\/\/anchorallied.com\/fr\/product\/asmaco-spray-paints\/","og_site_name":"anchoralliedfactory","article_modified_time":"2025-07-27T15:43:33+00:00","og_image":[{"width":1200,"height":1200,"url":"https:\/\/anchorallied.com\/fr\/wp-content\/uploads\/2025\/06\/spray_0001_Spray_paint_new_mockup_NEW.jpg","type":"image\/jpeg"}],"twitter_card":"summary_large_image","schema":{"@context":"https:\/\/schema.org","@graph":[{"@type":"WebPage","@id":"https:\/\/anchorallied.com\/fr\/product\/asmaco-spray-paints\/","url":"https:\/\/anchorallied.com\/fr\/product\/asmaco-spray-paints\/","name":"PEINTURES EN A\u00c9ROSOL ASMACO - anchoralliedfactory","isPartOf":{"@id":"https:\/\/anchorallied.com\/fr\/#website"},"primaryImageOfPage":{"@id":"https:\/\/anchorallied.com\/fr\/product\/asmaco-spray-paints\/#primaryimage"},"image":{"@id":"https:\/\/anchorallied.com\/fr\/product\/asmaco-spray-paints\/#primaryimage"},"thumbnailUrl":"https:\/\/anchorallied.com\/fr\/wp-content\/uploads\/2025\/06\/spray_0001_Spray_paint_new_mockup_NEW.jpg","datePublished":"2025-06-04T14:14:59+00:00","dateModified":"2025-07-27T15:43:33+00:00","breadcrumb":{"@id":"https:\/\/anchorallied.com\/fr\/product\/asmaco-spray-paints\/#breadcrumb"},"inLanguage":"en","potentialAction":[{"@type":"ReadAction","target":["https:\/\/anchorallied.com\/fr\/product\/asmaco-spray-paints\/"]}]},{"@type":"ImageObject","inLanguage":"en","@id":"https:\/\/anchorallied.com\/fr\/product\/asmaco-spray-paints\/#primaryimage","url":"https:\/\/anchorallied.com\/fr\/wp-content\/uploads\/2025\/06\/spray_0001_Spray_paint_new_mockup_NEW.jpg","contentUrl":"https:\/\/anchorallied.com\/fr\/wp-content\/uploads\/2025\/06\/spray_0001_Spray_paint_new_mockup_NEW.jpg","width":1200,"height":1200},{"@type":"BreadcrumbList","@id":"https:\/\/anchorallied.com\/fr\/product\/asmaco-spray-paints\/#breadcrumb","itemListElement":[{"@type":"ListItem","position":1,"name":"Home","item":"http:\/\/en.anchorallied.com\/fr\/"},{"@type":"ListItem","position":2,"name":"Shop","item":"https:\/\/en.anchorallied.com\/fr\/shop\/"},{"@type":"ListItem","position":3,"name":"PEINTURES EN A\u00c9ROSOL ASMACO"}]},{"@type":"WebSite","@id":"https:\/\/anchorallied.com\/fr\/#website","url":"https:\/\/anchorallied.com\/fr\/","name":"anchoralliedfactory","description":"","potentialAction":[{"@type":"SearchAction","target":{"@type":"EntryPoint","urlTemplate":"https:\/\/anchorallied.com\/fr\/?s={search_term_string}"},"query-input":{"@type":"PropertyValueSpecification","valueRequired":true,"valueName":"search_term_string"}}],"inLanguage":"en"}]}},"_links":{"self":[{"href":"https:\/\/anchorallied.com\/fr\/wp-json\/wp\/v2\/product\/3205","targetHints":{"allow":["GET"]}}],"collection":[{"href":"https:\/\/anchorallied.com\/fr\/wp-json\/wp\/v2\/product"}],"about":[{"href":"https:\/\/anchorallied.com\/fr\/wp-json\/wp\/v2\/types\/product"}],"replies":[{"embeddable":true,"href":"https:\/\/anchorallied.com\/fr\/wp-json\/wp\/v2\/comments?post=3205"}],"wp:featuredmedia":[{"embeddable":true,"href":"https:\/\/anchorallied.com\/fr\/wp-json\/wp\/v2\/media\/3207"}],"wp:attachment":[{"href":"https:\/\/anchorallied.com\/fr\/wp-json\/wp\/v2\/media?parent=3205"}],"wp:term":[{"taxonomy":"product_brand","embeddable":true,"href":"https:\/\/anchorallied.com\/fr\/wp-json\/wp\/v2\/product_brand?post=3205"},{"taxonomy":"product_cat","embeddable":true,"href":"https:\/\/anchorallied.com\/fr\/wp-json\/wp\/v2\/product_cat?post=3205"},{"taxonomy":"product_tag","embeddable":true,"href":"https:\/\/anchorallied.com\/fr\/wp-json\/wp\/v2\/product_tag?post=3205"}],"curies":[{"name":"wp","href":"https:\/\/api.w.org\/{rel}","templated":true}]}}