{"id":3218,"date":"2025-06-04T14:52:46","date_gmt":"2025-06-04T14:52:46","guid":{"rendered":"http:\/\/anchorallied.com\/fr\/?post_type=product&#038;p=3218"},"modified":"2026-04-13T06:09:16","modified_gmt":"2026-04-13T06:09:16","slug":"asmaco-sticker-label-remover","status":"publish","type":"product","link":"https:\/\/anchorallied.com\/fr\/product\/asmaco-sticker-label-remover\/","title":{"rendered":"D\u00c9COLLETEUR D&#8217;AUTOCOLLANTS ET D&#8217;\u00c9TIQUETTES ASMACO"},"content":{"rendered":"<p>Cette formule sp\u00e9ciale offre une action puissante de d\u00e9collement, id\u00e9ale pour \u00e9liminer les \u00e9tiquettes prix, autocollants d\u2019adresse, \u00e9tiquettes produit ainsi que les r\u00e9sidus adh\u00e9sifs, y compris sur les pare-brise automobiles. Compatible avec la plupart des surfaces, elle r\u00e9duit consid\u00e9rablement les risques d\u2019endommagement lors du retrait. ASMACO Label Remover contribue \u00e0 minimiser les arr\u00eats de ligne en emp\u00eachant l\u2019accumulation d\u2019adh\u00e9sifs et l\u2019obstruction des \u00e9tiquettes. Soluble dans les solvants et insoluble dans l\u2019eau, il garantit un nettoyage rapide et efficace facilitant la restauration des surfaces sans r\u00e9sidus.<\/p>\n","protected":false},"excerpt":{"rendered":"<p>Le dissolvant d&#8217;autocollants et d&#8217;\u00e9tiquettes ASMACO est une formule puissante \u00e0 base de solvant, sp\u00e9cialement con\u00e7ue pour dissoudre et \u00e9liminer les \u00e9tiquettes papier, les r\u00e9sidus d&#8217;adh\u00e9sif et les restes d&#8217;autocollants sur diverses surfaces telles que le verre, le m\u00e9tal, le plastique, le bois et le papier aluminium. Il garantit un retrait propre et sans dommage, sans grattage agressif.<\/p>\n","protected":false},"featured_media":3220,"comment_status":"open","ping_status":"closed","template":"","meta":{"_acf_changed":false},"product_brand":[],"product_cat":[15,162],"product_tag":[],"class_list":{"0":"post-3218","1":"product","2":"type-product","3":"status-publish","4":"has-post-thumbnail","6":"product_cat-aerosols","7":"product_cat-polissage-et-nettoyants","9":"first","10":"instock","11":"shipping-taxable","12":"product-type-simple"},"acf":[],"yoast_head":"<!-- This site is optimized with the Yoast SEO plugin v27.3 - https:\/\/yoast.com\/product\/yoast-seo-wordpress\/ -->\n<title>D\u00c9COLLETEUR D&#039;AUTOCOLLANTS ET D&#039;\u00c9TIQUETTES ASMACO - anchoralliedfactory<\/title>\n<meta name=\"robots\" content=\"index, follow, max-snippet:-1, max-image-preview:large, max-video-preview:-1\" \/>\n<link rel=\"canonical\" href=\"https:\/\/anchorallied.com\/fr\/product\/asmaco-sticker-label-remover\/\" \/>\n<meta property=\"og:locale\" content=\"en_US\" \/>\n<meta property=\"og:type\" content=\"article\" \/>\n<meta property=\"og:title\" content=\"D\u00c9COLLETEUR D&#039;AUTOCOLLANTS ET D&#039;\u00c9TIQUETTES ASMACO - anchoralliedfactory\" \/>\n<meta property=\"og:description\" content=\"Le dissolvant d&#039;autocollants et d&#039;\u00e9tiquettes ASMACO est une formule puissante \u00e0 base de solvant, sp\u00e9cialement con\u00e7ue pour dissoudre et \u00e9liminer les \u00e9tiquettes papier, les r\u00e9sidus d&#039;adh\u00e9sif et les restes d&#039;autocollants sur diverses surfaces telles que le verre, le m\u00e9tal, le plastique, le bois et le papier aluminium. Il garantit un retrait propre et sans dommage, sans grattage agressif.\" \/>\n<meta property=\"og:url\" content=\"https:\/\/anchorallied.com\/fr\/product\/asmaco-sticker-label-remover\/\" \/>\n<meta property=\"og:site_name\" content=\"anchoralliedfactory\" \/>\n<meta property=\"article:modified_time\" content=\"2026-04-13T06:09:16+00:00\" \/>\n<meta property=\"og:image\" content=\"http:\/\/anchorallied.com\/fr\/wp-content\/uploads\/2025\/06\/cleaners_0003_Label-Remover.jpg\" \/>\n\t<meta property=\"og:image:width\" content=\"1200\" \/>\n\t<meta property=\"og:image:height\" content=\"1200\" \/>\n\t<meta property=\"og:image:type\" content=\"image\/jpeg\" \/>\n<meta name=\"twitter:card\" content=\"summary_large_image\" \/>\n<meta name=\"twitter:label1\" content=\"Est. reading time\" \/>\n\t<meta name=\"twitter:data1\" content=\"4 minutes\" \/>\n<script type=\"application\/ld+json\" class=\"yoast-schema-graph\">{\"@context\":\"https:\\\/\\\/schema.org\",\"@graph\":[{\"@type\":\"WebPage\",\"@id\":\"https:\\\/\\\/anchorallied.com\\\/fr\\\/product\\\/asmaco-sticker-label-remover\\\/\",\"url\":\"https:\\\/\\\/anchorallied.com\\\/fr\\\/product\\\/asmaco-sticker-label-remover\\\/\",\"name\":\"D\u00c9COLLETEUR D'AUTOCOLLANTS ET D'\u00c9TIQUETTES ASMACO - anchoralliedfactory\",\"isPartOf\":{\"@id\":\"https:\\\/\\\/anchorallied.com\\\/fr\\\/#website\"},\"primaryImageOfPage\":{\"@id\":\"https:\\\/\\\/anchorallied.com\\\/fr\\\/product\\\/asmaco-sticker-label-remover\\\/#primaryimage\"},\"image\":{\"@id\":\"https:\\\/\\\/anchorallied.com\\\/fr\\\/product\\\/asmaco-sticker-label-remover\\\/#primaryimage\"},\"thumbnailUrl\":\"https:\\\/\\\/anchorallied.com\\\/fr\\\/wp-content\\\/uploads\\\/2025\\\/06\\\/cleaners_0003_Label-Remover.jpg\",\"datePublished\":\"2025-06-04T14:52:46+00:00\",\"dateModified\":\"2026-04-13T06:09:16+00:00\",\"breadcrumb\":{\"@id\":\"https:\\\/\\\/anchorallied.com\\\/fr\\\/product\\\/asmaco-sticker-label-remover\\\/#breadcrumb\"},\"inLanguage\":\"en\",\"potentialAction\":[{\"@type\":\"ReadAction\",\"target\":[\"https:\\\/\\\/anchorallied.com\\\/fr\\\/product\\\/asmaco-sticker-label-remover\\\/\"]}]},{\"@type\":\"ImageObject\",\"inLanguage\":\"en\",\"@id\":\"https:\\\/\\\/anchorallied.com\\\/fr\\\/product\\\/asmaco-sticker-label-remover\\\/#primaryimage\",\"url\":\"https:\\\/\\\/anchorallied.com\\\/fr\\\/wp-content\\\/uploads\\\/2025\\\/06\\\/cleaners_0003_Label-Remover.jpg\",\"contentUrl\":\"https:\\\/\\\/anchorallied.com\\\/fr\\\/wp-content\\\/uploads\\\/2025\\\/06\\\/cleaners_0003_Label-Remover.jpg\",\"width\":1200,\"height\":1200},{\"@type\":\"BreadcrumbList\",\"@id\":\"https:\\\/\\\/anchorallied.com\\\/fr\\\/product\\\/asmaco-sticker-label-remover\\\/#breadcrumb\",\"itemListElement\":[{\"@type\":\"ListItem\",\"position\":1,\"name\":\"Home\",\"item\":\"http:\\\/\\\/en.anchorallied.com\\\/fr\\\/\"},{\"@type\":\"ListItem\",\"position\":2,\"name\":\"Shop\",\"item\":\"https:\\\/\\\/en.anchorallied.com\\\/fr\\\/shop\\\/\"},{\"@type\":\"ListItem\",\"position\":3,\"name\":\"D\u00c9COLLETEUR D&#8217;AUTOCOLLANTS ET D&#8217;\u00c9TIQUETTES ASMACO\"}]},{\"@type\":\"WebSite\",\"@id\":\"https:\\\/\\\/anchorallied.com\\\/fr\\\/#website\",\"url\":\"https:\\\/\\\/anchorallied.com\\\/fr\\\/\",\"name\":\"anchoralliedfactory\",\"description\":\"\",\"potentialAction\":[{\"@type\":\"SearchAction\",\"target\":{\"@type\":\"EntryPoint\",\"urlTemplate\":\"https:\\\/\\\/anchorallied.com\\\/fr\\\/?s={search_term_string}\"},\"query-input\":{\"@type\":\"PropertyValueSpecification\",\"valueRequired\":true,\"valueName\":\"search_term_string\"}}],\"inLanguage\":\"en\"}]}<\/script>\n<!-- \/ Yoast SEO plugin. -->","yoast_head_json":{"title":"D\u00c9COLLETEUR D'AUTOCOLLANTS ET D'\u00c9TIQUETTES ASMACO - anchoralliedfactory","robots":{"index":"index","follow":"follow","max-snippet":"max-snippet:-1","max-image-preview":"max-image-preview:large","max-video-preview":"max-video-preview:-1"},"canonical":"https:\/\/anchorallied.com\/fr\/product\/asmaco-sticker-label-remover\/","og_locale":"en_US","og_type":"article","og_title":"D\u00c9COLLETEUR D'AUTOCOLLANTS ET D'\u00c9TIQUETTES ASMACO - anchoralliedfactory","og_description":"Le dissolvant d'autocollants et d'\u00e9tiquettes ASMACO est une formule puissante \u00e0 base de solvant, sp\u00e9cialement con\u00e7ue pour dissoudre et \u00e9liminer les \u00e9tiquettes papier, les r\u00e9sidus d'adh\u00e9sif et les restes d'autocollants sur diverses surfaces telles que le verre, le m\u00e9tal, le plastique, le bois et le papier aluminium. Il garantit un retrait propre et sans dommage, sans grattage agressif.","og_url":"https:\/\/anchorallied.com\/fr\/product\/asmaco-sticker-label-remover\/","og_site_name":"anchoralliedfactory","article_modified_time":"2026-04-13T06:09:16+00:00","og_image":[{"width":1200,"height":1200,"url":"http:\/\/anchorallied.com\/fr\/wp-content\/uploads\/2025\/06\/cleaners_0003_Label-Remover.jpg","type":"image\/jpeg"}],"twitter_card":"summary_large_image","twitter_misc":{"Est. reading time":"4 minutes"},"schema":{"@context":"https:\/\/schema.org","@graph":[{"@type":"WebPage","@id":"https:\/\/anchorallied.com\/fr\/product\/asmaco-sticker-label-remover\/","url":"https:\/\/anchorallied.com\/fr\/product\/asmaco-sticker-label-remover\/","name":"D\u00c9COLLETEUR D'AUTOCOLLANTS ET D'\u00c9TIQUETTES ASMACO - anchoralliedfactory","isPartOf":{"@id":"https:\/\/anchorallied.com\/fr\/#website"},"primaryImageOfPage":{"@id":"https:\/\/anchorallied.com\/fr\/product\/asmaco-sticker-label-remover\/#primaryimage"},"image":{"@id":"https:\/\/anchorallied.com\/fr\/product\/asmaco-sticker-label-remover\/#primaryimage"},"thumbnailUrl":"https:\/\/anchorallied.com\/fr\/wp-content\/uploads\/2025\/06\/cleaners_0003_Label-Remover.jpg","datePublished":"2025-06-04T14:52:46+00:00","dateModified":"2026-04-13T06:09:16+00:00","breadcrumb":{"@id":"https:\/\/anchorallied.com\/fr\/product\/asmaco-sticker-label-remover\/#breadcrumb"},"inLanguage":"en","potentialAction":[{"@type":"ReadAction","target":["https:\/\/anchorallied.com\/fr\/product\/asmaco-sticker-label-remover\/"]}]},{"@type":"ImageObject","inLanguage":"en","@id":"https:\/\/anchorallied.com\/fr\/product\/asmaco-sticker-label-remover\/#primaryimage","url":"https:\/\/anchorallied.com\/fr\/wp-content\/uploads\/2025\/06\/cleaners_0003_Label-Remover.jpg","contentUrl":"https:\/\/anchorallied.com\/fr\/wp-content\/uploads\/2025\/06\/cleaners_0003_Label-Remover.jpg","width":1200,"height":1200},{"@type":"BreadcrumbList","@id":"https:\/\/anchorallied.com\/fr\/product\/asmaco-sticker-label-remover\/#breadcrumb","itemListElement":[{"@type":"ListItem","position":1,"name":"Home","item":"http:\/\/en.anchorallied.com\/fr\/"},{"@type":"ListItem","position":2,"name":"Shop","item":"https:\/\/en.anchorallied.com\/fr\/shop\/"},{"@type":"ListItem","position":3,"name":"D\u00c9COLLETEUR D&#8217;AUTOCOLLANTS ET D&#8217;\u00c9TIQUETTES ASMACO"}]},{"@type":"WebSite","@id":"https:\/\/anchorallied.com\/fr\/#website","url":"https:\/\/anchorallied.com\/fr\/","name":"anchoralliedfactory","description":"","potentialAction":[{"@type":"SearchAction","target":{"@type":"EntryPoint","urlTemplate":"https:\/\/anchorallied.com\/fr\/?s={search_term_string}"},"query-input":{"@type":"PropertyValueSpecification","valueRequired":true,"valueName":"search_term_string"}}],"inLanguage":"en"}]}},"_links":{"self":[{"href":"https:\/\/anchorallied.com\/fr\/wp-json\/wp\/v2\/product\/3218","targetHints":{"allow":["GET"]}}],"collection":[{"href":"https:\/\/anchorallied.com\/fr\/wp-json\/wp\/v2\/product"}],"about":[{"href":"https:\/\/anchorallied.com\/fr\/wp-json\/wp\/v2\/types\/product"}],"replies":[{"embeddable":true,"href":"https:\/\/anchorallied.com\/fr\/wp-json\/wp\/v2\/comments?post=3218"}],"wp:featuredmedia":[{"embeddable":true,"href":"https:\/\/anchorallied.com\/fr\/wp-json\/wp\/v2\/media\/3220"}],"wp:attachment":[{"href":"https:\/\/anchorallied.com\/fr\/wp-json\/wp\/v2\/media?parent=3218"}],"wp:term":[{"taxonomy":"product_brand","embeddable":true,"href":"https:\/\/anchorallied.com\/fr\/wp-json\/wp\/v2\/product_brand?post=3218"},{"taxonomy":"product_cat","embeddable":true,"href":"https:\/\/anchorallied.com\/fr\/wp-json\/wp\/v2\/product_cat?post=3218"},{"taxonomy":"product_tag","embeddable":true,"href":"https:\/\/anchorallied.com\/fr\/wp-json\/wp\/v2\/product_tag?post=3218"}],"curies":[{"name":"wp","href":"https:\/\/api.w.org\/{rel}","templated":true}]}}