{"id":3290,"date":"2025-06-04T18:29:08","date_gmt":"2025-06-04T18:29:08","guid":{"rendered":"http:\/\/anchorallied.com\/fr\/?post_type=product&#038;p=3290"},"modified":"2025-07-27T15:43:33","modified_gmt":"2025-07-27T15:43:33","slug":"anchorseal-963-gg","status":"publish","type":"product","link":"https:\/\/anchorallied.com\/fr\/product\/anchorseal-963-gg\/","title":{"rendered":"ANCHORSEAL 963 GG"},"content":{"rendered":"<p>Les mastics ANCHORSEAL 963 PG &#038; GG sont des syst\u00e8mes bicomposants qui, une fois m\u00e9lang\u00e9s, r\u00e9agissent chimiquement pour former un caoutchouc \u00e9lastique, r\u00e9silient et flexible. Ils offrent une excellente adh\u00e9rence sur le b\u00e9ton ainsi que sur d\u2019autres substrats couramment rencontr\u00e9s dans la construction. Leur souplesse permet au joint de s\u2019adapter aux mouvements et vibrations des mat\u00e9riaux sans fissuration ni perte d\u2019int\u00e9grit\u00e9. Ces mastics sont durables et r\u00e9sistants aux agressions environnementales, ce qui les rend parfaitement adapt\u00e9s aux joints et interstices n\u00e9cessitant une \u00e9tanch\u00e9it\u00e9 p\u00e9renne. Leur compatibilit\u00e9 avec divers mat\u00e9riaux et leur capacit\u00e9 \u00e0 former des joints \u00e9tanches en font une solution fiable pour les applications d\u2019\u00e9tanch\u00e9it\u00e9 int\u00e9rieure et ext\u00e9rieure.<\/p>\n","protected":false},"excerpt":{"rendered":"<p>Les mastics polysulfur\u00e9s ANCHORSEAL 963 PG et GG sont des mastics polysulfur\u00e9s bicomposants qui durcissent au m\u00e9lange, formant un joint en caoutchouc souple et durable. Ils offrent une forte adh\u00e9rence au b\u00e9ton et \u00e0 divers mat\u00e9riaux de construction courants, ce qui les rend adapt\u00e9s \u00e0 de nombreuses applications de construction.<\/p>\n","protected":false},"featured_media":3293,"comment_status":"open","ping_status":"closed","template":"","meta":{"_acf_changed":false},"product_brand":[],"product_cat":[203,139,151],"product_tag":[],"class_list":{"0":"post-3290","1":"product","2":"type-product","3":"status-publish","4":"has-post-thumbnail","6":"product_cat-assemblage-de-toit-chaud-asmaco","7":"product_cat-etancheite-et-revetements-de-sol","8":"product_cat-revetement-detancheite","10":"first","11":"instock","12":"shipping-taxable","13":"product-type-simple"},"acf":[],"yoast_head":"<!-- This site is optimized with the Yoast SEO plugin v27.3 - https:\/\/yoast.com\/product\/yoast-seo-wordpress\/ -->\n<title>ANCHORSEAL 963 GG - anchoralliedfactory<\/title>\n<meta name=\"robots\" content=\"index, follow, max-snippet:-1, max-image-preview:large, max-video-preview:-1\" \/>\n<link rel=\"canonical\" href=\"https:\/\/anchorallied.com\/fr\/product\/anchorseal-963-gg\/\" \/>\n<meta property=\"og:locale\" content=\"en_US\" \/>\n<meta property=\"og:type\" content=\"article\" \/>\n<meta property=\"og:title\" content=\"ANCHORSEAL 963 GG - anchoralliedfactory\" \/>\n<meta property=\"og:description\" content=\"Les mastics polysulfur\u00e9s ANCHORSEAL 963 PG et GG sont des mastics polysulfur\u00e9s bicomposants qui durcissent au m\u00e9lange, formant un joint en caoutchouc souple et durable. Ils offrent une forte adh\u00e9rence au b\u00e9ton et \u00e0 divers mat\u00e9riaux de construction courants, ce qui les rend adapt\u00e9s \u00e0 de nombreuses applications de construction.\" \/>\n<meta property=\"og:url\" content=\"https:\/\/anchorallied.com\/fr\/product\/anchorseal-963-gg\/\" \/>\n<meta property=\"og:site_name\" content=\"anchoralliedfactory\" \/>\n<meta property=\"article:modified_time\" content=\"2025-07-27T15:43:33+00:00\" \/>\n<meta property=\"og:image\" content=\"http:\/\/anchorallied.com\/fr\/wp-content\/uploads\/2025\/06\/Anc_0000_Anchorseal_GG.jpg\" \/>\n\t<meta property=\"og:image:width\" content=\"1200\" \/>\n\t<meta property=\"og:image:height\" content=\"1200\" \/>\n\t<meta property=\"og:image:type\" content=\"image\/jpeg\" \/>\n<meta name=\"twitter:card\" content=\"summary_large_image\" \/>\n<meta name=\"twitter:label1\" content=\"Est. reading time\" \/>\n\t<meta name=\"twitter:data1\" content=\"1 minute\" \/>\n<script type=\"application\/ld+json\" class=\"yoast-schema-graph\">{\"@context\":\"https:\\\/\\\/schema.org\",\"@graph\":[{\"@type\":\"WebPage\",\"@id\":\"https:\\\/\\\/anchorallied.com\\\/fr\\\/product\\\/anchorseal-963-gg\\\/\",\"url\":\"https:\\\/\\\/anchorallied.com\\\/fr\\\/product\\\/anchorseal-963-gg\\\/\",\"name\":\"ANCHORSEAL 963 GG - anchoralliedfactory\",\"isPartOf\":{\"@id\":\"https:\\\/\\\/anchorallied.com\\\/fr\\\/#website\"},\"primaryImageOfPage\":{\"@id\":\"https:\\\/\\\/anchorallied.com\\\/fr\\\/product\\\/anchorseal-963-gg\\\/#primaryimage\"},\"image\":{\"@id\":\"https:\\\/\\\/anchorallied.com\\\/fr\\\/product\\\/anchorseal-963-gg\\\/#primaryimage\"},\"thumbnailUrl\":\"https:\\\/\\\/anchorallied.com\\\/fr\\\/wp-content\\\/uploads\\\/2025\\\/06\\\/Anc_0000_Anchorseal_GG.jpg\",\"datePublished\":\"2025-06-04T18:29:08+00:00\",\"dateModified\":\"2025-07-27T15:43:33+00:00\",\"breadcrumb\":{\"@id\":\"https:\\\/\\\/anchorallied.com\\\/fr\\\/product\\\/anchorseal-963-gg\\\/#breadcrumb\"},\"inLanguage\":\"en\",\"potentialAction\":[{\"@type\":\"ReadAction\",\"target\":[\"https:\\\/\\\/anchorallied.com\\\/fr\\\/product\\\/anchorseal-963-gg\\\/\"]}]},{\"@type\":\"ImageObject\",\"inLanguage\":\"en\",\"@id\":\"https:\\\/\\\/anchorallied.com\\\/fr\\\/product\\\/anchorseal-963-gg\\\/#primaryimage\",\"url\":\"https:\\\/\\\/anchorallied.com\\\/fr\\\/wp-content\\\/uploads\\\/2025\\\/06\\\/Anc_0000_Anchorseal_GG.jpg\",\"contentUrl\":\"https:\\\/\\\/anchorallied.com\\\/fr\\\/wp-content\\\/uploads\\\/2025\\\/06\\\/Anc_0000_Anchorseal_GG.jpg\",\"width\":1200,\"height\":1200},{\"@type\":\"BreadcrumbList\",\"@id\":\"https:\\\/\\\/anchorallied.com\\\/fr\\\/product\\\/anchorseal-963-gg\\\/#breadcrumb\",\"itemListElement\":[{\"@type\":\"ListItem\",\"position\":1,\"name\":\"Home\",\"item\":\"http:\\\/\\\/en.anchorallied.com\\\/fr\\\/\"},{\"@type\":\"ListItem\",\"position\":2,\"name\":\"Shop\",\"item\":\"https:\\\/\\\/en.anchorallied.com\\\/fr\\\/shop\\\/\"},{\"@type\":\"ListItem\",\"position\":3,\"name\":\"ANCHORSEAL 963 GG\"}]},{\"@type\":\"WebSite\",\"@id\":\"https:\\\/\\\/anchorallied.com\\\/fr\\\/#website\",\"url\":\"https:\\\/\\\/anchorallied.com\\\/fr\\\/\",\"name\":\"anchoralliedfactory\",\"description\":\"\",\"potentialAction\":[{\"@type\":\"SearchAction\",\"target\":{\"@type\":\"EntryPoint\",\"urlTemplate\":\"https:\\\/\\\/anchorallied.com\\\/fr\\\/?s={search_term_string}\"},\"query-input\":{\"@type\":\"PropertyValueSpecification\",\"valueRequired\":true,\"valueName\":\"search_term_string\"}}],\"inLanguage\":\"en\"}]}<\/script>\n<!-- \/ Yoast SEO plugin. -->","yoast_head_json":{"title":"ANCHORSEAL 963 GG - anchoralliedfactory","robots":{"index":"index","follow":"follow","max-snippet":"max-snippet:-1","max-image-preview":"max-image-preview:large","max-video-preview":"max-video-preview:-1"},"canonical":"https:\/\/anchorallied.com\/fr\/product\/anchorseal-963-gg\/","og_locale":"en_US","og_type":"article","og_title":"ANCHORSEAL 963 GG - anchoralliedfactory","og_description":"Les mastics polysulfur\u00e9s ANCHORSEAL 963 PG et GG sont des mastics polysulfur\u00e9s bicomposants qui durcissent au m\u00e9lange, formant un joint en caoutchouc souple et durable. Ils offrent une forte adh\u00e9rence au b\u00e9ton et \u00e0 divers mat\u00e9riaux de construction courants, ce qui les rend adapt\u00e9s \u00e0 de nombreuses applications de construction.","og_url":"https:\/\/anchorallied.com\/fr\/product\/anchorseal-963-gg\/","og_site_name":"anchoralliedfactory","article_modified_time":"2025-07-27T15:43:33+00:00","og_image":[{"width":1200,"height":1200,"url":"http:\/\/anchorallied.com\/fr\/wp-content\/uploads\/2025\/06\/Anc_0000_Anchorseal_GG.jpg","type":"image\/jpeg"}],"twitter_card":"summary_large_image","twitter_misc":{"Est. reading time":"1 minute"},"schema":{"@context":"https:\/\/schema.org","@graph":[{"@type":"WebPage","@id":"https:\/\/anchorallied.com\/fr\/product\/anchorseal-963-gg\/","url":"https:\/\/anchorallied.com\/fr\/product\/anchorseal-963-gg\/","name":"ANCHORSEAL 963 GG - anchoralliedfactory","isPartOf":{"@id":"https:\/\/anchorallied.com\/fr\/#website"},"primaryImageOfPage":{"@id":"https:\/\/anchorallied.com\/fr\/product\/anchorseal-963-gg\/#primaryimage"},"image":{"@id":"https:\/\/anchorallied.com\/fr\/product\/anchorseal-963-gg\/#primaryimage"},"thumbnailUrl":"https:\/\/anchorallied.com\/fr\/wp-content\/uploads\/2025\/06\/Anc_0000_Anchorseal_GG.jpg","datePublished":"2025-06-04T18:29:08+00:00","dateModified":"2025-07-27T15:43:33+00:00","breadcrumb":{"@id":"https:\/\/anchorallied.com\/fr\/product\/anchorseal-963-gg\/#breadcrumb"},"inLanguage":"en","potentialAction":[{"@type":"ReadAction","target":["https:\/\/anchorallied.com\/fr\/product\/anchorseal-963-gg\/"]}]},{"@type":"ImageObject","inLanguage":"en","@id":"https:\/\/anchorallied.com\/fr\/product\/anchorseal-963-gg\/#primaryimage","url":"https:\/\/anchorallied.com\/fr\/wp-content\/uploads\/2025\/06\/Anc_0000_Anchorseal_GG.jpg","contentUrl":"https:\/\/anchorallied.com\/fr\/wp-content\/uploads\/2025\/06\/Anc_0000_Anchorseal_GG.jpg","width":1200,"height":1200},{"@type":"BreadcrumbList","@id":"https:\/\/anchorallied.com\/fr\/product\/anchorseal-963-gg\/#breadcrumb","itemListElement":[{"@type":"ListItem","position":1,"name":"Home","item":"http:\/\/en.anchorallied.com\/fr\/"},{"@type":"ListItem","position":2,"name":"Shop","item":"https:\/\/en.anchorallied.com\/fr\/shop\/"},{"@type":"ListItem","position":3,"name":"ANCHORSEAL 963 GG"}]},{"@type":"WebSite","@id":"https:\/\/anchorallied.com\/fr\/#website","url":"https:\/\/anchorallied.com\/fr\/","name":"anchoralliedfactory","description":"","potentialAction":[{"@type":"SearchAction","target":{"@type":"EntryPoint","urlTemplate":"https:\/\/anchorallied.com\/fr\/?s={search_term_string}"},"query-input":{"@type":"PropertyValueSpecification","valueRequired":true,"valueName":"search_term_string"}}],"inLanguage":"en"}]}},"_links":{"self":[{"href":"https:\/\/anchorallied.com\/fr\/wp-json\/wp\/v2\/product\/3290","targetHints":{"allow":["GET"]}}],"collection":[{"href":"https:\/\/anchorallied.com\/fr\/wp-json\/wp\/v2\/product"}],"about":[{"href":"https:\/\/anchorallied.com\/fr\/wp-json\/wp\/v2\/types\/product"}],"replies":[{"embeddable":true,"href":"https:\/\/anchorallied.com\/fr\/wp-json\/wp\/v2\/comments?post=3290"}],"wp:featuredmedia":[{"embeddable":true,"href":"https:\/\/anchorallied.com\/fr\/wp-json\/wp\/v2\/media\/3293"}],"wp:attachment":[{"href":"https:\/\/anchorallied.com\/fr\/wp-json\/wp\/v2\/media?parent=3290"}],"wp:term":[{"taxonomy":"product_brand","embeddable":true,"href":"https:\/\/anchorallied.com\/fr\/wp-json\/wp\/v2\/product_brand?post=3290"},{"taxonomy":"product_cat","embeddable":true,"href":"https:\/\/anchorallied.com\/fr\/wp-json\/wp\/v2\/product_cat?post=3290"},{"taxonomy":"product_tag","embeddable":true,"href":"https:\/\/anchorallied.com\/fr\/wp-json\/wp\/v2\/product_tag?post=3290"}],"curies":[{"name":"wp","href":"https:\/\/api.w.org\/{rel}","templated":true}]}}